{"id":361,"date":"2025-10-21T00:56:00","date_gmt":"2025-10-21T03:56:00","guid":{"rendered":"https:\/\/inkuma.com.br\/?page_id=361"},"modified":"2026-02-20T16:16:57","modified_gmt":"2026-02-20T19:16:57","slug":"quem-somos","status":"publish","type":"page","link":"https:\/\/inkuma.com.br\/es\/quem-somos\/","title":{"rendered":"Qui\u00e9nes Somos"},"content":{"rendered":"<div data-elementor-type=\"wp-page\" data-elementor-id=\"361\" class=\"elementor elementor-361\" data-elementor-settings=\"{&quot;ha_cmc_init_switcher&quot;:&quot;no&quot;}\" data-elementor-post-type=\"page\">\n\t\t\t\t<div class=\"elementor-element elementor-element-7f2fdcd e-flex e-con-boxed e-con e-parent\" data-id=\"7f2fdcd\" data-element_type=\"container\" data-e-type=\"container\" data-settings=\"{&quot;_ha_eqh_enable&quot;:false}\">\n\t\t\t\t\t<div class=\"e-con-inner\">\n\t\t\t\t<div class=\"elementor-element elementor-element-e30f613 elementor-widget elementor-widget-heading\" data-id=\"e30f613\" data-element_type=\"widget\" data-e-type=\"widget\" data-widget_type=\"heading.default\">\n\t\t\t\t\t<p class=\"elementor-heading-title elementor-size-default\">Qui\u00e9nes Somos<\/p>\t\t\t\t<\/div>\n\t\t\t\t\t<\/div>\n\t\t\t\t<\/div>\n\t\t<div class=\"elementor-element elementor-element-615014e e-flex e-con-boxed e-con e-parent\" data-id=\"615014e\" data-element_type=\"container\" data-e-type=\"container\" data-settings=\"{&quot;_ha_eqh_enable&quot;:false}\">\n\t\t\t\t\t<div class=\"e-con-inner\">\n\t\t<div class=\"elementor-element elementor-element-e6c4ef2 e-con-full e-flex e-con e-child\" data-id=\"e6c4ef2\" data-element_type=\"container\" data-e-type=\"container\" data-settings=\"{&quot;_ha_eqh_enable&quot;:false}\">\n\t\t\t\t<div class=\"elementor-element elementor-element-fdc4a31 elementor-widget elementor-widget-text-editor\" data-id=\"fdc4a31\" data-element_type=\"widget\" data-e-type=\"widget\" data-widget_type=\"text-editor.default\">\n\t\t\t\t\t\t\t\t\t<p style=\"text-align: left;\">O <b>Studio Inkuma<\/b> naci\u00f3 del deseo de transformar la literatura queer adulta, llevando cuerpos gordos, negros, trans y fuera de la norma al centro de las narrativas como protagonistas.<\/p><p style=\"text-align: left;\">Nuestra misi\u00f3n es promover obras en las que la sensualidad, el poder y el deseo caminan de la mano con la representatividad, con un enfoque claro en la comunidad <em>queer<\/em>.<\/p><p style=\"text-align: left;\" class=\"translation-block\">El proyecto fue ideado por el artista y escritor <b>Marco ByM<\/b>, reconocido por poner en valor cuerpos gordos y fuera del est\u00e1ndar, sac\u00e1ndolos del rol de personajes secundarios o alivio c\u00f3mico para convertirlos en protagonistas con fuerza y sensualidad. Con la llegada del argentino <b>Franco Pastura<\/b>, periodista, escritor y militante por la diversidad sexual, quien form\u00f3 parte del <b>Club Osos de Buenos Aires<\/b>, <b>Studio Inkuma<\/b> gana cuerpo y prop\u00f3sito, consolid\u00e1ndose como una editorial comprometida con la diversidad y la potencia de estas narrativas.<\/p><p style=\"text-align: left;\">O nome <strong>Inkuma<\/strong> une dois universos: <em><strong>\u201cink\u201d<\/strong><\/em> (nanquim em ingl\u00eas, mat\u00e9ria-prima da arte) e <em><strong>\u201ckuma\u201d<\/strong><\/em> (urso em japon\u00eas, inspirado no movimento gay de mesmo nome e s\u00edmbolo de for\u00e7a e acolhimento).<\/p>\t\t\t\t\t\t\t\t<\/div>\n\t\t\t\t<\/div>\n\t\t<div class=\"elementor-element elementor-element-8789ae0 e-con-full e-flex e-con e-child\" data-id=\"8789ae0\" data-element_type=\"container\" data-e-type=\"container\" data-settings=\"{&quot;_ha_eqh_enable&quot;:false}\">\n\t\t\t\t<div class=\"elementor-element elementor-element-0d46c78 elementor-widget elementor-widget-image\" data-id=\"0d46c78\" data-element_type=\"widget\" data-e-type=\"widget\" data-widget_type=\"image.default\">\n\t\t\t\t\t\t\t\t\t\t\t\t\t\t\t<img fetchpriority=\"high\" decoding=\"async\" width=\"252\" height=\"300\" src=\"https:\/\/inkuma.com.br\/wp-content\/uploads\/2025\/10\/logo_inkuma-252x300.webp\" class=\"attachment-medium size-medium wp-image-538\" alt=\"\" srcset=\"https:\/\/inkuma.com.br\/wp-content\/uploads\/2025\/10\/logo_inkuma-252x300.webp 252w, https:\/\/inkuma.com.br\/wp-content\/uploads\/2025\/10\/logo_inkuma-860x1024.webp 860w, https:\/\/inkuma.com.br\/wp-content\/uploads\/2025\/10\/logo_inkuma-768x914.webp 768w, https:\/\/inkuma.com.br\/wp-content\/uploads\/2025\/10\/logo_inkuma-600x714.webp 600w, https:\/\/inkuma.com.br\/wp-content\/uploads\/2025\/10\/logo_inkuma.webp 1008w\" sizes=\"(max-width: 252px) 100vw, 252px\" \/>\t\t\t\t\t\t\t\t\t\t\t\t\t\t\t<\/div>\n\t\t\t\t<\/div>\n\t\t\t\t\t<\/div>\n\t\t\t\t<\/div>\n\t\t\t\t<\/div>","protected":false},"excerpt":{"rendered":"<p>Quem Somos O Studio Inkuma surgiu da vontade de transformar a literatura queer adulta, trazendo corpos gordos, negros, trans e fora do padr\u00e3o como protagonistas das narrativas. Nossa miss\u00e3o \u00e9 promover obras em que sensualidade, poder e desejo caminham juntos com representatividade, focado na comunidade queer. O projeto foi idealizado pelo artista e escritor Marco [&hellip;]<\/p>\n","protected":false},"author":1,"featured_media":0,"parent":0,"menu_order":0,"comment_status":"closed","ping_status":"closed","template":"","meta":{"inline_featured_image":false,"footnotes":""},"class_list":["post-361","page","type-page","status-publish","hentry"],"yoast_head":"<!-- This site is optimized with the Yoast SEO plugin v27.4 - https:\/\/yoast.com\/product\/yoast-seo-wordpress\/ -->\r\n<title>Inkuma | Editora de Quadrinhos e RPG Queer no Brasil<\/title>\r\n<meta name=\"description\" content=\"Somos uma editora queer no Brasil que publica quadrinhos, livros e RPGs autorais com foco em diversidade, afetos e narrativas fora do padr\u00e3o.\" \/>\r\n<meta name=\"robots\" content=\"index, follow, max-snippet:-1, max-image-preview:large, max-video-preview:-1\" \/>\r\n<link rel=\"canonical\" href=\"https:\/\/inkuma.com.br\/es\/quem-somos\/\" \/>\r\n<meta property=\"og:locale\" content=\"es_ES\" \/>\r\n<meta property=\"og:type\" content=\"article\" \/>\r\n<meta property=\"og:title\" content=\"Quem Somos\" \/>\r\n<meta property=\"og:description\" content=\"A Inkuma \u00e9 uma editora independente de quadrinhos e RPG queer no Brasil, dedicada \u00e0 diversidade, representatividade e hist\u00f3rias autorais.\" \/>\r\n<meta property=\"og:url\" content=\"https:\/\/inkuma.com.br\/es\/quem-somos\/\" \/>\r\n<meta property=\"og:site_name\" content=\"Studio Inkuma\" \/>\r\n<meta property=\"article:publisher\" content=\"https:\/\/www.facebook.com\/studioinkuma\" \/>\r\n<meta property=\"article:modified_time\" content=\"2026-02-20T19:16:57+00:00\" \/>\r\n<meta property=\"og:image\" content=\"https:\/\/inkuma.com.br\/wp-content\/uploads\/2025\/10\/post001_header.webp\" \/>\r\n\t<meta property=\"og:image:width\" content=\"1200\" \/>\r\n\t<meta property=\"og:image:height\" content=\"800\" \/>\r\n\t<meta property=\"og:image:type\" content=\"image\/webp\" \/>\r\n<meta name=\"twitter:card\" content=\"summary_large_image\" \/>\r\n<meta name=\"twitter:site\" content=\"@InkumaStudio\" \/>\r\n<meta name=\"twitter:label1\" content=\"Tiempo de lectura\" \/>\n\t<meta name=\"twitter:data1\" content=\"2 minutos\" \/>\r\n<script type=\"application\/ld+json\" class=\"yoast-schema-graph\">{\"@context\":\"https:\\\/\\\/schema.org\",\"@graph\":[{\"@type\":\"WebPage\",\"@id\":\"https:\\\/\\\/inkuma.com.br\\\/quem-somos\\\/\",\"url\":\"https:\\\/\\\/inkuma.com.br\\\/quem-somos\\\/\",\"name\":\"Inkuma | Editora de Quadrinhos e RPG Queer no Brasil\",\"isPartOf\":{\"@id\":\"https:\\\/\\\/inkuma.com.br\\\/#website\"},\"primaryImageOfPage\":{\"@id\":\"https:\\\/\\\/inkuma.com.br\\\/quem-somos\\\/#primaryimage\"},\"image\":{\"@id\":\"https:\\\/\\\/inkuma.com.br\\\/quem-somos\\\/#primaryimage\"},\"thumbnailUrl\":\"https:\\\/\\\/inkuma.com.br\\\/wp-content\\\/uploads\\\/2025\\\/10\\\/logo_inkuma-252x300.webp\",\"datePublished\":\"2025-10-21T03:56:00+00:00\",\"dateModified\":\"2026-02-20T19:16:57+00:00\",\"description\":\"Somos uma editora queer no Brasil que publica quadrinhos, livros e RPGs autorais com foco em diversidade, afetos e narrativas fora do padr\u00e3o.\",\"breadcrumb\":{\"@id\":\"https:\\\/\\\/inkuma.com.br\\\/quem-somos\\\/#breadcrumb\"},\"inLanguage\":\"es-AR\",\"potentialAction\":[{\"@type\":\"ReadAction\",\"target\":[\"https:\\\/\\\/inkuma.com.br\\\/quem-somos\\\/\"]}]},{\"@type\":\"ImageObject\",\"inLanguage\":\"es-AR\",\"@id\":\"https:\\\/\\\/inkuma.com.br\\\/quem-somos\\\/#primaryimage\",\"url\":\"https:\\\/\\\/inkuma.com.br\\\/wp-content\\\/uploads\\\/2025\\\/10\\\/logo_inkuma-252x300.webp\",\"contentUrl\":\"https:\\\/\\\/inkuma.com.br\\\/wp-content\\\/uploads\\\/2025\\\/10\\\/logo_inkuma-252x300.webp\"},{\"@type\":\"BreadcrumbList\",\"@id\":\"https:\\\/\\\/inkuma.com.br\\\/quem-somos\\\/#breadcrumb\",\"itemListElement\":[{\"@type\":\"ListItem\",\"position\":1,\"name\":\"In\u00edcio\",\"item\":\"https:\\\/\\\/inkuma.com.br\\\/\"},{\"@type\":\"ListItem\",\"position\":2,\"name\":\"Quem Somos\"}]},{\"@type\":\"WebSite\",\"@id\":\"https:\\\/\\\/inkuma.com.br\\\/#website\",\"url\":\"https:\\\/\\\/inkuma.com.br\\\/\",\"name\":\"Studio Inkuma\",\"description\":\"Editora independente focada em literatura e quadrinhos LGBTQIA+ e jogos de RPG.\",\"publisher\":{\"@id\":\"https:\\\/\\\/inkuma.com.br\\\/#organization\"},\"potentialAction\":[{\"@type\":\"SearchAction\",\"target\":{\"@type\":\"EntryPoint\",\"urlTemplate\":\"https:\\\/\\\/inkuma.com.br\\\/?s={search_term_string}\"},\"query-input\":{\"@type\":\"PropertyValueSpecification\",\"valueRequired\":true,\"valueName\":\"search_term_string\"}}],\"inLanguage\":\"es-AR\"},{\"@type\":\"Organization\",\"@id\":\"https:\\\/\\\/inkuma.com.br\\\/#organization\",\"name\":\"Studio Inkuma\",\"alternateName\":\"Inkuma\",\"url\":\"https:\\\/\\\/inkuma.com.br\\\/\",\"logo\":{\"@type\":\"ImageObject\",\"inLanguage\":\"es-AR\",\"@id\":\"https:\\\/\\\/inkuma.com.br\\\/#\\\/schema\\\/logo\\\/image\\\/\",\"url\":\"https:\\\/\\\/inkuma.com.br\\\/wp-content\\\/uploads\\\/2025\\\/10\\\/logo_inkuma_circulo_branco.svg\",\"contentUrl\":\"https:\\\/\\\/inkuma.com.br\\\/wp-content\\\/uploads\\\/2025\\\/10\\\/logo_inkuma_circulo_branco.svg\",\"width\":129,\"height\":129,\"caption\":\"Studio Inkuma\"},\"image\":{\"@id\":\"https:\\\/\\\/inkuma.com.br\\\/#\\\/schema\\\/logo\\\/image\\\/\"},\"sameAs\":[\"https:\\\/\\\/www.facebook.com\\\/studioinkuma\",\"https:\\\/\\\/x.com\\\/InkumaStudio\",\"https:\\\/\\\/www.instagram.com\\\/studioinkuma\\\/\",\"https:\\\/\\\/bsky.app\\\/profile\\\/studioinkuma.bsky.social\",\"https:\\\/\\\/www.tiktok.com\\\/@INKUMASTUDIO\"]}]}<\/script>\r\n<!-- \/ Yoast SEO plugin. -->","yoast_head_json":{"title":"Inkuma | Editora de Quadrinhos e RPG Queer no Brasil","description":"Somos uma editora queer no Brasil que publica quadrinhos, livros e RPGs autorais com foco em diversidade, afetos e narrativas fora do padr\u00e3o.","robots":{"index":"index","follow":"follow","max-snippet":"max-snippet:-1","max-image-preview":"max-image-preview:large","max-video-preview":"max-video-preview:-1"},"canonical":"https:\/\/inkuma.com.br\/es\/quem-somos\/","og_locale":"es_ES","og_type":"article","og_title":"Quem Somos","og_description":"A Inkuma \u00e9 uma editora independente de quadrinhos e RPG queer no Brasil, dedicada \u00e0 diversidade, representatividade e hist\u00f3rias autorais.","og_url":"https:\/\/inkuma.com.br\/es\/quem-somos\/","og_site_name":"Studio Inkuma","article_publisher":"https:\/\/www.facebook.com\/studioinkuma","article_modified_time":"2026-02-20T19:16:57+00:00","og_image":[{"width":1200,"height":800,"url":"https:\/\/inkuma.com.br\/wp-content\/uploads\/2025\/10\/post001_header.webp","type":"image\/webp"}],"twitter_card":"summary_large_image","twitter_site":"@InkumaStudio","twitter_misc":{"Tiempo de lectura":"2 minutos"},"schema":{"@context":"https:\/\/schema.org","@graph":[{"@type":"WebPage","@id":"https:\/\/inkuma.com.br\/quem-somos\/","url":"https:\/\/inkuma.com.br\/quem-somos\/","name":"Inkuma | Editora de Quadrinhos e RPG Queer no Brasil","isPartOf":{"@id":"https:\/\/inkuma.com.br\/#website"},"primaryImageOfPage":{"@id":"https:\/\/inkuma.com.br\/quem-somos\/#primaryimage"},"image":{"@id":"https:\/\/inkuma.com.br\/quem-somos\/#primaryimage"},"thumbnailUrl":"https:\/\/inkuma.com.br\/wp-content\/uploads\/2025\/10\/logo_inkuma-252x300.webp","datePublished":"2025-10-21T03:56:00+00:00","dateModified":"2026-02-20T19:16:57+00:00","description":"Somos uma editora queer no Brasil que publica quadrinhos, livros e RPGs autorais com foco em diversidade, afetos e narrativas fora do padr\u00e3o.","breadcrumb":{"@id":"https:\/\/inkuma.com.br\/quem-somos\/#breadcrumb"},"inLanguage":"es-AR","potentialAction":[{"@type":"ReadAction","target":["https:\/\/inkuma.com.br\/quem-somos\/"]}]},{"@type":"ImageObject","inLanguage":"es-AR","@id":"https:\/\/inkuma.com.br\/quem-somos\/#primaryimage","url":"https:\/\/inkuma.com.br\/wp-content\/uploads\/2025\/10\/logo_inkuma-252x300.webp","contentUrl":"https:\/\/inkuma.com.br\/wp-content\/uploads\/2025\/10\/logo_inkuma-252x300.webp"},{"@type":"BreadcrumbList","@id":"https:\/\/inkuma.com.br\/quem-somos\/#breadcrumb","itemListElement":[{"@type":"ListItem","position":1,"name":"In\u00edcio","item":"https:\/\/inkuma.com.br\/"},{"@type":"ListItem","position":2,"name":"Quem Somos"}]},{"@type":"WebSite","@id":"https:\/\/inkuma.com.br\/#website","url":"https:\/\/inkuma.com.br\/","name":"Studio Inkuma","description":"Editora independente focada em literatura e quadrinhos LGBTQIA+ e jogos de RPG.","publisher":{"@id":"https:\/\/inkuma.com.br\/#organization"},"potentialAction":[{"@type":"SearchAction","target":{"@type":"EntryPoint","urlTemplate":"https:\/\/inkuma.com.br\/?s={search_term_string}"},"query-input":{"@type":"PropertyValueSpecification","valueRequired":true,"valueName":"search_term_string"}}],"inLanguage":"es-AR"},{"@type":"Organization","@id":"https:\/\/inkuma.com.br\/#organization","name":"Studio Inkuma","alternateName":"Inkuma","url":"https:\/\/inkuma.com.br\/","logo":{"@type":"ImageObject","inLanguage":"es-AR","@id":"https:\/\/inkuma.com.br\/#\/schema\/logo\/image\/","url":"https:\/\/inkuma.com.br\/wp-content\/uploads\/2025\/10\/logo_inkuma_circulo_branco.svg","contentUrl":"https:\/\/inkuma.com.br\/wp-content\/uploads\/2025\/10\/logo_inkuma_circulo_branco.svg","width":129,"height":129,"caption":"Studio Inkuma"},"image":{"@id":"https:\/\/inkuma.com.br\/#\/schema\/logo\/image\/"},"sameAs":["https:\/\/www.facebook.com\/studioinkuma","https:\/\/x.com\/InkumaStudio","https:\/\/www.instagram.com\/studioinkuma\/","https:\/\/bsky.app\/profile\/studioinkuma.bsky.social","https:\/\/www.tiktok.com\/@INKUMASTUDIO"]}]}},"_links":{"self":[{"href":"https:\/\/inkuma.com.br\/es\/wp-json\/wp\/v2\/pages\/361","targetHints":{"allow":["GET"]}}],"collection":[{"href":"https:\/\/inkuma.com.br\/es\/wp-json\/wp\/v2\/pages"}],"about":[{"href":"https:\/\/inkuma.com.br\/es\/wp-json\/wp\/v2\/types\/page"}],"author":[{"embeddable":true,"href":"https:\/\/inkuma.com.br\/es\/wp-json\/wp\/v2\/users\/1"}],"replies":[{"embeddable":true,"href":"https:\/\/inkuma.com.br\/es\/wp-json\/wp\/v2\/comments?post=361"}],"version-history":[{"count":114,"href":"https:\/\/inkuma.com.br\/es\/wp-json\/wp\/v2\/pages\/361\/revisions"}],"predecessor-version":[{"id":1960,"href":"https:\/\/inkuma.com.br\/es\/wp-json\/wp\/v2\/pages\/361\/revisions\/1960"}],"wp:attachment":[{"href":"https:\/\/inkuma.com.br\/es\/wp-json\/wp\/v2\/media?parent=361"}],"curies":[{"name":"wp","href":"https:\/\/api.w.org\/{rel}","templated":true}]}}