{"id":376,"date":"2025-10-21T01:03:16","date_gmt":"2025-10-21T04:03:16","guid":{"rendered":"https:\/\/inkuma.com.br\/?page_id=376"},"modified":"2026-02-24T22:52:20","modified_gmt":"2026-02-25T01:52:20","slug":"parceiros","status":"publish","type":"page","link":"https:\/\/inkuma.com.br\/es\/parceiros\/","title":{"rendered":"Amigos"},"content":{"rendered":"<div data-elementor-type=\"wp-page\" data-elementor-id=\"376\" class=\"elementor elementor-376\" data-elementor-settings=\"{&quot;ha_cmc_init_switcher&quot;:&quot;no&quot;}\" data-elementor-post-type=\"page\">\n\t\t\t\t<div class=\"elementor-element elementor-element-cd52ba5 e-flex e-con-boxed e-con e-parent\" data-id=\"cd52ba5\" data-element_type=\"container\" data-e-type=\"container\" data-settings=\"{&quot;_ha_eqh_enable&quot;:false}\">\n\t\t\t\t\t<div class=\"e-con-inner\">\n\t\t\t\t<div class=\"elementor-element elementor-element-4e00bbd elementor-widget elementor-widget-heading\" data-id=\"4e00bbd\" data-element_type=\"widget\" data-e-type=\"widget\" data-widget_type=\"heading.default\">\n\t\t\t\t\t<p class=\"elementor-heading-title elementor-size-default\">Amigos<\/p>\t\t\t\t<\/div>\n\t\t\t\t<div class=\"elementor-element elementor-element-100ef6d elementor-widget elementor-widget-text-editor\" data-id=\"100ef6d\" data-element_type=\"widget\" data-e-type=\"widget\" data-widget_type=\"text-editor.default\">\n\t\t\t\t\t\t\t\t\t<p style=\"text-align: left;\">En Studio Inkuma creemos que ninguna gran historia se construye en soledad. Nuestros socios son una parte esencial de lo que somos y de lo que creamos: artistas, colectivos, editoriales, profesionales e iniciativas que comparten valores como la creatividad, la diversidad, el respeto y el coraje de animarse a experimentar lo nuevo. Cada alianza fortalece nuestros proyectos, expande nuestros universos y nos permite llevar al p\u00fablico obras m\u00e1s ricas, plurales y aut\u00e9nticas.<\/p><p style=\"text-align: left;\">Es a trav\u00e9s de estas conexiones que seguimos creando, publicando y resistiendo a trav\u00e9s del arte.<\/p>\t\t\t\t\t\t\t\t<\/div>\n\t\t\t\t\t<\/div>\n\t\t\t\t<\/div>\n\t\t<div class=\"elementor-element elementor-element-03f8c55 e-flex e-con-boxed e-con e-parent\" data-id=\"03f8c55\" data-element_type=\"container\" data-e-type=\"container\" data-settings=\"{&quot;_ha_eqh_enable&quot;:false}\">\n\t\t\t\t\t<div class=\"e-con-inner\">\n\t\t<div class=\"elementor-element elementor-element-d23d87b e-con-full e-flex e-con e-child\" data-id=\"d23d87b\" data-element_type=\"container\" data-e-type=\"container\" data-settings=\"{&quot;_ha_eqh_enable&quot;:false}\">\n\t\t\t\t<div class=\"elementor-element elementor-element-7cadfa8 elementor-widget elementor-widget-image\" data-id=\"7cadfa8\" data-element_type=\"widget\" data-e-type=\"widget\" data-widget_type=\"image.default\">\n\t\t\t\t\t\t\t\t\t\t\t\t\t\t\t\t<a href=\"http:\/\/bea.rs\/\" target=\"_blank\">\n\t\t\t\t\t\t\t<img decoding=\"async\" width=\"281\" height=\"88\" src=\"https:\/\/inkuma.com.br\/wp-content\/uploads\/2026\/02\/bannersbears.webp\" class=\"attachment-full size-full wp-image-2083\" alt=\"\" srcset=\"https:\/\/inkuma.com.br\/wp-content\/uploads\/2026\/02\/bannersbears.webp 281w, https:\/\/inkuma.com.br\/wp-content\/uploads\/2026\/02\/bannersbears-18x6.webp 18w\" sizes=\"(max-width: 281px) 100vw, 281px\" \/>\t\t\t\t\t\t\t\t<\/a>\n\t\t\t\t\t\t\t\t\t\t\t\t\t\t\t<\/div>\n\t\t\t\t<div class=\"elementor-element elementor-element-36d1469 elementor-widget elementor-widget-image\" data-id=\"36d1469\" data-element_type=\"widget\" data-e-type=\"widget\" data-widget_type=\"image.default\">\n\t\t\t\t\t\t\t\t\t\t\t\t\t\t\t\t<a href=\"http:\/\/clubososba.com.ar\/\" target=\"_blank\">\n\t\t\t\t\t\t\t<img decoding=\"async\" width=\"281\" height=\"88\" src=\"https:\/\/inkuma.com.br\/wp-content\/uploads\/2026\/02\/bannersclubososboa.webp\" class=\"attachment-large size-large wp-image-2080\" alt=\"\" srcset=\"https:\/\/inkuma.com.br\/wp-content\/uploads\/2026\/02\/bannersclubososboa.webp 281w, https:\/\/inkuma.com.br\/wp-content\/uploads\/2026\/02\/bannersclubososboa-18x6.webp 18w\" sizes=\"(max-width: 281px) 100vw, 281px\" \/>\t\t\t\t\t\t\t\t<\/a>\n\t\t\t\t\t\t\t\t\t\t\t\t\t\t\t<\/div>\n\t\t\t\t<\/div>\n\t\t<div class=\"elementor-element elementor-element-06f8e45 e-con-full e-flex e-con e-child\" data-id=\"06f8e45\" data-element_type=\"container\" data-e-type=\"container\" data-settings=\"{&quot;_ha_eqh_enable&quot;:false}\">\n\t\t\t\t<div class=\"elementor-element elementor-element-4e78bab elementor-widget elementor-widget-image\" data-id=\"4e78bab\" data-element_type=\"widget\" data-e-type=\"widget\" data-widget_type=\"image.default\">\n\t\t\t\t\t\t\t\t\t\t\t\t\t\t\t\t<a href=\"http:\/\/www.bearnerd.com.br\/\" target=\"_blank\">\n\t\t\t\t\t\t\t<img decoding=\"async\" width=\"281\" height=\"88\" src=\"https:\/\/inkuma.com.br\/wp-content\/uploads\/2026\/02\/bannersbearnerd.webp\" class=\"attachment-full size-full wp-image-2081\" alt=\"\" srcset=\"https:\/\/inkuma.com.br\/wp-content\/uploads\/2026\/02\/bannersbearnerd.webp 281w, https:\/\/inkuma.com.br\/wp-content\/uploads\/2026\/02\/bannersbearnerd-18x6.webp 18w\" sizes=\"(max-width: 281px) 100vw, 281px\" \/>\t\t\t\t\t\t\t\t<\/a>\n\t\t\t\t\t\t\t\t\t\t\t\t\t\t\t<\/div>\n\t\t\t\t<div class=\"elementor-element elementor-element-2f36fdf elementor-widget elementor-widget-image\" data-id=\"2f36fdf\" data-element_type=\"widget\" data-e-type=\"widget\" data-widget_type=\"image.default\">\n\t\t\t\t\t\t\t\t\t\t\t\t\t\t\t\t<a href=\"http:\/\/elosculohirsuto3.blogspot.com\/\" target=\"_blank\">\n\t\t\t\t\t\t\t<img loading=\"lazy\" decoding=\"async\" width=\"281\" height=\"88\" src=\"https:\/\/inkuma.com.br\/wp-content\/uploads\/2026\/02\/bannerselosculo3.webp\" class=\"attachment-full size-full wp-image-2087\" alt=\"\" srcset=\"https:\/\/inkuma.com.br\/wp-content\/uploads\/2026\/02\/bannerselosculo3.webp 281w, https:\/\/inkuma.com.br\/wp-content\/uploads\/2026\/02\/bannerselosculo3-18x6.webp 18w\" sizes=\"(max-width: 281px) 100vw, 281px\" \/>\t\t\t\t\t\t\t\t<\/a>\n\t\t\t\t\t\t\t\t\t\t\t\t\t\t\t<\/div>\n\t\t\t\t<\/div>\n\t\t<div class=\"elementor-element elementor-element-d0fee28 e-con-full e-flex e-con e-child\" data-id=\"d0fee28\" data-element_type=\"container\" data-e-type=\"container\" data-settings=\"{&quot;_ha_eqh_enable&quot;:false}\">\n\t\t\t\t<div class=\"elementor-element elementor-element-a49998a elementor-widget elementor-widget-image\" data-id=\"a49998a\" data-element_type=\"widget\" data-e-type=\"widget\" data-widget_type=\"image.default\">\n\t\t\t\t\t\t\t\t\t\t\t\t\t\t\t\t<a href=\"http:\/\/bravurajogos.com.br\/\" target=\"_blank\">\n\t\t\t\t\t\t\t<img loading=\"lazy\" decoding=\"async\" width=\"281\" height=\"88\" src=\"https:\/\/inkuma.com.br\/wp-content\/uploads\/2026\/02\/bannersbravura.webp\" class=\"attachment-large size-large wp-image-2086\" alt=\"\" srcset=\"https:\/\/inkuma.com.br\/wp-content\/uploads\/2026\/02\/bannersbravura.webp 281w, https:\/\/inkuma.com.br\/wp-content\/uploads\/2026\/02\/bannersbravura-18x6.webp 18w\" sizes=\"(max-width: 281px) 100vw, 281px\" \/>\t\t\t\t\t\t\t\t<\/a>\n\t\t\t\t\t\t\t\t\t\t\t\t\t\t\t<\/div>\n\t\t\t\t<div class=\"elementor-element elementor-element-710b7a4 elementor-widget elementor-widget-image\" data-id=\"710b7a4\" data-element_type=\"widget\" data-e-type=\"widget\" data-widget_type=\"image.default\">\n\t\t\t\t\t\t\t\t\t\t\t\t\t\t\t\t<a href=\"http:\/\/gordoputoamen.blogspot.com\/\" target=\"_blank\">\n\t\t\t\t\t\t\t<img loading=\"lazy\" decoding=\"async\" width=\"281\" height=\"88\" src=\"https:\/\/inkuma.com.br\/wp-content\/uploads\/2026\/02\/bannersgordo.webp\" class=\"attachment-large size-large wp-image-2088\" alt=\"\" srcset=\"https:\/\/inkuma.com.br\/wp-content\/uploads\/2026\/02\/bannersgordo.webp 281w, https:\/\/inkuma.com.br\/wp-content\/uploads\/2026\/02\/bannersgordo-18x6.webp 18w\" sizes=\"(max-width: 281px) 100vw, 281px\" \/>\t\t\t\t\t\t\t\t<\/a>\n\t\t\t\t\t\t\t\t\t\t\t\t\t\t\t<\/div>\n\t\t\t\t<\/div>\n\t\t<div class=\"elementor-element elementor-element-c566b7a e-con-full e-flex e-con e-child\" data-id=\"c566b7a\" data-element_type=\"container\" data-e-type=\"container\" data-settings=\"{&quot;_ha_eqh_enable&quot;:false}\">\n\t\t\t\t<div class=\"elementor-element elementor-element-4152153 elementor-widget elementor-widget-image\" data-id=\"4152153\" data-element_type=\"widget\" data-e-type=\"widget\" data-widget_type=\"image.default\">\n\t\t\t\t\t\t\t\t\t\t\t\t\t\t\t\t<a href=\"http:\/\/bym.com.br\/\" target=\"_blank\">\n\t\t\t\t\t\t\t<img loading=\"lazy\" decoding=\"async\" width=\"281\" height=\"88\" src=\"https:\/\/inkuma.com.br\/wp-content\/uploads\/2026\/02\/bannersbym.webp\" class=\"attachment-large size-large wp-image-2084\" alt=\"\" srcset=\"https:\/\/inkuma.com.br\/wp-content\/uploads\/2026\/02\/bannersbym.webp 281w, https:\/\/inkuma.com.br\/wp-content\/uploads\/2026\/02\/bannersbym-18x6.webp 18w\" sizes=\"(max-width: 281px) 100vw, 281px\" \/>\t\t\t\t\t\t\t\t<\/a>\n\t\t\t\t\t\t\t\t\t\t\t\t\t\t\t<\/div>\n\t\t\t\t<\/div>\n\t\t\t\t\t<\/div>\n\t\t\t\t<\/div>\n\t\t\t\t<\/div>","protected":false},"excerpt":{"rendered":"<p>Parceiros No Studio Inkuma, acreditamos que nenhuma grande hist\u00f3ria \u00e9 constru\u00edda sozinha. Nossos parceiros s\u00e3o parte essencial do que somos e do que criamos: artistas, coletivos, editoras, profissionais e iniciativas que compartilham valores como criatividade, diversidade, respeito e coragem para experimentar o novo. Cada parceria fortalece nossos projetos, amplia nossos universos e nos permite levar [&hellip;]<\/p>\n","protected":false},"author":1,"featured_media":0,"parent":0,"menu_order":0,"comment_status":"closed","ping_status":"closed","template":"","meta":{"inline_featured_image":false,"footnotes":""},"class_list":["post-376","page","type-page","status-publish","hentry"],"yoast_head":"<!-- This site is optimized with the Yoast SEO plugin v27.4 - https:\/\/yoast.com\/product\/yoast-seo-wordpress\/ -->\r\n<title>Parceiros - Studio Inkuma<\/title>\r\n<meta name=\"description\" content=\"Conhe\u00e7a nosso parceiros\" \/>\r\n<meta name=\"robots\" content=\"index, follow, max-snippet:-1, max-image-preview:large, max-video-preview:-1\" \/>\r\n<link rel=\"canonical\" href=\"https:\/\/inkuma.com.br\/es\/parceiros\/\" \/>\r\n<meta property=\"og:locale\" content=\"es_ES\" \/>\r\n<meta property=\"og:type\" content=\"article\" \/>\r\n<meta property=\"og:title\" content=\"Parceiros\" \/>\r\n<meta property=\"og:description\" content=\"Conhe\u00e7a nosso parceiros\" \/>\r\n<meta property=\"og:url\" content=\"https:\/\/inkuma.com.br\/es\/parceiros\/\" \/>\r\n<meta property=\"og:site_name\" content=\"Studio Inkuma\" \/>\r\n<meta property=\"article:publisher\" content=\"https:\/\/www.facebook.com\/studioinkuma\" \/>\r\n<meta property=\"article:modified_time\" content=\"2026-02-25T01:52:20+00:00\" \/>\r\n<meta property=\"og:image\" content=\"https:\/\/inkuma.com.br\/wp-content\/uploads\/2025\/10\/post001_header.webp\" \/>\r\n\t<meta property=\"og:image:width\" content=\"1200\" \/>\r\n\t<meta property=\"og:image:height\" content=\"800\" \/>\r\n\t<meta property=\"og:image:type\" content=\"image\/webp\" \/>\r\n<meta name=\"twitter:card\" content=\"summary_large_image\" \/>\r\n<meta name=\"twitter:site\" content=\"@InkumaStudio\" \/>\r\n<meta name=\"twitter:label1\" content=\"Tiempo de lectura\" \/>\n\t<meta name=\"twitter:data1\" content=\"2 minutos\" \/>\r\n<script type=\"application\/ld+json\" class=\"yoast-schema-graph\">{\"@context\":\"https:\\\/\\\/schema.org\",\"@graph\":[{\"@type\":\"WebPage\",\"@id\":\"https:\\\/\\\/inkuma.com.br\\\/parceiros\\\/\",\"url\":\"https:\\\/\\\/inkuma.com.br\\\/parceiros\\\/\",\"name\":\"Parceiros - Studio Inkuma\",\"isPartOf\":{\"@id\":\"https:\\\/\\\/inkuma.com.br\\\/#website\"},\"primaryImageOfPage\":{\"@id\":\"https:\\\/\\\/inkuma.com.br\\\/parceiros\\\/#primaryimage\"},\"image\":{\"@id\":\"https:\\\/\\\/inkuma.com.br\\\/parceiros\\\/#primaryimage\"},\"thumbnailUrl\":\"https:\\\/\\\/inkuma.com.br\\\/wp-content\\\/uploads\\\/2026\\\/02\\\/bannersbears.webp\",\"datePublished\":\"2025-10-21T04:03:16+00:00\",\"dateModified\":\"2026-02-25T01:52:20+00:00\",\"description\":\"Conhe\u00e7a nosso parceiros\",\"breadcrumb\":{\"@id\":\"https:\\\/\\\/inkuma.com.br\\\/parceiros\\\/#breadcrumb\"},\"inLanguage\":\"es-AR\",\"potentialAction\":[{\"@type\":\"ReadAction\",\"target\":[\"https:\\\/\\\/inkuma.com.br\\\/parceiros\\\/\"]}]},{\"@type\":\"ImageObject\",\"inLanguage\":\"es-AR\",\"@id\":\"https:\\\/\\\/inkuma.com.br\\\/parceiros\\\/#primaryimage\",\"url\":\"https:\\\/\\\/inkuma.com.br\\\/wp-content\\\/uploads\\\/2026\\\/02\\\/bannersbears.webp\",\"contentUrl\":\"https:\\\/\\\/inkuma.com.br\\\/wp-content\\\/uploads\\\/2026\\\/02\\\/bannersbears.webp\"},{\"@type\":\"BreadcrumbList\",\"@id\":\"https:\\\/\\\/inkuma.com.br\\\/parceiros\\\/#breadcrumb\",\"itemListElement\":[{\"@type\":\"ListItem\",\"position\":1,\"name\":\"In\u00edcio\",\"item\":\"https:\\\/\\\/inkuma.com.br\\\/\"},{\"@type\":\"ListItem\",\"position\":2,\"name\":\"Parceiros\"}]},{\"@type\":\"WebSite\",\"@id\":\"https:\\\/\\\/inkuma.com.br\\\/#website\",\"url\":\"https:\\\/\\\/inkuma.com.br\\\/\",\"name\":\"Studio Inkuma\",\"description\":\"Editora independente focada em literatura e quadrinhos LGBTQIA+ e jogos de RPG.\",\"publisher\":{\"@id\":\"https:\\\/\\\/inkuma.com.br\\\/#organization\"},\"potentialAction\":[{\"@type\":\"SearchAction\",\"target\":{\"@type\":\"EntryPoint\",\"urlTemplate\":\"https:\\\/\\\/inkuma.com.br\\\/?s={search_term_string}\"},\"query-input\":{\"@type\":\"PropertyValueSpecification\",\"valueRequired\":true,\"valueName\":\"search_term_string\"}}],\"inLanguage\":\"es-AR\"},{\"@type\":\"Organization\",\"@id\":\"https:\\\/\\\/inkuma.com.br\\\/#organization\",\"name\":\"Studio Inkuma\",\"alternateName\":\"Inkuma\",\"url\":\"https:\\\/\\\/inkuma.com.br\\\/\",\"logo\":{\"@type\":\"ImageObject\",\"inLanguage\":\"es-AR\",\"@id\":\"https:\\\/\\\/inkuma.com.br\\\/#\\\/schema\\\/logo\\\/image\\\/\",\"url\":\"https:\\\/\\\/inkuma.com.br\\\/wp-content\\\/uploads\\\/2025\\\/10\\\/logo_inkuma_circulo_branco.svg\",\"contentUrl\":\"https:\\\/\\\/inkuma.com.br\\\/wp-content\\\/uploads\\\/2025\\\/10\\\/logo_inkuma_circulo_branco.svg\",\"width\":129,\"height\":129,\"caption\":\"Studio Inkuma\"},\"image\":{\"@id\":\"https:\\\/\\\/inkuma.com.br\\\/#\\\/schema\\\/logo\\\/image\\\/\"},\"sameAs\":[\"https:\\\/\\\/www.facebook.com\\\/studioinkuma\",\"https:\\\/\\\/x.com\\\/InkumaStudio\",\"https:\\\/\\\/www.instagram.com\\\/studioinkuma\\\/\",\"https:\\\/\\\/bsky.app\\\/profile\\\/studioinkuma.bsky.social\",\"https:\\\/\\\/www.tiktok.com\\\/@INKUMASTUDIO\"]}]}<\/script>\r\n<!-- \/ Yoast SEO plugin. -->","yoast_head_json":{"title":"Parceiros - Studio Inkuma","description":"Conhe\u00e7a nosso parceiros","robots":{"index":"index","follow":"follow","max-snippet":"max-snippet:-1","max-image-preview":"max-image-preview:large","max-video-preview":"max-video-preview:-1"},"canonical":"https:\/\/inkuma.com.br\/es\/parceiros\/","og_locale":"es_ES","og_type":"article","og_title":"Parceiros","og_description":"Conhe\u00e7a nosso parceiros","og_url":"https:\/\/inkuma.com.br\/es\/parceiros\/","og_site_name":"Studio Inkuma","article_publisher":"https:\/\/www.facebook.com\/studioinkuma","article_modified_time":"2026-02-25T01:52:20+00:00","og_image":[{"width":1200,"height":800,"url":"https:\/\/inkuma.com.br\/wp-content\/uploads\/2025\/10\/post001_header.webp","type":"image\/webp"}],"twitter_card":"summary_large_image","twitter_site":"@InkumaStudio","twitter_misc":{"Tiempo de lectura":"2 minutos"},"schema":{"@context":"https:\/\/schema.org","@graph":[{"@type":"WebPage","@id":"https:\/\/inkuma.com.br\/parceiros\/","url":"https:\/\/inkuma.com.br\/parceiros\/","name":"Parceiros - Studio Inkuma","isPartOf":{"@id":"https:\/\/inkuma.com.br\/#website"},"primaryImageOfPage":{"@id":"https:\/\/inkuma.com.br\/parceiros\/#primaryimage"},"image":{"@id":"https:\/\/inkuma.com.br\/parceiros\/#primaryimage"},"thumbnailUrl":"https:\/\/inkuma.com.br\/wp-content\/uploads\/2026\/02\/bannersbears.webp","datePublished":"2025-10-21T04:03:16+00:00","dateModified":"2026-02-25T01:52:20+00:00","description":"Conhe\u00e7a nosso parceiros","breadcrumb":{"@id":"https:\/\/inkuma.com.br\/parceiros\/#breadcrumb"},"inLanguage":"es-AR","potentialAction":[{"@type":"ReadAction","target":["https:\/\/inkuma.com.br\/parceiros\/"]}]},{"@type":"ImageObject","inLanguage":"es-AR","@id":"https:\/\/inkuma.com.br\/parceiros\/#primaryimage","url":"https:\/\/inkuma.com.br\/wp-content\/uploads\/2026\/02\/bannersbears.webp","contentUrl":"https:\/\/inkuma.com.br\/wp-content\/uploads\/2026\/02\/bannersbears.webp"},{"@type":"BreadcrumbList","@id":"https:\/\/inkuma.com.br\/parceiros\/#breadcrumb","itemListElement":[{"@type":"ListItem","position":1,"name":"In\u00edcio","item":"https:\/\/inkuma.com.br\/"},{"@type":"ListItem","position":2,"name":"Parceiros"}]},{"@type":"WebSite","@id":"https:\/\/inkuma.com.br\/#website","url":"https:\/\/inkuma.com.br\/","name":"Studio Inkuma","description":"Editora independente focada em literatura e quadrinhos LGBTQIA+ e jogos de RPG.","publisher":{"@id":"https:\/\/inkuma.com.br\/#organization"},"potentialAction":[{"@type":"SearchAction","target":{"@type":"EntryPoint","urlTemplate":"https:\/\/inkuma.com.br\/?s={search_term_string}"},"query-input":{"@type":"PropertyValueSpecification","valueRequired":true,"valueName":"search_term_string"}}],"inLanguage":"es-AR"},{"@type":"Organization","@id":"https:\/\/inkuma.com.br\/#organization","name":"Studio Inkuma","alternateName":"Inkuma","url":"https:\/\/inkuma.com.br\/","logo":{"@type":"ImageObject","inLanguage":"es-AR","@id":"https:\/\/inkuma.com.br\/#\/schema\/logo\/image\/","url":"https:\/\/inkuma.com.br\/wp-content\/uploads\/2025\/10\/logo_inkuma_circulo_branco.svg","contentUrl":"https:\/\/inkuma.com.br\/wp-content\/uploads\/2025\/10\/logo_inkuma_circulo_branco.svg","width":129,"height":129,"caption":"Studio Inkuma"},"image":{"@id":"https:\/\/inkuma.com.br\/#\/schema\/logo\/image\/"},"sameAs":["https:\/\/www.facebook.com\/studioinkuma","https:\/\/x.com\/InkumaStudio","https:\/\/www.instagram.com\/studioinkuma\/","https:\/\/bsky.app\/profile\/studioinkuma.bsky.social","https:\/\/www.tiktok.com\/@INKUMASTUDIO"]}]}},"_links":{"self":[{"href":"https:\/\/inkuma.com.br\/es\/wp-json\/wp\/v2\/pages\/376","targetHints":{"allow":["GET"]}}],"collection":[{"href":"https:\/\/inkuma.com.br\/es\/wp-json\/wp\/v2\/pages"}],"about":[{"href":"https:\/\/inkuma.com.br\/es\/wp-json\/wp\/v2\/types\/page"}],"author":[{"embeddable":true,"href":"https:\/\/inkuma.com.br\/es\/wp-json\/wp\/v2\/users\/1"}],"replies":[{"embeddable":true,"href":"https:\/\/inkuma.com.br\/es\/wp-json\/wp\/v2\/comments?post=376"}],"version-history":[{"count":35,"href":"https:\/\/inkuma.com.br\/es\/wp-json\/wp\/v2\/pages\/376\/revisions"}],"predecessor-version":[{"id":2091,"href":"https:\/\/inkuma.com.br\/es\/wp-json\/wp\/v2\/pages\/376\/revisions\/2091"}],"wp:attachment":[{"href":"https:\/\/inkuma.com.br\/es\/wp-json\/wp\/v2\/media?parent=376"}],"curies":[{"name":"wp","href":"https:\/\/api.w.org\/{rel}","templated":true}]}}