{"id":378,"date":"2025-10-21T01:07:37","date_gmt":"2025-10-21T04:07:37","guid":{"rendered":"https:\/\/inkuma.com.br\/?page_id=378"},"modified":"2026-02-20T15:22:34","modified_gmt":"2026-02-20T18:22:34","slug":"contato","status":"publish","type":"page","link":"https:\/\/inkuma.com.br\/es\/contato\/","title":{"rendered":"Contacto"},"content":{"rendered":"\t\t<div data-elementor-type=\"wp-page\" data-elementor-id=\"378\" class=\"elementor elementor-378\" data-elementor-settings=\"{&quot;ha_cmc_init_switcher&quot;:&quot;no&quot;}\" data-elementor-post-type=\"page\">\n\t\t\t\t<div class=\"elementor-element elementor-element-36d44e3 e-flex e-con-boxed e-con e-parent\" data-id=\"36d44e3\" data-element_type=\"container\" data-e-type=\"container\" data-settings=\"{&quot;_ha_eqh_enable&quot;:false}\">\n\t\t\t\t\t<div class=\"e-con-inner\">\n\t\t\t\t<div class=\"elementor-element elementor-element-24a6e64 elementor-widget elementor-widget-heading\" data-id=\"24a6e64\" data-element_type=\"widget\" data-e-type=\"widget\" data-widget_type=\"heading.default\">\n\t\t\t\t\t<p class=\"elementor-heading-title elementor-size-default\">Contato<\/p>\t\t\t\t<\/div>\n\t\t\t\t<div class=\"elementor-element elementor-element-6feac90 elementor-widget elementor-widget-text-editor\" data-id=\"6feac90\" data-element_type=\"widget\" data-e-type=\"widget\" data-widget_type=\"text-editor.default\">\n\t\t\t\t\t\t\t\t\t<p>Sua mensagem \u00e9 importante para n\u00f3s. Preencha o formul\u00e1rio ao lado e entraremos em contato em breve.<br \/><strong>Importante:<\/strong> n\u00e3o deixe nenhum campo em branco.<\/p>\t\t\t\t\t\t\t\t<\/div>\n\t\t<div class=\"elementor-element elementor-element-7781791 e-con-full e-flex e-con e-child\" data-id=\"7781791\" data-element_type=\"container\" data-e-type=\"container\" data-settings=\"{&quot;_ha_eqh_enable&quot;:false}\">\n\t\t\t\t<div class=\"elementor-element elementor-element-c805d30 elementor-widget elementor-widget-text-editor\" data-id=\"c805d30\" data-element_type=\"widget\" data-e-type=\"widget\" data-widget_type=\"text-editor.default\">\n\t\t\t\t\t\t\t\t\t<p>Preencha os campos abaixo e entraremos em contato com voc\u00ea.<\/p>\t\t\t\t\t\t\t\t<\/div>\n\t\t\t\t<\/div>\n\t\t<div class=\"elementor-element elementor-element-fdabfae e-con-full e-flex e-con e-child\" data-id=\"fdabfae\" data-element_type=\"container\" data-e-type=\"container\" data-settings=\"{&quot;background_background&quot;:&quot;classic&quot;,&quot;_ha_eqh_enable&quot;:false}\">\n\t\t\t\t<div class=\"elementor-element elementor-element-b02e333 elementor-button-align-stretch elementor-widget elementor-widget-form\" data-id=\"b02e333\" data-element_type=\"widget\" data-e-type=\"widget\" data-settings=\"{&quot;step_next_label&quot;:&quot;Pr\\u00f3ximo&quot;,&quot;step_previous_label&quot;:&quot;Anterior&quot;,&quot;button_width&quot;:&quot;50&quot;,&quot;step_type&quot;:&quot;number_text&quot;,&quot;step_icon_shape&quot;:&quot;circle&quot;}\" data-widget_type=\"form.default\">\n\t\t\t\t\t\t\t<form class=\"elementor-form\" method=\"post\" name=\"form_email\" aria-label=\"form_email\">\n\t\t\t<input type=\"hidden\" name=\"post_id\" value=\"378\"\/>\n\t\t\t<input type=\"hidden\" name=\"form_id\" value=\"b02e333\"\/>\n\t\t\t<input type=\"hidden\" name=\"referer_title\" value=\"Contato - Studio Inkuma\" \/>\n\n\t\t\t\t\t\t\t<input type=\"hidden\" name=\"queried_id\" value=\"378\"\/>\n\t\t\t\n\t\t\t<div class=\"elementor-form-fields-wrapper elementor-labels-\">\n\t\t\t\t\t\t\t\t<div class=\"elementor-field-type-text elementor-field-group elementor-column elementor-field-group-nome elementor-col-100 elementor-field-required\">\n\t\t\t\t\t\t\t\t\t\t\t\t<label for=\"form-field-nome\" class=\"elementor-field-label elementor-screen-only\">\n\t\t\t\t\t\t\t\tNome\t\t\t\t\t\t\t<\/label>\n\t\t\t\t\t\t\t\t\t\t\t\t\t\t<input size=\"1\" type=\"text\" name=\"form_fields[nome]\" id=\"form-field-nome\" class=\"elementor-field elementor-size-sm  elementor-field-textual\" placeholder=\"Nome\" required=\"required\">\n\t\t\t\t\t\t\t\t\t\t\t<\/div>\n\t\t\t\t\t\t\t\t<div class=\"elementor-field-type-email elementor-field-group elementor-column elementor-field-group-email elementor-col-100 elementor-field-required\">\n\t\t\t\t\t\t\t\t\t\t\t\t<label for=\"form-field-email\" class=\"elementor-field-label elementor-screen-only\">\n\t\t\t\t\t\t\t\tE-mail\t\t\t\t\t\t\t<\/label>\n\t\t\t\t\t\t\t\t\t\t\t\t\t\t<input size=\"1\" type=\"email\" name=\"form_fields[email]\" id=\"form-field-email\" class=\"elementor-field elementor-size-sm  elementor-field-textual\" placeholder=\"E-mail\" required=\"required\">\n\t\t\t\t\t\t\t\t\t\t\t<\/div>\n\t\t\t\t\t\t\t\t<div class=\"elementor-field-type-text elementor-field-group elementor-column elementor-field-group-telefone elementor-col-100 elementor-field-required\">\n\t\t\t\t\t\t\t\t\t\t\t\t<label for=\"form-field-telefone\" class=\"elementor-field-label elementor-screen-only\">\n\t\t\t\t\t\t\t\tTelefone\t\t\t\t\t\t\t<\/label>\n\t\t\t\t\t\t\t\t\t\t\t\t\t\t<input size=\"1\" type=\"text\" name=\"form_fields[telefone]\" id=\"form-field-telefone\" class=\"elementor-field elementor-size-sm  elementor-field-textual\" placeholder=\"Telefone com DDD\" required=\"required\">\n\t\t\t\t\t\t\t\t\t\t\t<\/div>\n\t\t\t\t\t\t\t\t<div class=\"elementor-field-type-select elementor-field-group elementor-column elementor-field-group-assunto elementor-col-100 elementor-field-required\">\n\t\t\t\t\t\t\t\t\t\t\t\t<label for=\"form-field-assunto\" class=\"elementor-field-label elementor-screen-only\">\n\t\t\t\t\t\t\t\tAssunto\t\t\t\t\t\t\t<\/label>\n\t\t\t\t\t\t\t\t<div class=\"elementor-field elementor-select-wrapper remove-before \">\n\t\t\t<div class=\"select-caret-down-wrapper\">\n\t\t\t\t<svg aria-hidden=\"true\" class=\"e-font-icon-svg e-eicon-caret-down\" viewBox=\"0 0 571.4 571.4\" xmlns=\"http:\/\/www.w3.org\/2000\/svg\"><path d=\"M571 393Q571 407 561 418L311 668Q300 679 286 679T261 668L11 418Q0 407 0 393T11 368 36 357H536Q550 357 561 368T571 393Z\"><\/path><\/svg>\t\t\t<\/div>\n\t\t\t<select name=\"form_fields[assunto]\" id=\"form-field-assunto\" class=\"elementor-field-textual elementor-size-sm\" required=\"required\">\n\t\t\t\t\t\t\t\t\t<option value=\"\">Selecione o Assunto<\/option>\n\t\t\t\t\t\t\t\t\t<option value=\"Pedidos\">Pedidos<\/option>\n\t\t\t\t\t\t\t\t\t<option value=\"Contato\">Contato<\/option>\n\t\t\t\t\t\t\t\t\t<option value=\"Parceria\">Parceria<\/option>\n\t\t\t\t\t\t\t\t\t<option value=\"Envio de Originais\">Envio de Originais<\/option>\n\t\t\t\t\t\t\t\t\t<option value=\"D\u00favidas\">D\u00favidas<\/option>\n\t\t\t\t\t\t\t\t\t<option value=\"Reclama\u00e7\u00f5es\">Reclama\u00e7\u00f5es<\/option>\n\t\t\t\t\t\t\t\t\t<option value=\"Elogios\">Elogios<\/option>\n\t\t\t\t\t\t\t\t\t<option value=\"Outros\">Outro<\/option>\n\t\t\t\t\t\t\t<\/select>\n\t\t<\/div>\n\t\t\t\t\t\t<\/div>\n\t\t\t\t\t\t\t\t<div class=\"elementor-field-type-textarea elementor-field-group elementor-column elementor-field-group-mensagem elementor-col-100 elementor-field-required\">\n\t\t\t\t\t\t\t\t\t\t\t\t<label for=\"form-field-mensagem\" class=\"elementor-field-label elementor-screen-only\">\n\t\t\t\t\t\t\t\tMensagem\t\t\t\t\t\t\t<\/label>\n\t\t\t\t\t\t<textarea class=\"elementor-field-textual elementor-field  elementor-size-sm\" name=\"form_fields[mensagem]\" id=\"form-field-mensagem\" rows=\"4\" placeholder=\"Mensagem\" required=\"required\"><\/textarea>\t\t\t\t<\/div>\n\t\t\t\t\t\t\t\t<div class=\"elementor-field-type-upload elementor-field-group elementor-column elementor-field-group-anexo elementor-col-100\">\n\t\t\t\t\t\t\t\t\t\t\t\t<label for=\"form-field-anexo\" class=\"elementor-field-label elementor-screen-only\">\n\t\t\t\t\t\t\t\tAnexo\t\t\t\t\t\t\t<\/label>\n\t\t\t\t\t\t\t\t<input type=\"file\" name=\"form_fields[anexo]\" id=\"form-field-anexo\" class=\"elementor-field elementor-size-sm  elementor-upload-field\" data-maxsize=\"5\" data-maxsize-message=\"This file exceeds the maximum allowed size.\">\n\n\t\t\t\t\t\t<\/div>\n\t\t\t\t\t\t\t\t<div class=\"elementor-field-type-html elementor-field-group elementor-column elementor-field-group-field_77bb819 elementor-col-100\">\n\t\t\t\t\tTamanho M\u00e1ximo do anexo: 5MB.<br>\nTipos de arquivos permitidos: pdf, doc, docx, png, jpg, jpeg\t\t\t\t<\/div>\n\t\t\t\t\t\t\t\t<div class=\"elementor-field-type-recaptcha_v3 elementor-field-group elementor-column elementor-field-group-recapcha elementor-col-100 recaptcha_v3-bottomleft\">\n\t\t\t\t\t<div class=\"elementor-field\" id=\"form-field-recapcha\"><div class=\"elementor-g-recaptcha\" data-sitekey=\"6LfSYB0sAAAAAEMbDCce80RI-ptKy71T0sdZ60gM\" data-type=\"v3\" data-action=\"Form\" data-badge=\"bottomleft\" data-size=\"invisible\"><\/div><\/div>\t\t\t\t<\/div>\n\t\t\t\t\t\t\t\t<div class=\"elementor-field-type-html elementor-field-group elementor-column elementor-field-group-field_ee85e8c elementor-col-50\">\n\t\t\t\t\t<button type=\"button\" class=\"btn-limpar2 elementor-button\">Limpar<\/button>\t\t\t\t<\/div>\n\t\t\t\t\t\t\t\t<div class=\"elementor-field-group elementor-column elementor-field-type-submit elementor-col-50 e-form__buttons\">\n\t\t\t\t\t<button class=\"elementor-button elementor-size-lg\" type=\"submit\">\n\t\t\t\t\t\t<span class=\"elementor-button-content-wrapper\">\n\t\t\t\t\t\t\t\t\t\t\t\t\t\t\t<span class=\"elementor-button-icon\">\n\t\t\t\t\t\t\t\t\t<i aria-hidden=\"true\" class=\"huge huge-mail-send-01\"><\/i>\t\t\t\t\t\t\t\t\t\t\t\t\t\t\t\t\t<\/span>\n\t\t\t\t\t\t\t\t\t\t\t\t\t\t\t\t\t\t\t\t\t\t<span class=\"elementor-button-text\">Enviar<\/span>\n\t\t\t\t\t\t\t\t\t\t\t\t\t<\/span>\n\t\t\t\t\t<\/button>\n\t\t\t\t<\/div>\n\t\t\t<\/div>\n\t\t<\/form>\n\t\t\t\t\t\t<\/div>\n\t\t\t\t<div class=\"elementor-element elementor-element-682b3a4 campo-botao-limpar elementor-widget elementor-widget-html\" data-id=\"682b3a4\" data-element_type=\"widget\" data-e-type=\"widget\" data-widget_type=\"html.default\">\n\t\t\t\t\t<script>\ndocument.addEventListener('click', function (e) {\n    \/\/ Verifica se clicou no bot\u00e3o Limpar (ou em algo dentro dele)\n    const btn = e.target.closest('.btn-limpar2');\n    if (!btn) return;\n\n    \/\/ Acha o form mais pr\u00f3ximo\n    const form = btn.closest('form');\n    if (!form) return;\n\n    e.preventDefault();\n\n    \/\/ Reseta todos os campos padr\u00e3o (text, email, textarea, select, etc.)\n    form.reset();\n\n    \/\/ Reseta campos de upload manualmente\n    form.querySelectorAll(\"input[type='file']\").forEach(function (f) {\n        f.value = \"\";\n    });\n});\n<\/script>\t\t\t\t<\/div>\n\t\t\t\t<\/div>\n\t\t\t\t\t<\/div>\n\t\t\t\t<\/div>\n\t\t\t\t<\/div>\n\t\t","protected":false},"excerpt":{"rendered":"<p>Contato Sua mensagem \u00e9 importante para n\u00f3s. Preencha o formul\u00e1rio ao lado e entraremos em contato em breve. Importante: n\u00e3o deixe nenhum campo em branco. Preencha os campos abaixo e entraremos em contato com voc\u00ea.<\/p>","protected":false},"author":1,"featured_media":0,"parent":0,"menu_order":0,"comment_status":"closed","ping_status":"closed","template":"","meta":{"inline_featured_image":false,"footnotes":""},"class_list":["post-378","page","type-page","status-publish","hentry"],"yoast_head":"<!-- This site is optimized with the Yoast SEO plugin v27.4 - https:\/\/yoast.com\/product\/yoast-seo-wordpress\/ -->\r\n<title>Contato - Studio Inkuma<\/title>\r\n<meta name=\"description\" content=\"Entre em contato conosco\" \/>\r\n<meta name=\"robots\" content=\"index, follow, max-snippet:-1, max-image-preview:large, max-video-preview:-1\" \/>\r\n<link rel=\"canonical\" href=\"https:\/\/inkuma.com.br\/es\/contato\/\" \/>\r\n<meta property=\"og:locale\" content=\"es_ES\" \/>\r\n<meta property=\"og:type\" content=\"article\" \/>\r\n<meta property=\"og:title\" content=\"contato\" \/>\r\n<meta property=\"og:description\" content=\"Entre em contato conosco\" \/>\r\n<meta property=\"og:url\" content=\"https:\/\/inkuma.com.br\/es\/contato\/\" \/>\r\n<meta property=\"og:site_name\" content=\"Studio Inkuma\" \/>\r\n<meta property=\"article:publisher\" content=\"https:\/\/www.facebook.com\/studioinkuma\" \/>\r\n<meta property=\"article:modified_time\" content=\"2026-02-20T18:22:34+00:00\" \/>\r\n<meta property=\"og:image\" content=\"https:\/\/inkuma.com.br\/wp-content\/uploads\/2025\/10\/post001_header.webp\" \/>\r\n\t<meta property=\"og:image:width\" content=\"1200\" \/>\r\n\t<meta property=\"og:image:height\" content=\"800\" \/>\r\n\t<meta property=\"og:image:type\" content=\"image\/webp\" \/>\r\n<meta name=\"twitter:card\" content=\"summary_large_image\" \/>\r\n<meta name=\"twitter:site\" content=\"@InkumaStudio\" \/>\r\n<meta name=\"twitter:label1\" content=\"Tiempo de lectura\" \/>\n\t<meta name=\"twitter:data1\" content=\"1 minuto\" \/>\r\n<script type=\"application\/ld+json\" class=\"yoast-schema-graph\">{\"@context\":\"https:\\\/\\\/schema.org\",\"@graph\":[{\"@type\":\"WebPage\",\"@id\":\"https:\\\/\\\/inkuma.com.br\\\/contato\\\/\",\"url\":\"https:\\\/\\\/inkuma.com.br\\\/contato\\\/\",\"name\":\"Contato - Studio Inkuma\",\"isPartOf\":{\"@id\":\"https:\\\/\\\/inkuma.com.br\\\/#website\"},\"datePublished\":\"2025-10-21T04:07:37+00:00\",\"dateModified\":\"2026-02-20T18:22:34+00:00\",\"description\":\"Entre em contato conosco\",\"breadcrumb\":{\"@id\":\"https:\\\/\\\/inkuma.com.br\\\/contato\\\/#breadcrumb\"},\"inLanguage\":\"es-AR\",\"potentialAction\":[{\"@type\":\"ReadAction\",\"target\":[\"https:\\\/\\\/inkuma.com.br\\\/contato\\\/\"]}]},{\"@type\":\"BreadcrumbList\",\"@id\":\"https:\\\/\\\/inkuma.com.br\\\/contato\\\/#breadcrumb\",\"itemListElement\":[{\"@type\":\"ListItem\",\"position\":1,\"name\":\"In\u00edcio\",\"item\":\"https:\\\/\\\/inkuma.com.br\\\/\"},{\"@type\":\"ListItem\",\"position\":2,\"name\":\"Contato\"}]},{\"@type\":\"WebSite\",\"@id\":\"https:\\\/\\\/inkuma.com.br\\\/#website\",\"url\":\"https:\\\/\\\/inkuma.com.br\\\/\",\"name\":\"Studio Inkuma\",\"description\":\"Editora independente focada em literatura e quadrinhos LGBTQIA+ e jogos de RPG.\",\"publisher\":{\"@id\":\"https:\\\/\\\/inkuma.com.br\\\/#organization\"},\"potentialAction\":[{\"@type\":\"SearchAction\",\"target\":{\"@type\":\"EntryPoint\",\"urlTemplate\":\"https:\\\/\\\/inkuma.com.br\\\/?s={search_term_string}\"},\"query-input\":{\"@type\":\"PropertyValueSpecification\",\"valueRequired\":true,\"valueName\":\"search_term_string\"}}],\"inLanguage\":\"es-AR\"},{\"@type\":\"Organization\",\"@id\":\"https:\\\/\\\/inkuma.com.br\\\/#organization\",\"name\":\"Studio Inkuma\",\"alternateName\":\"Inkuma\",\"url\":\"https:\\\/\\\/inkuma.com.br\\\/\",\"logo\":{\"@type\":\"ImageObject\",\"inLanguage\":\"es-AR\",\"@id\":\"https:\\\/\\\/inkuma.com.br\\\/#\\\/schema\\\/logo\\\/image\\\/\",\"url\":\"https:\\\/\\\/inkuma.com.br\\\/wp-content\\\/uploads\\\/2025\\\/10\\\/logo_inkuma_circulo_branco.svg\",\"contentUrl\":\"https:\\\/\\\/inkuma.com.br\\\/wp-content\\\/uploads\\\/2025\\\/10\\\/logo_inkuma_circulo_branco.svg\",\"width\":129,\"height\":129,\"caption\":\"Studio Inkuma\"},\"image\":{\"@id\":\"https:\\\/\\\/inkuma.com.br\\\/#\\\/schema\\\/logo\\\/image\\\/\"},\"sameAs\":[\"https:\\\/\\\/www.facebook.com\\\/studioinkuma\",\"https:\\\/\\\/x.com\\\/InkumaStudio\",\"https:\\\/\\\/www.instagram.com\\\/studioinkuma\\\/\",\"https:\\\/\\\/bsky.app\\\/profile\\\/studioinkuma.bsky.social\",\"https:\\\/\\\/www.tiktok.com\\\/@INKUMASTUDIO\"]}]}<\/script>\r\n<!-- \/ Yoast SEO plugin. -->","yoast_head_json":{"title":"Contato - Studio Inkuma","description":"Entre em contato conosco","robots":{"index":"index","follow":"follow","max-snippet":"max-snippet:-1","max-image-preview":"max-image-preview:large","max-video-preview":"max-video-preview:-1"},"canonical":"https:\/\/inkuma.com.br\/es\/contato\/","og_locale":"es_ES","og_type":"article","og_title":"contato","og_description":"Entre em contato conosco","og_url":"https:\/\/inkuma.com.br\/es\/contato\/","og_site_name":"Studio Inkuma","article_publisher":"https:\/\/www.facebook.com\/studioinkuma","article_modified_time":"2026-02-20T18:22:34+00:00","og_image":[{"width":1200,"height":800,"url":"https:\/\/inkuma.com.br\/wp-content\/uploads\/2025\/10\/post001_header.webp","type":"image\/webp"}],"twitter_card":"summary_large_image","twitter_site":"@InkumaStudio","twitter_misc":{"Tiempo de lectura":"1 minuto"},"schema":{"@context":"https:\/\/schema.org","@graph":[{"@type":"WebPage","@id":"https:\/\/inkuma.com.br\/contato\/","url":"https:\/\/inkuma.com.br\/contato\/","name":"Contato - Studio Inkuma","isPartOf":{"@id":"https:\/\/inkuma.com.br\/#website"},"datePublished":"2025-10-21T04:07:37+00:00","dateModified":"2026-02-20T18:22:34+00:00","description":"Entre em contato conosco","breadcrumb":{"@id":"https:\/\/inkuma.com.br\/contato\/#breadcrumb"},"inLanguage":"es-AR","potentialAction":[{"@type":"ReadAction","target":["https:\/\/inkuma.com.br\/contato\/"]}]},{"@type":"BreadcrumbList","@id":"https:\/\/inkuma.com.br\/contato\/#breadcrumb","itemListElement":[{"@type":"ListItem","position":1,"name":"In\u00edcio","item":"https:\/\/inkuma.com.br\/"},{"@type":"ListItem","position":2,"name":"Contato"}]},{"@type":"WebSite","@id":"https:\/\/inkuma.com.br\/#website","url":"https:\/\/inkuma.com.br\/","name":"Studio Inkuma","description":"Editora independente focada em literatura e quadrinhos LGBTQIA+ e jogos de RPG.","publisher":{"@id":"https:\/\/inkuma.com.br\/#organization"},"potentialAction":[{"@type":"SearchAction","target":{"@type":"EntryPoint","urlTemplate":"https:\/\/inkuma.com.br\/?s={search_term_string}"},"query-input":{"@type":"PropertyValueSpecification","valueRequired":true,"valueName":"search_term_string"}}],"inLanguage":"es-AR"},{"@type":"Organization","@id":"https:\/\/inkuma.com.br\/#organization","name":"Studio Inkuma","alternateName":"Inkuma","url":"https:\/\/inkuma.com.br\/","logo":{"@type":"ImageObject","inLanguage":"es-AR","@id":"https:\/\/inkuma.com.br\/#\/schema\/logo\/image\/","url":"https:\/\/inkuma.com.br\/wp-content\/uploads\/2025\/10\/logo_inkuma_circulo_branco.svg","contentUrl":"https:\/\/inkuma.com.br\/wp-content\/uploads\/2025\/10\/logo_inkuma_circulo_branco.svg","width":129,"height":129,"caption":"Studio Inkuma"},"image":{"@id":"https:\/\/inkuma.com.br\/#\/schema\/logo\/image\/"},"sameAs":["https:\/\/www.facebook.com\/studioinkuma","https:\/\/x.com\/InkumaStudio","https:\/\/www.instagram.com\/studioinkuma\/","https:\/\/bsky.app\/profile\/studioinkuma.bsky.social","https:\/\/www.tiktok.com\/@INKUMASTUDIO"]}]}},"_links":{"self":[{"href":"https:\/\/inkuma.com.br\/es\/wp-json\/wp\/v2\/pages\/378","targetHints":{"allow":["GET"]}}],"collection":[{"href":"https:\/\/inkuma.com.br\/es\/wp-json\/wp\/v2\/pages"}],"about":[{"href":"https:\/\/inkuma.com.br\/es\/wp-json\/wp\/v2\/types\/page"}],"author":[{"embeddable":true,"href":"https:\/\/inkuma.com.br\/es\/wp-json\/wp\/v2\/users\/1"}],"replies":[{"embeddable":true,"href":"https:\/\/inkuma.com.br\/es\/wp-json\/wp\/v2\/comments?post=378"}],"version-history":[{"count":53,"href":"https:\/\/inkuma.com.br\/es\/wp-json\/wp\/v2\/pages\/378\/revisions"}],"predecessor-version":[{"id":1944,"href":"https:\/\/inkuma.com.br\/es\/wp-json\/wp\/v2\/pages\/378\/revisions\/1944"}],"wp:attachment":[{"href":"https:\/\/inkuma.com.br\/es\/wp-json\/wp\/v2\/media?parent=378"}],"curies":[{"name":"wp","href":"https:\/\/api.w.org\/{rel}","templated":true}]}}