{"id":56,"date":"2025-10-15T17:29:12","date_gmt":"2025-10-15T20:29:12","guid":{"rendered":"https:\/\/inkuma.com.br\/index.php\/carrinho\/"},"modified":"2026-02-20T15:22:00","modified_gmt":"2026-02-20T18:22:00","slug":"carrinho","status":"publish","type":"page","link":"https:\/\/inkuma.com.br\/es\/carrinho\/","title":{"rendered":"Carrinho"},"content":{"rendered":"<div data-elementor-type=\"wp-page\" data-elementor-id=\"56\" class=\"elementor elementor-56\" data-elementor-settings=\"{&quot;ha_cmc_init_switcher&quot;:&quot;no&quot;}\" data-elementor-post-type=\"page\">\n\t\t\t\t<div class=\"elementor-element elementor-element-489608a e-flex e-con-boxed e-con e-parent\" data-id=\"489608a\" data-element_type=\"container\" data-e-type=\"container\" data-settings=\"{&quot;_ha_eqh_enable&quot;:false}\">\n\t\t\t\t\t<div class=\"e-con-inner\">\n\t\t\t\t<div class=\"elementor-element elementor-element-753f7b9 elementor-widget elementor-widget-heading\" data-id=\"753f7b9\" data-element_type=\"widget\" data-e-type=\"widget\" data-widget_type=\"heading.default\">\n\t\t\t\t\t<p class=\"elementor-heading-title elementor-size-default\">Carrinho<\/p>\t\t\t\t<\/div>\n\t\t\t\t\t<\/div>\n\t\t\t\t<\/div>\n\t\t<div class=\"elementor-element elementor-element-717a261 e-flex e-con-boxed e-con e-parent\" data-id=\"717a261\" data-element_type=\"container\" data-e-type=\"container\" data-settings=\"{&quot;_ha_eqh_enable&quot;:false}\">\n\t\t\t\t\t<div class=\"e-con-inner\">\n\t\t\t\t\t<\/div>\n\t\t\t\t<\/div>\n\t\t\t\t<\/div>","protected":false},"excerpt":{"rendered":"<p>Carrinho Remover item Imagem de miniatura Produto Pre\u00e7o Quantidade Subtotal \u00d7 Barakuma &#8211; Contos Urbanos R$\u00a049,90 Quantity &#8211; 1 + R$\u00a049,90 Atualizar o carrinho Aplicar cupom Total no carrinho Subtotal R$\u00a049,90 Remessa 1 Correios &#8211; Sedex: R$\u00a022,50Previs\u00e3o de entrega em at\u00e9 8 dias \u00fateis Correios &#8211; PAC: R$\u00a024,55Previs\u00e3o de entrega em at\u00e9 12 dias \u00fateis [&hellip;]<\/p>\n","protected":false},"author":1,"featured_media":0,"parent":0,"menu_order":0,"comment_status":"closed","ping_status":"closed","template":"","meta":{"inline_featured_image":false,"footnotes":""},"class_list":["post-56","page","type-page","status-publish","hentry"],"yoast_head":"<!-- This site is optimized with the Yoast SEO plugin v27.4 - https:\/\/yoast.com\/product\/yoast-seo-wordpress\/ -->\r\n<title>Carrinho - Studio Inkuma<\/title>\r\n<meta name=\"robots\" content=\"index, follow, max-snippet:-1, max-image-preview:large, max-video-preview:-1\" \/>\r\n<link rel=\"canonical\" href=\"https:\/\/inkuma.com.br\/es\/carrinho\/\" \/>\r\n<meta property=\"og:locale\" content=\"es_ES\" \/>\r\n<meta property=\"og:type\" content=\"article\" \/>\r\n<meta property=\"og:title\" content=\"Carrinho\" \/>\r\n<meta property=\"og:description\" content=\"Carrinho Remover item Imagem de miniatura Produto Pre\u00e7o Quantidade Subtotal \u00d7 Barakuma &#8211; Contos Urbanos R$\u00a049,90 Quantity &#8211; 1 + R$\u00a049,90 Atualizar o carrinho Aplicar cupom Total no carrinho Subtotal R$\u00a049,90 Remessa 1 Correios &#8211; Sedex: R$\u00a022,50Previs\u00e3o de entrega em at\u00e9 8 dias \u00fateis Correios &#8211; PAC: R$\u00a024,55Previs\u00e3o de entrega em at\u00e9 12 dias \u00fateis [&hellip;]\" \/>\r\n<meta property=\"og:url\" content=\"https:\/\/inkuma.com.br\/es\/carrinho\/\" \/>\r\n<meta property=\"og:site_name\" content=\"Studio Inkuma\" \/>\r\n<meta property=\"article:publisher\" content=\"https:\/\/www.facebook.com\/studioinkuma\" \/>\r\n<meta property=\"article:modified_time\" content=\"2026-02-20T18:22:00+00:00\" \/>\r\n<meta property=\"og:image\" content=\"https:\/\/inkuma.com.br\/wp-content\/uploads\/2025\/10\/post001_header.webp\" \/>\r\n\t<meta property=\"og:image:width\" content=\"1200\" \/>\r\n\t<meta property=\"og:image:height\" content=\"800\" \/>\r\n\t<meta property=\"og:image:type\" content=\"image\/webp\" \/>\r\n<meta name=\"twitter:card\" content=\"summary_large_image\" \/>\r\n<meta name=\"twitter:site\" content=\"@InkumaStudio\" \/>\r\n<meta name=\"twitter:label1\" content=\"Tiempo de lectura\" \/>\n\t<meta name=\"twitter:data1\" content=\"3 minutos\" \/>\r\n<script type=\"application\/ld+json\" class=\"yoast-schema-graph\">{\"@context\":\"https:\\\/\\\/schema.org\",\"@graph\":[{\"@type\":\"WebPage\",\"@id\":\"https:\\\/\\\/inkuma.com.br\\\/carrinho\\\/\",\"url\":\"https:\\\/\\\/inkuma.com.br\\\/carrinho\\\/\",\"name\":\"Carrinho - Studio Inkuma\",\"isPartOf\":{\"@id\":\"https:\\\/\\\/inkuma.com.br\\\/#website\"},\"primaryImageOfPage\":{\"@id\":\"https:\\\/\\\/inkuma.com.br\\\/carrinho\\\/#primaryimage\"},\"image\":{\"@id\":\"https:\\\/\\\/inkuma.com.br\\\/carrinho\\\/#primaryimage\"},\"thumbnailUrl\":\"https:\\\/\\\/inkuma.com.br\\\/wp-content\\\/uploads\\\/2026\\\/02\\\/capa_inkuma_barakuma_a18-300x300.webp\",\"datePublished\":\"2025-10-15T20:29:12+00:00\",\"dateModified\":\"2026-02-20T18:22:00+00:00\",\"breadcrumb\":{\"@id\":\"https:\\\/\\\/inkuma.com.br\\\/carrinho\\\/#breadcrumb\"},\"inLanguage\":\"es-AR\",\"potentialAction\":[{\"@type\":\"ReadAction\",\"target\":[\"https:\\\/\\\/inkuma.com.br\\\/carrinho\\\/\"]}]},{\"@type\":\"ImageObject\",\"inLanguage\":\"es-AR\",\"@id\":\"https:\\\/\\\/inkuma.com.br\\\/carrinho\\\/#primaryimage\",\"url\":\"https:\\\/\\\/inkuma.com.br\\\/wp-content\\\/uploads\\\/2026\\\/02\\\/capa_inkuma_barakuma_a18-300x300.webp\",\"contentUrl\":\"https:\\\/\\\/inkuma.com.br\\\/wp-content\\\/uploads\\\/2026\\\/02\\\/capa_inkuma_barakuma_a18-300x300.webp\"},{\"@type\":\"BreadcrumbList\",\"@id\":\"https:\\\/\\\/inkuma.com.br\\\/carrinho\\\/#breadcrumb\",\"itemListElement\":[{\"@type\":\"ListItem\",\"position\":1,\"name\":\"In\u00edcio\",\"item\":\"https:\\\/\\\/inkuma.com.br\\\/\"},{\"@type\":\"ListItem\",\"position\":2,\"name\":\"Carrinho\"}]},{\"@type\":\"WebSite\",\"@id\":\"https:\\\/\\\/inkuma.com.br\\\/#website\",\"url\":\"https:\\\/\\\/inkuma.com.br\\\/\",\"name\":\"Studio Inkuma\",\"description\":\"Editora independente focada em literatura e quadrinhos LGBTQIA+ e jogos de RPG.\",\"publisher\":{\"@id\":\"https:\\\/\\\/inkuma.com.br\\\/#organization\"},\"potentialAction\":[{\"@type\":\"SearchAction\",\"target\":{\"@type\":\"EntryPoint\",\"urlTemplate\":\"https:\\\/\\\/inkuma.com.br\\\/?s={search_term_string}\"},\"query-input\":{\"@type\":\"PropertyValueSpecification\",\"valueRequired\":true,\"valueName\":\"search_term_string\"}}],\"inLanguage\":\"es-AR\"},{\"@type\":\"Organization\",\"@id\":\"https:\\\/\\\/inkuma.com.br\\\/#organization\",\"name\":\"Studio Inkuma\",\"alternateName\":\"Inkuma\",\"url\":\"https:\\\/\\\/inkuma.com.br\\\/\",\"logo\":{\"@type\":\"ImageObject\",\"inLanguage\":\"es-AR\",\"@id\":\"https:\\\/\\\/inkuma.com.br\\\/#\\\/schema\\\/logo\\\/image\\\/\",\"url\":\"https:\\\/\\\/inkuma.com.br\\\/wp-content\\\/uploads\\\/2025\\\/10\\\/logo_inkuma_circulo_branco.svg\",\"contentUrl\":\"https:\\\/\\\/inkuma.com.br\\\/wp-content\\\/uploads\\\/2025\\\/10\\\/logo_inkuma_circulo_branco.svg\",\"width\":129,\"height\":129,\"caption\":\"Studio Inkuma\"},\"image\":{\"@id\":\"https:\\\/\\\/inkuma.com.br\\\/#\\\/schema\\\/logo\\\/image\\\/\"},\"sameAs\":[\"https:\\\/\\\/www.facebook.com\\\/studioinkuma\",\"https:\\\/\\\/x.com\\\/InkumaStudio\",\"https:\\\/\\\/www.instagram.com\\\/studioinkuma\\\/\",\"https:\\\/\\\/bsky.app\\\/profile\\\/studioinkuma.bsky.social\",\"https:\\\/\\\/www.tiktok.com\\\/@INKUMASTUDIO\"]}]}<\/script>\r\n<!-- \/ Yoast SEO plugin. -->","yoast_head_json":{"title":"Carrinho - Studio Inkuma","robots":{"index":"index","follow":"follow","max-snippet":"max-snippet:-1","max-image-preview":"max-image-preview:large","max-video-preview":"max-video-preview:-1"},"canonical":"https:\/\/inkuma.com.br\/es\/carrinho\/","og_locale":"es_ES","og_type":"article","og_title":"Carrinho","og_description":"Carrinho Remover item Imagem de miniatura Produto Pre\u00e7o Quantidade Subtotal \u00d7 Barakuma &#8211; Contos Urbanos R$\u00a049,90 Quantity &#8211; 1 + R$\u00a049,90 Atualizar o carrinho Aplicar cupom Total no carrinho Subtotal R$\u00a049,90 Remessa 1 Correios &#8211; Sedex: R$\u00a022,50Previs\u00e3o de entrega em at\u00e9 8 dias \u00fateis Correios &#8211; PAC: R$\u00a024,55Previs\u00e3o de entrega em at\u00e9 12 dias \u00fateis [&hellip;]","og_url":"https:\/\/inkuma.com.br\/es\/carrinho\/","og_site_name":"Studio Inkuma","article_publisher":"https:\/\/www.facebook.com\/studioinkuma","article_modified_time":"2026-02-20T18:22:00+00:00","og_image":[{"width":1200,"height":800,"url":"https:\/\/inkuma.com.br\/wp-content\/uploads\/2025\/10\/post001_header.webp","type":"image\/webp"}],"twitter_card":"summary_large_image","twitter_site":"@InkumaStudio","twitter_misc":{"Tiempo de lectura":"3 minutos"},"schema":{"@context":"https:\/\/schema.org","@graph":[{"@type":"WebPage","@id":"https:\/\/inkuma.com.br\/carrinho\/","url":"https:\/\/inkuma.com.br\/carrinho\/","name":"Carrinho - Studio Inkuma","isPartOf":{"@id":"https:\/\/inkuma.com.br\/#website"},"primaryImageOfPage":{"@id":"https:\/\/inkuma.com.br\/carrinho\/#primaryimage"},"image":{"@id":"https:\/\/inkuma.com.br\/carrinho\/#primaryimage"},"thumbnailUrl":"https:\/\/inkuma.com.br\/wp-content\/uploads\/2026\/02\/capa_inkuma_barakuma_a18-300x300.webp","datePublished":"2025-10-15T20:29:12+00:00","dateModified":"2026-02-20T18:22:00+00:00","breadcrumb":{"@id":"https:\/\/inkuma.com.br\/carrinho\/#breadcrumb"},"inLanguage":"es-AR","potentialAction":[{"@type":"ReadAction","target":["https:\/\/inkuma.com.br\/carrinho\/"]}]},{"@type":"ImageObject","inLanguage":"es-AR","@id":"https:\/\/inkuma.com.br\/carrinho\/#primaryimage","url":"https:\/\/inkuma.com.br\/wp-content\/uploads\/2026\/02\/capa_inkuma_barakuma_a18-300x300.webp","contentUrl":"https:\/\/inkuma.com.br\/wp-content\/uploads\/2026\/02\/capa_inkuma_barakuma_a18-300x300.webp"},{"@type":"BreadcrumbList","@id":"https:\/\/inkuma.com.br\/carrinho\/#breadcrumb","itemListElement":[{"@type":"ListItem","position":1,"name":"In\u00edcio","item":"https:\/\/inkuma.com.br\/"},{"@type":"ListItem","position":2,"name":"Carrinho"}]},{"@type":"WebSite","@id":"https:\/\/inkuma.com.br\/#website","url":"https:\/\/inkuma.com.br\/","name":"Studio Inkuma","description":"Editora independente focada em literatura e quadrinhos LGBTQIA+ e jogos de RPG.","publisher":{"@id":"https:\/\/inkuma.com.br\/#organization"},"potentialAction":[{"@type":"SearchAction","target":{"@type":"EntryPoint","urlTemplate":"https:\/\/inkuma.com.br\/?s={search_term_string}"},"query-input":{"@type":"PropertyValueSpecification","valueRequired":true,"valueName":"search_term_string"}}],"inLanguage":"es-AR"},{"@type":"Organization","@id":"https:\/\/inkuma.com.br\/#organization","name":"Studio Inkuma","alternateName":"Inkuma","url":"https:\/\/inkuma.com.br\/","logo":{"@type":"ImageObject","inLanguage":"es-AR","@id":"https:\/\/inkuma.com.br\/#\/schema\/logo\/image\/","url":"https:\/\/inkuma.com.br\/wp-content\/uploads\/2025\/10\/logo_inkuma_circulo_branco.svg","contentUrl":"https:\/\/inkuma.com.br\/wp-content\/uploads\/2025\/10\/logo_inkuma_circulo_branco.svg","width":129,"height":129,"caption":"Studio Inkuma"},"image":{"@id":"https:\/\/inkuma.com.br\/#\/schema\/logo\/image\/"},"sameAs":["https:\/\/www.facebook.com\/studioinkuma","https:\/\/x.com\/InkumaStudio","https:\/\/www.instagram.com\/studioinkuma\/","https:\/\/bsky.app\/profile\/studioinkuma.bsky.social","https:\/\/www.tiktok.com\/@INKUMASTUDIO"]}]}},"_links":{"self":[{"href":"https:\/\/inkuma.com.br\/es\/wp-json\/wp\/v2\/pages\/56","targetHints":{"allow":["GET"]}}],"collection":[{"href":"https:\/\/inkuma.com.br\/es\/wp-json\/wp\/v2\/pages"}],"about":[{"href":"https:\/\/inkuma.com.br\/es\/wp-json\/wp\/v2\/types\/page"}],"author":[{"embeddable":true,"href":"https:\/\/inkuma.com.br\/es\/wp-json\/wp\/v2\/users\/1"}],"replies":[{"embeddable":true,"href":"https:\/\/inkuma.com.br\/es\/wp-json\/wp\/v2\/comments?post=56"}],"version-history":[{"count":20,"href":"https:\/\/inkuma.com.br\/es\/wp-json\/wp\/v2\/pages\/56\/revisions"}],"predecessor-version":[{"id":1943,"href":"https:\/\/inkuma.com.br\/es\/wp-json\/wp\/v2\/pages\/56\/revisions\/1943"}],"wp:attachment":[{"href":"https:\/\/inkuma.com.br\/es\/wp-json\/wp\/v2\/media?parent=56"}],"curies":[{"name":"wp","href":"https:\/\/api.w.org\/{rel}","templated":true}]}}