{"id":671,"date":"2025-11-01T21:18:22","date_gmt":"2025-11-02T00:18:22","guid":{"rendered":"https:\/\/inkuma.com.br\/?page_id=671"},"modified":"2025-11-01T21:32:22","modified_gmt":"2025-11-02T00:32:22","slug":"quadrinhosplus18","status":"publish","type":"page","link":"https:\/\/inkuma.com.br\/es\/quadrinhosplus18\/","title":{"rendered":"Novelas Gr\u00e1ficas +18"},"content":{"rendered":"<div data-elementor-type=\"wp-page\" data-elementor-id=\"671\" class=\"elementor elementor-671\" data-elementor-settings=\"{&quot;ha_cmc_init_switcher&quot;:&quot;no&quot;}\" data-elementor-post-type=\"page\">\n\t\t\t\t<div class=\"elementor-element elementor-element-f5de04c e-flex e-con-boxed e-con e-parent\" data-id=\"f5de04c\" data-element_type=\"container\" data-e-type=\"container\" data-settings=\"{&quot;_ha_eqh_enable&quot;:false}\">\n\t\t\t\t\t<div class=\"e-con-inner\">\n\t\t\t\t<div class=\"elementor-element elementor-element-ddf9ef4 elementor-widget elementor-widget-woocommerce-breadcrumb\" data-id=\"ddf9ef4\" data-element_type=\"widget\" data-e-type=\"widget\" data-widget_type=\"woocommerce-breadcrumb.default\">\n\t\t\t\t\t<nav class=\"woocommerce-breadcrumb\" aria-label=\"Breadcrumb\" data-no-translation=\"\" data-trp-gettext=\"\">Inicio<\/nav>\t\t\t\t<\/div>\n\t\t\t\t<div class=\"elementor-element elementor-element-2385641 elementor-widget elementor-widget-text-editor\" data-id=\"2385641\" data-element_type=\"widget\" data-e-type=\"widget\" data-widget_type=\"text-editor.default\">\n\t\t\t\t\t\t\t\t\t<p>Novelas Gr\u00e1ficas +18<\/p>\t\t\t\t\t\t\t\t<\/div>\n\t\t\t\t\t<\/div>\n\t\t\t\t<\/div>\n\t\t<div class=\"elementor-element elementor-element-0d3fefa e-flex e-con-boxed e-con e-parent\" data-id=\"0d3fefa\" data-element_type=\"container\" data-e-type=\"container\" data-settings=\"{&quot;_ha_eqh_enable&quot;:false}\">\n\t\t\t\t\t<div class=\"e-con-inner\">\n\t\t\t\t<div class=\"elementor-element elementor-element-c82565e elementor-grid-mobile-1 elementor-product-loop-item--align-center elementor-grid-4 elementor-grid-tablet-3 elementor-products-grid elementor-wc-products elementor-show-pagination-border-yes ha-has-bg-overlay elementor-widget elementor-widget-woocommerce-products\" data-id=\"c82565e\" data-element_type=\"widget\" data-e-type=\"widget\" data-widget_type=\"woocommerce-products.default\">\n\t\t\t\t<div class=\"elementor-widget-container\">\n\t\t\t\t\t<div class=\"woocommerce columns-4\"><div class=\"woocommerce-notices-wrapper\"><\/div><ul class=\"products elementor-grid columns-4\">\n<li class=\"product type-product post-1799 status-publish first instock product_cat-destaque product_cat-quadrinhos18 has-post-thumbnail shipping-taxable purchasable product-type-simple\">\n\t<a href=\"https:\/\/inkuma.com.br\/es\/producto\/pocket-porn-1\/\" class=\"woocommerce-LoopProduct-link woocommerce-loop-product__link\"><img fetchpriority=\"high\" decoding=\"async\" width=\"300\" height=\"300\" src=\"https:\/\/inkuma.com.br\/wp-content\/uploads\/2026\/02\/capa_inkuma_pocket_porn_01_a18-300x300.webp\" class=\"attachment-woocommerce_thumbnail size-woocommerce_thumbnail\" alt=\"Pocket Porn 1\" srcset=\"https:\/\/inkuma.com.br\/wp-content\/uploads\/2026\/02\/capa_inkuma_pocket_porn_01_a18-300x300.webp 300w, https:\/\/inkuma.com.br\/wp-content\/uploads\/2026\/02\/capa_inkuma_pocket_porn_01_a18-1024x1024.webp 1024w, https:\/\/inkuma.com.br\/wp-content\/uploads\/2026\/02\/capa_inkuma_pocket_porn_01_a18-150x150.webp 150w, https:\/\/inkuma.com.br\/wp-content\/uploads\/2026\/02\/capa_inkuma_pocket_porn_01_a18-768x768.webp 768w, https:\/\/inkuma.com.br\/wp-content\/uploads\/2026\/02\/capa_inkuma_pocket_porn_01_a18-12x12.webp 12w, https:\/\/inkuma.com.br\/wp-content\/uploads\/2026\/02\/capa_inkuma_pocket_porn_01_a18-600x600.webp 600w, https:\/\/inkuma.com.br\/wp-content\/uploads\/2026\/02\/capa_inkuma_pocket_porn_01_a18-100x100.webp 100w, https:\/\/inkuma.com.br\/wp-content\/uploads\/2026\/02\/capa_inkuma_pocket_porn_01_a18.webp 1400w\" sizes=\"(max-width: 300px) 100vw, 300px\" \/><h2 class=\"woocommerce-loop-product__title\">Pocket Porn 1<\/h2>\n\t<span class=\"price\"><span class=\"woocommerce-Price-amount amount\"><bdi><span class=\"woocommerce-Price-currencySymbol\">&#82;&#36;<\/span>&nbsp;9,90<\/bdi><\/span><\/span>\n<\/a><div class=\"woocommerce-loop-product__buttons\"><a href=\"\/es\/wp-json\/wp\/v2\/pages\/671?add-to-cart=1799\" aria-describedby=\"woocommerce_loop_add_to_cart_link_describedby_1799\" data-quantity=\"1\" class=\"button product_type_simple add_to_cart_button ajax_add_to_cart\" data-product_id=\"1799\" data-product_sku=\"\" aria-label=\"Add to cart: \u201cPocket Porn 1\u201d\" rel=\"nofollow\" data-success_message=\"\u201cPocket Porn 1\u201d se agreg\u00f3 al carrito\" role=\"button\" data-no-translation=\"\" data-trp-gettext=\"\" data-no-translation-aria-label=\"\" data-no-translation-data-success_message=\"\">Agregar al carrito<\/a><\/div>\t<span id=\"woocommerce_loop_add_to_cart_link_describedby_1799\" class=\"screen-reader-text\">\n\t\t\t<\/span>\n<\/li>\n<li class=\"product type-product post-1537 status-publish instock product_cat-destaque product_cat-quadrinhos18 has-post-thumbnail downloadable virtual purchasable product-type-simple\">\n\t<a href=\"https:\/\/inkuma.com.br\/es\/producto\/barakuma-contos-urbanos-pdf\/\" class=\"woocommerce-LoopProduct-link woocommerce-loop-product__link\"><img decoding=\"async\" width=\"300\" height=\"300\" src=\"https:\/\/inkuma.com.br\/wp-content\/uploads\/2026\/02\/capa_inkuma_barakuma_pdf_a18-300x300.webp\" class=\"attachment-woocommerce_thumbnail size-woocommerce_thumbnail\" alt=\"Barakuma - Contos Urbanos - PDF\" srcset=\"https:\/\/inkuma.com.br\/wp-content\/uploads\/2026\/02\/capa_inkuma_barakuma_pdf_a18-300x300.webp 300w, https:\/\/inkuma.com.br\/wp-content\/uploads\/2026\/02\/capa_inkuma_barakuma_pdf_a18-1024x1024.webp 1024w, https:\/\/inkuma.com.br\/wp-content\/uploads\/2026\/02\/capa_inkuma_barakuma_pdf_a18-150x150.webp 150w, https:\/\/inkuma.com.br\/wp-content\/uploads\/2026\/02\/capa_inkuma_barakuma_pdf_a18-768x768.webp 768w, https:\/\/inkuma.com.br\/wp-content\/uploads\/2026\/02\/capa_inkuma_barakuma_pdf_a18-12x12.webp 12w, https:\/\/inkuma.com.br\/wp-content\/uploads\/2026\/02\/capa_inkuma_barakuma_pdf_a18-600x600.webp 600w, https:\/\/inkuma.com.br\/wp-content\/uploads\/2026\/02\/capa_inkuma_barakuma_pdf_a18-100x100.webp 100w, https:\/\/inkuma.com.br\/wp-content\/uploads\/2026\/02\/capa_inkuma_barakuma_pdf_a18.webp 1400w\" sizes=\"(max-width: 300px) 100vw, 300px\" \/><h2 class=\"woocommerce-loop-product__title\">Barakuma &#8211; Contos Urbanos &#8211; PDF<\/h2>\n\t<span class=\"price\"><span class=\"woocommerce-Price-amount amount\"><bdi><span class=\"woocommerce-Price-currencySymbol\">&#82;&#36;<\/span>&nbsp;29,90<\/bdi><\/span><\/span>\n<\/a><div class=\"woocommerce-loop-product__buttons\"><a href=\"\/es\/wp-json\/wp\/v2\/pages\/671?add-to-cart=1537\" aria-describedby=\"woocommerce_loop_add_to_cart_link_describedby_1537\" data-quantity=\"1\" class=\"button product_type_simple add_to_cart_button ajax_add_to_cart\" data-product_id=\"1537\" data-product_sku=\"\" aria-label=\"Add to cart: \u201cBarakuma - Contos Urbanos - PDF\u201d\" rel=\"nofollow\" data-success_message=\"\u201cBarakuma - Contos Urbanos - PDF\u201d se agreg\u00f3 al carrito\" role=\"button\" data-no-translation=\"\" data-trp-gettext=\"\" data-no-translation-aria-label=\"\" data-no-translation-data-success_message=\"\">Agregar al carrito<\/a><\/div>\t<span id=\"woocommerce_loop_add_to_cart_link_describedby_1537\" class=\"screen-reader-text\">\n\t\t\t<\/span>\n<\/li>\n<li class=\"product type-product post-1453 status-publish instock product_cat-destaque product_cat-quadrinhos18 has-post-thumbnail downloadable virtual purchasable product-type-simple\">\n\t<a href=\"https:\/\/inkuma.com.br\/es\/producto\/curtis-moore-lar-doce-lar-edicao-bilingue-pdf\/\" class=\"woocommerce-LoopProduct-link woocommerce-loop-product__link\"><img decoding=\"async\" width=\"300\" height=\"300\" src=\"https:\/\/inkuma.com.br\/wp-content\/uploads\/2026\/02\/capa_inkuma_curtis_y_moore_001_br_pdf_a18-300x300.webp\" class=\"attachment-woocommerce_thumbnail size-woocommerce_thumbnail\" alt=\"Curtis &amp; Moore - Lar Doce Lar - Edi\u00e7\u00e3o Bil\u00edngue - PDF\" srcset=\"https:\/\/inkuma.com.br\/wp-content\/uploads\/2026\/02\/capa_inkuma_curtis_y_moore_001_br_pdf_a18-300x300.webp 300w, https:\/\/inkuma.com.br\/wp-content\/uploads\/2026\/02\/capa_inkuma_curtis_y_moore_001_br_pdf_a18-1024x1024.webp 1024w, https:\/\/inkuma.com.br\/wp-content\/uploads\/2026\/02\/capa_inkuma_curtis_y_moore_001_br_pdf_a18-150x150.webp 150w, https:\/\/inkuma.com.br\/wp-content\/uploads\/2026\/02\/capa_inkuma_curtis_y_moore_001_br_pdf_a18-768x768.webp 768w, https:\/\/inkuma.com.br\/wp-content\/uploads\/2026\/02\/capa_inkuma_curtis_y_moore_001_br_pdf_a18-12x12.webp 12w, https:\/\/inkuma.com.br\/wp-content\/uploads\/2026\/02\/capa_inkuma_curtis_y_moore_001_br_pdf_a18-600x600.webp 600w, https:\/\/inkuma.com.br\/wp-content\/uploads\/2026\/02\/capa_inkuma_curtis_y_moore_001_br_pdf_a18-100x100.webp 100w, https:\/\/inkuma.com.br\/wp-content\/uploads\/2026\/02\/capa_inkuma_curtis_y_moore_001_br_pdf_a18.webp 1400w\" sizes=\"(max-width: 300px) 100vw, 300px\" \/><h2 class=\"woocommerce-loop-product__title\">Curtis y Moore \u2013 Hogar, dulce hogar! \u2013  Edici\u00f3n Bilingue \u2013 PDF<\/h2>\n\t<span class=\"price\"><span class=\"woocommerce-Price-amount amount\"><bdi><span class=\"woocommerce-Price-currencySymbol\">&#82;&#36;<\/span>&nbsp;14,90<\/bdi><\/span><\/span>\n<\/a><div class=\"woocommerce-loop-product__buttons\"><a href=\"\/es\/wp-json\/wp\/v2\/pages\/671?add-to-cart=1453\" aria-describedby=\"woocommerce_loop_add_to_cart_link_describedby_1453\" data-quantity=\"1\" class=\"button product_type_simple add_to_cart_button ajax_add_to_cart\" data-product_id=\"1453\" data-product_sku=\"\" aria-label=\"Add to cart: \u201cCurtis &amp; Moore - Lar Doce Lar - Edi\u00e7\u00e3o Bil\u00edngue - PDF\u201d\" rel=\"nofollow\" data-success_message=\"\u201cCurtis &amp; Moore - Lar Doce Lar - Edi\u00e7\u00e3o Bil\u00edngue - PDF\u201d se agreg\u00f3 al carrito\" role=\"button\" data-no-translation=\"\" data-trp-gettext=\"\" data-no-translation-aria-label=\"\" data-no-translation-data-success_message=\"\">Agregar al carrito<\/a><\/div>\t<span id=\"woocommerce_loop_add_to_cart_link_describedby_1453\" class=\"screen-reader-text\">\n\t\t\t<\/span>\n<\/li>\n<li class=\"product type-product post-1805 status-publish last instock product_cat-destaque product_cat-quadrinhos18 product_tag-bara product_tag-barakuma product_tag-graphic-novel-queer product_tag-hq-bara product_tag-inkuma product_tag-quadrinhos-bara product_tag-quadrinhos-gay product_tag-quadrinhos-lgbtqia product_tag-quadrinhos-ursos has-post-thumbnail shipping-taxable purchasable product-type-simple\">\n\t<a href=\"https:\/\/inkuma.com.br\/es\/producto\/barakuma-contos-urbanos\/\" class=\"woocommerce-LoopProduct-link woocommerce-loop-product__link\"><img loading=\"lazy\" decoding=\"async\" width=\"300\" height=\"300\" src=\"https:\/\/inkuma.com.br\/wp-content\/uploads\/2026\/02\/capa_inkuma_barakuma_a18-300x300.webp\" class=\"attachment-woocommerce_thumbnail size-woocommerce_thumbnail\" alt=\"Barakuma - Contos Urbanos\" srcset=\"https:\/\/inkuma.com.br\/wp-content\/uploads\/2026\/02\/capa_inkuma_barakuma_a18-300x300.webp 300w, https:\/\/inkuma.com.br\/wp-content\/uploads\/2026\/02\/capa_inkuma_barakuma_a18-1024x1024.webp 1024w, https:\/\/inkuma.com.br\/wp-content\/uploads\/2026\/02\/capa_inkuma_barakuma_a18-150x150.webp 150w, https:\/\/inkuma.com.br\/wp-content\/uploads\/2026\/02\/capa_inkuma_barakuma_a18-768x768.webp 768w, https:\/\/inkuma.com.br\/wp-content\/uploads\/2026\/02\/capa_inkuma_barakuma_a18-12x12.webp 12w, https:\/\/inkuma.com.br\/wp-content\/uploads\/2026\/02\/capa_inkuma_barakuma_a18-600x600.webp 600w, https:\/\/inkuma.com.br\/wp-content\/uploads\/2026\/02\/capa_inkuma_barakuma_a18-100x100.webp 100w, https:\/\/inkuma.com.br\/wp-content\/uploads\/2026\/02\/capa_inkuma_barakuma_a18.webp 1400w\" sizes=\"(max-width: 300px) 100vw, 300px\" \/><h2 class=\"woocommerce-loop-product__title\">Barakuma &#8211; Contos Urbanos<\/h2>\n\t<span class=\"price\"><span class=\"woocommerce-Price-amount amount\"><bdi><span class=\"woocommerce-Price-currencySymbol\">&#82;&#36;<\/span>&nbsp;49,90<\/bdi><\/span><\/span>\n<\/a><div class=\"woocommerce-loop-product__buttons\"><a href=\"\/es\/wp-json\/wp\/v2\/pages\/671?add-to-cart=1805\" aria-describedby=\"woocommerce_loop_add_to_cart_link_describedby_1805\" data-quantity=\"1\" class=\"button product_type_simple add_to_cart_button ajax_add_to_cart\" data-product_id=\"1805\" data-product_sku=\"\" aria-label=\"Add to cart: \u201cBarakuma - Contos Urbanos\u201d\" rel=\"nofollow\" data-success_message=\"\u201cBarakuma - Contos Urbanos\u201d se agreg\u00f3 al carrito\" role=\"button\" data-no-translation=\"\" data-trp-gettext=\"\" data-no-translation-aria-label=\"\" data-no-translation-data-success_message=\"\">Agregar al carrito<\/a><\/div>\t<span id=\"woocommerce_loop_add_to_cart_link_describedby_1805\" class=\"screen-reader-text\">\n\t\t\t<\/span>\n<\/li>\n<li class=\"product type-product post-1448 status-publish first instock product_cat-destaque product_cat-quadrinhos18 product_tag-bilingue product_tag-curtis product_tag-graphic-novel-bilingue product_tag-hq-bilingue product_tag-inkuma product_tag-lgbtqia product_tag-moore product_tag-quadrinhos-bilingues product_tag-quadrinhos-independentes product_tag-queer has-post-thumbnail shipping-taxable purchasable product-type-simple\">\n\t<a href=\"https:\/\/inkuma.com.br\/es\/producto\/curtis-moore-lar-doce-lar-edicao-bilingue\/\" class=\"woocommerce-LoopProduct-link woocommerce-loop-product__link\"><img loading=\"lazy\" decoding=\"async\" width=\"300\" height=\"300\" src=\"https:\/\/inkuma.com.br\/wp-content\/uploads\/2026\/02\/capa_inkuma_curtis_y_moore_001_br_a18-300x300.webp\" class=\"attachment-woocommerce_thumbnail size-woocommerce_thumbnail\" alt=\"Curtis &amp; Moore - Lar Doce Lar - Edi\u00e7\u00e3o Bil\u00edngue\" srcset=\"https:\/\/inkuma.com.br\/wp-content\/uploads\/2026\/02\/capa_inkuma_curtis_y_moore_001_br_a18-300x300.webp 300w, https:\/\/inkuma.com.br\/wp-content\/uploads\/2026\/02\/capa_inkuma_curtis_y_moore_001_br_a18-1024x1024.webp 1024w, https:\/\/inkuma.com.br\/wp-content\/uploads\/2026\/02\/capa_inkuma_curtis_y_moore_001_br_a18-150x150.webp 150w, https:\/\/inkuma.com.br\/wp-content\/uploads\/2026\/02\/capa_inkuma_curtis_y_moore_001_br_a18-768x768.webp 768w, https:\/\/inkuma.com.br\/wp-content\/uploads\/2026\/02\/capa_inkuma_curtis_y_moore_001_br_a18-12x12.webp 12w, https:\/\/inkuma.com.br\/wp-content\/uploads\/2026\/02\/capa_inkuma_curtis_y_moore_001_br_a18-600x600.webp 600w, https:\/\/inkuma.com.br\/wp-content\/uploads\/2026\/02\/capa_inkuma_curtis_y_moore_001_br_a18-100x100.webp 100w, https:\/\/inkuma.com.br\/wp-content\/uploads\/2026\/02\/capa_inkuma_curtis_y_moore_001_br_a18.webp 1400w\" sizes=\"(max-width: 300px) 100vw, 300px\" \/><h2 class=\"woocommerce-loop-product__title\">Curtis y Moore \u2013 Hogar, dulce hogar! \u2013  Edici\u00f3n Bilingue<\/h2>\n\t<span class=\"price\"><span class=\"woocommerce-Price-amount amount\"><bdi><span class=\"woocommerce-Price-currencySymbol\">&#82;&#36;<\/span>&nbsp;29,90<\/bdi><\/span><\/span>\n<\/a><div class=\"woocommerce-loop-product__buttons\"><a href=\"\/es\/wp-json\/wp\/v2\/pages\/671?add-to-cart=1448\" aria-describedby=\"woocommerce_loop_add_to_cart_link_describedby_1448\" data-quantity=\"1\" class=\"button product_type_simple add_to_cart_button ajax_add_to_cart\" data-product_id=\"1448\" data-product_sku=\"\" aria-label=\"Add to cart: \u201cCurtis &amp; Moore - Lar Doce Lar - Edi\u00e7\u00e3o Bil\u00edngue\u201d\" rel=\"nofollow\" data-success_message=\"\u201cCurtis &amp; Moore - Lar Doce Lar - Edi\u00e7\u00e3o Bil\u00edngue\u201d se agreg\u00f3 al carrito\" role=\"button\" data-no-translation=\"\" data-trp-gettext=\"\" data-no-translation-aria-label=\"\" data-no-translation-data-success_message=\"\">Agregar al carrito<\/a><\/div>\t<span id=\"woocommerce_loop_add_to_cart_link_describedby_1448\" class=\"screen-reader-text\">\n\t\t\t<\/span>\n<\/li>\n<\/ul>\n<\/div>\t\t\t\t<\/div>\n\t\t\t\t<\/div>\n\t\t\t\t\t<\/div>\n\t\t\t\t<\/div>\n\t\t\t\t<\/div>","protected":false},"excerpt":{"rendered":"<p>Novelas Gr\u00e1ficas +18<\/p>","protected":false},"author":1,"featured_media":0,"parent":0,"menu_order":0,"comment_status":"closed","ping_status":"closed","template":"","meta":{"inline_featured_image":false,"footnotes":""},"class_list":["post-671","page","type-page","status-publish","hentry"],"yoast_head":"<!-- This site is optimized with the Yoast SEO plugin v27.4 - https:\/\/yoast.com\/product\/yoast-seo-wordpress\/ -->\r\n<title>Quadrinhos +18 - Studio Inkuma<\/title>\r\n<meta name=\"robots\" content=\"index, follow, max-snippet:-1, max-image-preview:large, max-video-preview:-1\" \/>\r\n<link rel=\"canonical\" href=\"https:\/\/inkuma.com.br\/es\/quadrinhosplus18\/\" \/>\r\n<meta property=\"og:locale\" content=\"es_ES\" \/>\r\n<meta property=\"og:type\" content=\"article\" \/>\r\n<meta property=\"og:title\" content=\"Quadrinhos +18 - Studio Inkuma\" \/>\r\n<meta property=\"og:description\" content=\"QUADRINHOS +18\" \/>\r\n<meta property=\"og:url\" content=\"https:\/\/inkuma.com.br\/es\/quadrinhosplus18\/\" \/>\r\n<meta property=\"og:site_name\" content=\"Studio Inkuma\" \/>\r\n<meta property=\"article:publisher\" content=\"https:\/\/www.facebook.com\/studioinkuma\" \/>\r\n<meta property=\"article:modified_time\" content=\"2025-11-02T00:32:22+00:00\" \/>\r\n<meta name=\"twitter:card\" content=\"summary_large_image\" \/>\r\n<meta name=\"twitter:site\" content=\"@InkumaStudio\" \/>\r\n<script type=\"application\/ld+json\" class=\"yoast-schema-graph\">{\"@context\":\"https:\\\/\\\/schema.org\",\"@graph\":[{\"@type\":\"WebPage\",\"@id\":\"https:\\\/\\\/inkuma.com.br\\\/quadrinhosplus18\\\/\",\"url\":\"https:\\\/\\\/inkuma.com.br\\\/quadrinhosplus18\\\/\",\"name\":\"Quadrinhos +18 - Studio Inkuma\",\"isPartOf\":{\"@id\":\"https:\\\/\\\/inkuma.com.br\\\/#website\"},\"datePublished\":\"2025-11-02T00:18:22+00:00\",\"dateModified\":\"2025-11-02T00:32:22+00:00\",\"breadcrumb\":{\"@id\":\"https:\\\/\\\/inkuma.com.br\\\/quadrinhosplus18\\\/#breadcrumb\"},\"inLanguage\":\"es-AR\",\"potentialAction\":[{\"@type\":\"ReadAction\",\"target\":[\"https:\\\/\\\/inkuma.com.br\\\/quadrinhosplus18\\\/\"]}]},{\"@type\":\"BreadcrumbList\",\"@id\":\"https:\\\/\\\/inkuma.com.br\\\/quadrinhosplus18\\\/#breadcrumb\",\"itemListElement\":[{\"@type\":\"ListItem\",\"position\":1,\"name\":\"In\u00edcio\",\"item\":\"https:\\\/\\\/inkuma.com.br\\\/\"},{\"@type\":\"ListItem\",\"position\":2,\"name\":\"Quadrinhos +18\"}]},{\"@type\":\"WebSite\",\"@id\":\"https:\\\/\\\/inkuma.com.br\\\/#website\",\"url\":\"https:\\\/\\\/inkuma.com.br\\\/\",\"name\":\"Studio Inkuma\",\"description\":\"Editora independente focada em literatura e quadrinhos LGBTQIA+ e jogos de RPG.\",\"publisher\":{\"@id\":\"https:\\\/\\\/inkuma.com.br\\\/#organization\"},\"potentialAction\":[{\"@type\":\"SearchAction\",\"target\":{\"@type\":\"EntryPoint\",\"urlTemplate\":\"https:\\\/\\\/inkuma.com.br\\\/?s={search_term_string}\"},\"query-input\":{\"@type\":\"PropertyValueSpecification\",\"valueRequired\":true,\"valueName\":\"search_term_string\"}}],\"inLanguage\":\"es-AR\"},{\"@type\":\"Organization\",\"@id\":\"https:\\\/\\\/inkuma.com.br\\\/#organization\",\"name\":\"Studio Inkuma\",\"alternateName\":\"Inkuma\",\"url\":\"https:\\\/\\\/inkuma.com.br\\\/\",\"logo\":{\"@type\":\"ImageObject\",\"inLanguage\":\"es-AR\",\"@id\":\"https:\\\/\\\/inkuma.com.br\\\/#\\\/schema\\\/logo\\\/image\\\/\",\"url\":\"https:\\\/\\\/inkuma.com.br\\\/wp-content\\\/uploads\\\/2025\\\/10\\\/logo_inkuma_circulo_branco.svg\",\"contentUrl\":\"https:\\\/\\\/inkuma.com.br\\\/wp-content\\\/uploads\\\/2025\\\/10\\\/logo_inkuma_circulo_branco.svg\",\"width\":129,\"height\":129,\"caption\":\"Studio Inkuma\"},\"image\":{\"@id\":\"https:\\\/\\\/inkuma.com.br\\\/#\\\/schema\\\/logo\\\/image\\\/\"},\"sameAs\":[\"https:\\\/\\\/www.facebook.com\\\/studioinkuma\",\"https:\\\/\\\/x.com\\\/InkumaStudio\",\"https:\\\/\\\/www.instagram.com\\\/studioinkuma\\\/\",\"https:\\\/\\\/bsky.app\\\/profile\\\/studioinkuma.bsky.social\",\"https:\\\/\\\/www.tiktok.com\\\/@INKUMASTUDIO\"]}]}<\/script>\r\n<!-- \/ Yoast SEO plugin. -->","yoast_head_json":{"title":"Quadrinhos +18 - Studio Inkuma","robots":{"index":"index","follow":"follow","max-snippet":"max-snippet:-1","max-image-preview":"max-image-preview:large","max-video-preview":"max-video-preview:-1"},"canonical":"https:\/\/inkuma.com.br\/es\/quadrinhosplus18\/","og_locale":"es_ES","og_type":"article","og_title":"Quadrinhos +18 - Studio Inkuma","og_description":"QUADRINHOS +18","og_url":"https:\/\/inkuma.com.br\/es\/quadrinhosplus18\/","og_site_name":"Studio Inkuma","article_publisher":"https:\/\/www.facebook.com\/studioinkuma","article_modified_time":"2025-11-02T00:32:22+00:00","twitter_card":"summary_large_image","twitter_site":"@InkumaStudio","schema":{"@context":"https:\/\/schema.org","@graph":[{"@type":"WebPage","@id":"https:\/\/inkuma.com.br\/quadrinhosplus18\/","url":"https:\/\/inkuma.com.br\/quadrinhosplus18\/","name":"Quadrinhos +18 - Studio Inkuma","isPartOf":{"@id":"https:\/\/inkuma.com.br\/#website"},"datePublished":"2025-11-02T00:18:22+00:00","dateModified":"2025-11-02T00:32:22+00:00","breadcrumb":{"@id":"https:\/\/inkuma.com.br\/quadrinhosplus18\/#breadcrumb"},"inLanguage":"es-AR","potentialAction":[{"@type":"ReadAction","target":["https:\/\/inkuma.com.br\/quadrinhosplus18\/"]}]},{"@type":"BreadcrumbList","@id":"https:\/\/inkuma.com.br\/quadrinhosplus18\/#breadcrumb","itemListElement":[{"@type":"ListItem","position":1,"name":"In\u00edcio","item":"https:\/\/inkuma.com.br\/"},{"@type":"ListItem","position":2,"name":"Quadrinhos +18"}]},{"@type":"WebSite","@id":"https:\/\/inkuma.com.br\/#website","url":"https:\/\/inkuma.com.br\/","name":"Studio Inkuma","description":"Editora independente focada em literatura e quadrinhos LGBTQIA+ e jogos de RPG.","publisher":{"@id":"https:\/\/inkuma.com.br\/#organization"},"potentialAction":[{"@type":"SearchAction","target":{"@type":"EntryPoint","urlTemplate":"https:\/\/inkuma.com.br\/?s={search_term_string}"},"query-input":{"@type":"PropertyValueSpecification","valueRequired":true,"valueName":"search_term_string"}}],"inLanguage":"es-AR"},{"@type":"Organization","@id":"https:\/\/inkuma.com.br\/#organization","name":"Studio Inkuma","alternateName":"Inkuma","url":"https:\/\/inkuma.com.br\/","logo":{"@type":"ImageObject","inLanguage":"es-AR","@id":"https:\/\/inkuma.com.br\/#\/schema\/logo\/image\/","url":"https:\/\/inkuma.com.br\/wp-content\/uploads\/2025\/10\/logo_inkuma_circulo_branco.svg","contentUrl":"https:\/\/inkuma.com.br\/wp-content\/uploads\/2025\/10\/logo_inkuma_circulo_branco.svg","width":129,"height":129,"caption":"Studio Inkuma"},"image":{"@id":"https:\/\/inkuma.com.br\/#\/schema\/logo\/image\/"},"sameAs":["https:\/\/www.facebook.com\/studioinkuma","https:\/\/x.com\/InkumaStudio","https:\/\/www.instagram.com\/studioinkuma\/","https:\/\/bsky.app\/profile\/studioinkuma.bsky.social","https:\/\/www.tiktok.com\/@INKUMASTUDIO"]}]}},"_links":{"self":[{"href":"https:\/\/inkuma.com.br\/es\/wp-json\/wp\/v2\/pages\/671","targetHints":{"allow":["GET"]}}],"collection":[{"href":"https:\/\/inkuma.com.br\/es\/wp-json\/wp\/v2\/pages"}],"about":[{"href":"https:\/\/inkuma.com.br\/es\/wp-json\/wp\/v2\/types\/page"}],"author":[{"embeddable":true,"href":"https:\/\/inkuma.com.br\/es\/wp-json\/wp\/v2\/users\/1"}],"replies":[{"embeddable":true,"href":"https:\/\/inkuma.com.br\/es\/wp-json\/wp\/v2\/comments?post=671"}],"version-history":[{"count":7,"href":"https:\/\/inkuma.com.br\/es\/wp-json\/wp\/v2\/pages\/671\/revisions"}],"predecessor-version":[{"id":710,"href":"https:\/\/inkuma.com.br\/es\/wp-json\/wp\/v2\/pages\/671\/revisions\/710"}],"wp:attachment":[{"href":"https:\/\/inkuma.com.br\/es\/wp-json\/wp\/v2\/media?parent=671"}],"curies":[{"name":"wp","href":"https:\/\/api.w.org\/{rel}","templated":true}]}}