{"id":1448,"date":"2026-01-15T17:58:51","date_gmt":"2026-01-15T20:58:51","guid":{"rendered":"https:\/\/inkuma.com.br\/?post_type=product&#038;p=1448"},"modified":"2026-03-11T14:38:17","modified_gmt":"2026-03-11T17:38:17","slug":"curtis-moore-lar-doce-lar-edicao-bilingue","status":"publish","type":"product","link":"https:\/\/inkuma.com.br\/es\/producto\/curtis-moore-lar-doce-lar-edicao-bilingue\/","title":{"rendered":"Curtis y Moore \u2013 Hogar, dulce hogar! \u2013  Edici\u00f3n Bilingue"},"content":{"rendered":"<p class=\"translation-block\"><em><strong>Curtis &amp; Moore: Hogar, Dulce Hogar!<\/strong><\/em> es una recopilaci\u00f3n de tiras c\u00f3micas escrita por  <strong>Franco Pastura <\/strong> y dibujada por  <strong>Guibu <\/strong>, autor del c\u00f3mic  <strong>El \u00d3sculo Hirsuto <\/strong>. La obra traslada al formato de historieta la qu\u00edmica irresistible de las grandes duplas cl\u00e1sicas, en una experiencia sensual y llena de personalidad. Esta edici\u00f3n incluye las versiones en portugu\u00e9s y en espa\u00f1ol.<\/p>\n<p>Autor: Franco Pastura<br \/>\nArtes: Guibu<\/p>","protected":false},"excerpt":{"rendered":"<p>Edi\u00e7\u00e3o bil\u00edngue impressa do quadrinho Curtis &amp; Moore. Com as vers\u00f5es em Portugu\u00eas e Espanhol.<br \/>\nEscrita por Franco Pastura e desenhada por Guibu, a obra mistura sensualidade e afeto com doses provocantes de prazer e cheias de personalidade.<\/p>","protected":false},"featured_media":1783,"comment_status":"open","ping_status":"closed","template":"","meta":{"inline_featured_image":false},"product_brand":[],"product_cat":[27,34],"product_tag":[73,77,79,75,72,76,78,74,80,40],"class_list":{"0":"post-1448","1":"product","2":"type-product","3":"status-publish","4":"has-post-thumbnail","6":"product_cat-destaque","7":"product_cat-quadrinhos18","8":"product_tag-bilingue","9":"product_tag-curtis","10":"product_tag-graphic-novel-bilingue","11":"product_tag-hq-bilingue","12":"product_tag-inkuma","13":"product_tag-lgbtqia","14":"product_tag-moore","15":"product_tag-quadrinhos-bilingues","16":"product_tag-quadrinhos-independentes","17":"product_tag-queer","19":"first","20":"instock","21":"shipping-taxable","22":"purchasable","23":"product-type-simple"},"yoast_head":"<!-- This site is optimized with the Yoast SEO plugin v27.4 - https:\/\/yoast.com\/product\/yoast-seo-wordpress\/ -->\r\n<title>Curtis &amp; Moore Lar Doce Lar Edi\u00e7\u00e3o Bilingue | HQ Bil\u00edngue LGBTQIA+ | Inkuma<\/title>\r\n<meta name=\"description\" content=\"Curtis &amp; Moore Lar Doce Lar \u00e9 uma HQ bil\u00edngue LGBTQIA+ publicada pela Inkuma, com narrativa queer envolvente.\" \/>\r\n<meta name=\"robots\" content=\"index, follow, max-snippet:-1, max-image-preview:large, max-video-preview:-1\" \/>\r\n<link rel=\"canonical\" href=\"https:\/\/inkuma.com.br\/es\/producto\/curtis-moore-lar-doce-lar-edicao-bilingue\/\" \/>\r\n<meta property=\"og:locale\" content=\"es_ES\" \/>\r\n<meta property=\"og:type\" content=\"article\" \/>\r\n<meta property=\"og:title\" content=\"Curtis &amp; Moore: Lar, Doce Lar!\" \/>\r\n<meta property=\"og:description\" content=\"Curtis &amp; Moore Lar Doce Lar \u2014 graphic novel bil\u00edngue LGBTQIA+ que celebra narrativas queer. Arte e hist\u00f3ria em duas l\u00ednguas pela Inkuma.\" \/>\r\n<meta property=\"og:url\" content=\"https:\/\/inkuma.com.br\/es\/producto\/curtis-moore-lar-doce-lar-edicao-bilingue\/\" \/>\r\n<meta property=\"og:site_name\" content=\"Studio Inkuma\" \/>\r\n<meta property=\"article:publisher\" content=\"https:\/\/www.facebook.com\/studioinkuma\" \/>\r\n<meta property=\"article:modified_time\" content=\"2026-03-11T17:38:17+00:00\" \/>\r\n<meta property=\"og:image\" content=\"https:\/\/inkuma.com.br\/wp-content\/uploads\/2026\/01\/banner_horizontal_curtis_moore.webp\" \/>\r\n\t<meta property=\"og:image:width\" content=\"1024\" \/>\r\n\t<meta property=\"og:image:height\" content=\"400\" \/>\r\n\t<meta property=\"og:image:type\" content=\"image\/webp\" \/>\r\n<meta name=\"twitter:card\" content=\"summary_large_image\" \/>\r\n<meta name=\"twitter:title\" content=\"Curtis &amp; Moore: Lar, Doce Lar!\" \/>\r\n<meta name=\"twitter:description\" content=\"Curtis &amp; Moore Lar Doce Lar \u2014 graphic novel bil\u00ednue LGBTQIA+ que celebra narrativas queer. Arte e hist\u00f3ria em duas l\u00ednguas pela Inkuma.\" \/>\r\n<meta name=\"twitter:image\" content=\"https:\/\/inkuma.com.br\/wp-content\/uploads\/2026\/01\/banner_horizontal_curtis_moore.webp\" \/>\r\n<meta name=\"twitter:site\" content=\"@InkumaStudio\" \/>\r\n<meta name=\"twitter:label1\" content=\"Tiempo de lectura\" \/>\n\t<meta name=\"twitter:data1\" content=\"1 minuto\" \/>\r\n<script type=\"application\/ld+json\" class=\"yoast-schema-graph\">{\"@context\":\"https:\\\/\\\/schema.org\",\"@graph\":[{\"@type\":\"WebPage\",\"@id\":\"https:\\\/\\\/inkuma.com.br\\\/produto\\\/curtis-moore-lar-doce-lar-edicao-bilingue\\\/\",\"url\":\"https:\\\/\\\/inkuma.com.br\\\/produto\\\/curtis-moore-lar-doce-lar-edicao-bilingue\\\/\",\"name\":\"Curtis & Moore Lar Doce Lar Edi\u00e7\u00e3o Bilingue | HQ Bil\u00edngue LGBTQIA+ | Inkuma\",\"isPartOf\":{\"@id\":\"https:\\\/\\\/inkuma.com.br\\\/#website\"},\"primaryImageOfPage\":{\"@id\":\"https:\\\/\\\/inkuma.com.br\\\/produto\\\/curtis-moore-lar-doce-lar-edicao-bilingue\\\/#primaryimage\"},\"image\":{\"@id\":\"https:\\\/\\\/inkuma.com.br\\\/produto\\\/curtis-moore-lar-doce-lar-edicao-bilingue\\\/#primaryimage\"},\"thumbnailUrl\":\"https:\\\/\\\/inkuma.com.br\\\/wp-content\\\/uploads\\\/2026\\\/02\\\/capa_inkuma_curtis_y_moore_001_br_a18.webp\",\"datePublished\":\"2026-01-15T20:58:51+00:00\",\"dateModified\":\"2026-03-11T17:38:17+00:00\",\"description\":\"Curtis & Moore Lar Doce Lar \u00e9 uma HQ bil\u00edngue LGBTQIA+ publicada pela Inkuma, com narrativa queer envolvente.\",\"breadcrumb\":{\"@id\":\"https:\\\/\\\/inkuma.com.br\\\/produto\\\/curtis-moore-lar-doce-lar-edicao-bilingue\\\/#breadcrumb\"},\"inLanguage\":\"es-AR\",\"potentialAction\":[{\"@type\":\"ReadAction\",\"target\":[\"https:\\\/\\\/inkuma.com.br\\\/produto\\\/curtis-moore-lar-doce-lar-edicao-bilingue\\\/\"]}]},{\"@type\":\"ImageObject\",\"inLanguage\":\"es-AR\",\"@id\":\"https:\\\/\\\/inkuma.com.br\\\/produto\\\/curtis-moore-lar-doce-lar-edicao-bilingue\\\/#primaryimage\",\"url\":\"https:\\\/\\\/inkuma.com.br\\\/wp-content\\\/uploads\\\/2026\\\/02\\\/capa_inkuma_curtis_y_moore_001_br_a18.webp\",\"contentUrl\":\"https:\\\/\\\/inkuma.com.br\\\/wp-content\\\/uploads\\\/2026\\\/02\\\/capa_inkuma_curtis_y_moore_001_br_a18.webp\",\"width\":1400,\"height\":1400},{\"@type\":\"BreadcrumbList\",\"@id\":\"https:\\\/\\\/inkuma.com.br\\\/produto\\\/curtis-moore-lar-doce-lar-edicao-bilingue\\\/#breadcrumb\",\"itemListElement\":[{\"@type\":\"ListItem\",\"position\":1,\"name\":\"In\u00edcio\",\"item\":\"https:\\\/\\\/inkuma.com.br\\\/\"},{\"@type\":\"ListItem\",\"position\":2,\"name\":\"Produtos\",\"item\":\"https:\\\/\\\/inkuma.com.br\\\/shop\\\/\"},{\"@type\":\"ListItem\",\"position\":3,\"name\":\"Curtis &#038; Moore &#8211; Lar Doce Lar &#8211; Edi\u00e7\u00e3o Bil\u00edngue\"}]},{\"@type\":\"WebSite\",\"@id\":\"https:\\\/\\\/inkuma.com.br\\\/#website\",\"url\":\"https:\\\/\\\/inkuma.com.br\\\/\",\"name\":\"Studio Inkuma\",\"description\":\"Editora independente focada em literatura e quadrinhos LGBTQIA+ e jogos de RPG.\",\"publisher\":{\"@id\":\"https:\\\/\\\/inkuma.com.br\\\/#organization\"},\"potentialAction\":[{\"@type\":\"SearchAction\",\"target\":{\"@type\":\"EntryPoint\",\"urlTemplate\":\"https:\\\/\\\/inkuma.com.br\\\/?s={search_term_string}\"},\"query-input\":{\"@type\":\"PropertyValueSpecification\",\"valueRequired\":true,\"valueName\":\"search_term_string\"}}],\"inLanguage\":\"es-AR\"},{\"@type\":\"Organization\",\"@id\":\"https:\\\/\\\/inkuma.com.br\\\/#organization\",\"name\":\"Studio Inkuma\",\"alternateName\":\"Inkuma\",\"url\":\"https:\\\/\\\/inkuma.com.br\\\/\",\"logo\":{\"@type\":\"ImageObject\",\"inLanguage\":\"es-AR\",\"@id\":\"https:\\\/\\\/inkuma.com.br\\\/#\\\/schema\\\/logo\\\/image\\\/\",\"url\":\"https:\\\/\\\/inkuma.com.br\\\/wp-content\\\/uploads\\\/2025\\\/10\\\/logo_inkuma_circulo_branco.svg\",\"contentUrl\":\"https:\\\/\\\/inkuma.com.br\\\/wp-content\\\/uploads\\\/2025\\\/10\\\/logo_inkuma_circulo_branco.svg\",\"width\":129,\"height\":129,\"caption\":\"Studio Inkuma\"},\"image\":{\"@id\":\"https:\\\/\\\/inkuma.com.br\\\/#\\\/schema\\\/logo\\\/image\\\/\"},\"sameAs\":[\"https:\\\/\\\/www.facebook.com\\\/studioinkuma\",\"https:\\\/\\\/x.com\\\/InkumaStudio\",\"https:\\\/\\\/www.instagram.com\\\/studioinkuma\\\/\",\"https:\\\/\\\/bsky.app\\\/profile\\\/studioinkuma.bsky.social\",\"https:\\\/\\\/www.tiktok.com\\\/@INKUMASTUDIO\"]}]}<\/script>\r\n<!-- \/ Yoast SEO plugin. -->","yoast_head_json":{"title":"Curtis & Moore Lar Doce Lar Edi\u00e7\u00e3o Bilingue | HQ Bil\u00edngue LGBTQIA+ | Inkuma","description":"Curtis & Moore Lar Doce Lar \u00e9 uma HQ bil\u00edngue LGBTQIA+ publicada pela Inkuma, com narrativa queer envolvente.","robots":{"index":"index","follow":"follow","max-snippet":"max-snippet:-1","max-image-preview":"max-image-preview:large","max-video-preview":"max-video-preview:-1"},"canonical":"https:\/\/inkuma.com.br\/es\/producto\/curtis-moore-lar-doce-lar-edicao-bilingue\/","og_locale":"es_ES","og_type":"article","og_title":"Curtis & Moore: Lar, Doce Lar!","og_description":"Curtis & Moore Lar Doce Lar \u2014 graphic novel bil\u00edngue LGBTQIA+ que celebra narrativas queer. Arte e hist\u00f3ria em duas l\u00ednguas pela Inkuma.","og_url":"https:\/\/inkuma.com.br\/es\/producto\/curtis-moore-lar-doce-lar-edicao-bilingue\/","og_site_name":"Studio Inkuma","article_publisher":"https:\/\/www.facebook.com\/studioinkuma","article_modified_time":"2026-03-11T17:38:17+00:00","og_image":[{"width":1024,"height":400,"url":"https:\/\/inkuma.com.br\/wp-content\/uploads\/2026\/01\/banner_horizontal_curtis_moore.webp","type":"image\/webp"}],"twitter_card":"summary_large_image","twitter_title":"Curtis & Moore: Lar, Doce Lar!","twitter_description":"Curtis & Moore Lar Doce Lar \u2014 graphic novel bil\u00ednue LGBTQIA+ que celebra narrativas queer. Arte e hist\u00f3ria em duas l\u00ednguas pela Inkuma.","twitter_image":"https:\/\/inkuma.com.br\/wp-content\/uploads\/2026\/01\/banner_horizontal_curtis_moore.webp","twitter_site":"@InkumaStudio","twitter_misc":{"Tiempo de lectura":"1 minuto"},"schema":{"@context":"https:\/\/schema.org","@graph":[{"@type":"WebPage","@id":"https:\/\/inkuma.com.br\/produto\/curtis-moore-lar-doce-lar-edicao-bilingue\/","url":"https:\/\/inkuma.com.br\/produto\/curtis-moore-lar-doce-lar-edicao-bilingue\/","name":"Curtis & Moore Lar Doce Lar Edi\u00e7\u00e3o Bilingue | HQ Bil\u00edngue LGBTQIA+ | Inkuma","isPartOf":{"@id":"https:\/\/inkuma.com.br\/#website"},"primaryImageOfPage":{"@id":"https:\/\/inkuma.com.br\/produto\/curtis-moore-lar-doce-lar-edicao-bilingue\/#primaryimage"},"image":{"@id":"https:\/\/inkuma.com.br\/produto\/curtis-moore-lar-doce-lar-edicao-bilingue\/#primaryimage"},"thumbnailUrl":"https:\/\/inkuma.com.br\/wp-content\/uploads\/2026\/02\/capa_inkuma_curtis_y_moore_001_br_a18.webp","datePublished":"2026-01-15T20:58:51+00:00","dateModified":"2026-03-11T17:38:17+00:00","description":"Curtis & Moore Lar Doce Lar \u00e9 uma HQ bil\u00edngue LGBTQIA+ publicada pela Inkuma, com narrativa queer envolvente.","breadcrumb":{"@id":"https:\/\/inkuma.com.br\/produto\/curtis-moore-lar-doce-lar-edicao-bilingue\/#breadcrumb"},"inLanguage":"es-AR","potentialAction":[{"@type":"ReadAction","target":["https:\/\/inkuma.com.br\/produto\/curtis-moore-lar-doce-lar-edicao-bilingue\/"]}]},{"@type":"ImageObject","inLanguage":"es-AR","@id":"https:\/\/inkuma.com.br\/produto\/curtis-moore-lar-doce-lar-edicao-bilingue\/#primaryimage","url":"https:\/\/inkuma.com.br\/wp-content\/uploads\/2026\/02\/capa_inkuma_curtis_y_moore_001_br_a18.webp","contentUrl":"https:\/\/inkuma.com.br\/wp-content\/uploads\/2026\/02\/capa_inkuma_curtis_y_moore_001_br_a18.webp","width":1400,"height":1400},{"@type":"BreadcrumbList","@id":"https:\/\/inkuma.com.br\/produto\/curtis-moore-lar-doce-lar-edicao-bilingue\/#breadcrumb","itemListElement":[{"@type":"ListItem","position":1,"name":"In\u00edcio","item":"https:\/\/inkuma.com.br\/"},{"@type":"ListItem","position":2,"name":"Produtos","item":"https:\/\/inkuma.com.br\/shop\/"},{"@type":"ListItem","position":3,"name":"Curtis &#038; Moore &#8211; Lar Doce Lar &#8211; Edi\u00e7\u00e3o Bil\u00edngue"}]},{"@type":"WebSite","@id":"https:\/\/inkuma.com.br\/#website","url":"https:\/\/inkuma.com.br\/","name":"Studio Inkuma","description":"Editora independente focada em literatura e quadrinhos LGBTQIA+ e jogos de RPG.","publisher":{"@id":"https:\/\/inkuma.com.br\/#organization"},"potentialAction":[{"@type":"SearchAction","target":{"@type":"EntryPoint","urlTemplate":"https:\/\/inkuma.com.br\/?s={search_term_string}"},"query-input":{"@type":"PropertyValueSpecification","valueRequired":true,"valueName":"search_term_string"}}],"inLanguage":"es-AR"},{"@type":"Organization","@id":"https:\/\/inkuma.com.br\/#organization","name":"Studio Inkuma","alternateName":"Inkuma","url":"https:\/\/inkuma.com.br\/","logo":{"@type":"ImageObject","inLanguage":"es-AR","@id":"https:\/\/inkuma.com.br\/#\/schema\/logo\/image\/","url":"https:\/\/inkuma.com.br\/wp-content\/uploads\/2025\/10\/logo_inkuma_circulo_branco.svg","contentUrl":"https:\/\/inkuma.com.br\/wp-content\/uploads\/2025\/10\/logo_inkuma_circulo_branco.svg","width":129,"height":129,"caption":"Studio Inkuma"},"image":{"@id":"https:\/\/inkuma.com.br\/#\/schema\/logo\/image\/"},"sameAs":["https:\/\/www.facebook.com\/studioinkuma","https:\/\/x.com\/InkumaStudio","https:\/\/www.instagram.com\/studioinkuma\/","https:\/\/bsky.app\/profile\/studioinkuma.bsky.social","https:\/\/www.tiktok.com\/@INKUMASTUDIO"]}]}},"_links":{"self":[{"href":"https:\/\/inkuma.com.br\/es\/wp-json\/wp\/v2\/product\/1448","targetHints":{"allow":["GET"]}}],"collection":[{"href":"https:\/\/inkuma.com.br\/es\/wp-json\/wp\/v2\/product"}],"about":[{"href":"https:\/\/inkuma.com.br\/es\/wp-json\/wp\/v2\/types\/product"}],"replies":[{"embeddable":true,"href":"https:\/\/inkuma.com.br\/es\/wp-json\/wp\/v2\/comments?post=1448"}],"wp:featuredmedia":[{"embeddable":true,"href":"https:\/\/inkuma.com.br\/es\/wp-json\/wp\/v2\/media\/1783"}],"wp:attachment":[{"href":"https:\/\/inkuma.com.br\/es\/wp-json\/wp\/v2\/media?parent=1448"}],"wp:term":[{"taxonomy":"product_brand","embeddable":true,"href":"https:\/\/inkuma.com.br\/es\/wp-json\/wp\/v2\/product_brand?post=1448"},{"taxonomy":"product_cat","embeddable":true,"href":"https:\/\/inkuma.com.br\/es\/wp-json\/wp\/v2\/product_cat?post=1448"},{"taxonomy":"product_tag","embeddable":true,"href":"https:\/\/inkuma.com.br\/es\/wp-json\/wp\/v2\/product_tag?post=1448"}],"curies":[{"name":"wp","href":"https:\/\/api.w.org\/{rel}","templated":true}]}}