{"id":1537,"date":"2026-04-01T00:03:08","date_gmt":"2026-04-01T03:03:08","guid":{"rendered":"https:\/\/inkuma.com.br\/?post_type=product&#038;p=1537"},"modified":"2026-04-01T00:06:35","modified_gmt":"2026-04-01T03:06:35","slug":"barakuma-contos-urbanos-pdf","status":"publish","type":"product","link":"https:\/\/inkuma.com.br\/es\/producto\/barakuma-contos-urbanos-pdf\/","title":{"rendered":"Barakuma &#8211; Contos Urbanos &#8211; PDF"},"content":{"rendered":"<p class=\"translation-block\">Esta es una serie de historietas urbanas sensuales dirigida al p\u00fablico <em>bara<\/em>. La obra celebra la diversidad de los cuerpos y pone en valor los v\u00ednculos afectivos entre <em><strong>osos \u2014hombres grandes, fuertes y peludos\u2014<\/strong><\/em> en narrativas que transitan entre el deseo, la ternura y la pasi\u00f3n, en el vibrante escenario de las ciudades.<\/p>","protected":false},"excerpt":{"rendered":"<p class=\"translation-block\">Esta es una serie de historietas urbanas sensuales dirigida al p\u00fablico <em>bara<\/em>. La obra celebra la diversidad de los cuerpos y pone en valor los v\u00ednculos afectivos entre <em><strong>osos \u2014hombres grandes, fuertes y peludos\u2014<\/strong><\/em> en narrativas que transitan entre el deseo, la ternura y la pasi\u00f3n, en el vibrante escenario de las ciudades.<\/p>","protected":false},"featured_media":1792,"comment_status":"open","ping_status":"closed","template":"","meta":{"inline_featured_image":false},"product_brand":[],"product_cat":[27,34],"product_tag":[],"class_list":{"0":"post-1537","1":"product","2":"type-product","3":"status-publish","4":"has-post-thumbnail","6":"product_cat-destaque","7":"product_cat-quadrinhos18","9":"first","10":"instock","11":"downloadable","12":"virtual","13":"purchasable","14":"product-type-simple"},"yoast_head":"<!-- This site is optimized with the Yoast SEO plugin v27.4 - https:\/\/yoast.com\/product\/yoast-seo-wordpress\/ -->\r\n<title>Barakuma Contos Urbanos | Quadrinhos Bara Brasileiros \u2014 Inkuma PDF<\/title>\r\n<meta name=\"description\" content=\"Quadrinhos bara brasileiros com hist\u00f3rias urbanas sobre desejo, ternura e afetos entre ursos. Conhe\u00e7a Barakuma Contos Urbanos. Vers\u00e3o Digital.\" \/>\r\n<meta name=\"robots\" content=\"index, follow, max-snippet:-1, max-image-preview:large, max-video-preview:-1\" \/>\r\n<link rel=\"canonical\" href=\"https:\/\/inkuma.com.br\/es\/producto\/barakuma-contos-urbanos-pdf\/\" \/>\r\n<meta property=\"og:locale\" content=\"es_ES\" \/>\r\n<meta property=\"og:type\" content=\"article\" \/>\r\n<meta property=\"og:title\" content=\"Barakuma - Contos Urbanos - Vers\u00e3o Digital\" \/>\r\n<meta property=\"og:description\" content=\"Barakuma Contos Urbanos \u00e9 uma s\u00e9rie de quadrinhos urbanos bara que celebra corpos diversos e os afetos entre ursos em hist\u00f3rias de desejo e ternura. Vers\u00e3o Digital\" \/>\r\n<meta property=\"og:url\" content=\"https:\/\/inkuma.com.br\/es\/producto\/barakuma-contos-urbanos-pdf\/\" \/>\r\n<meta property=\"og:site_name\" content=\"Studio Inkuma\" \/>\r\n<meta property=\"article:publisher\" content=\"https:\/\/www.facebook.com\/studioinkuma\" \/>\r\n<meta property=\"article:modified_time\" content=\"2026-04-01T03:06:35+00:00\" \/>\r\n<meta property=\"og:image\" content=\"https:\/\/inkuma.com.br\/wp-content\/uploads\/2026\/02\/capa_inkuma_barakuma_pdf_a18.webp\" \/>\r\n\t<meta property=\"og:image:width\" content=\"1400\" \/>\r\n\t<meta property=\"og:image:height\" content=\"1400\" \/>\r\n\t<meta property=\"og:image:type\" content=\"image\/webp\" \/>\r\n<meta name=\"twitter:card\" content=\"summary_large_image\" \/>\r\n<meta name=\"twitter:site\" content=\"@InkumaStudio\" \/>\r\n<meta name=\"twitter:label1\" content=\"Tiempo de lectura\" \/>\n\t<meta name=\"twitter:data1\" content=\"1 minuto\" \/>\r\n<script type=\"application\/ld+json\" class=\"yoast-schema-graph\">{\"@context\":\"https:\\\/\\\/schema.org\",\"@graph\":[{\"@type\":\"WebPage\",\"@id\":\"https:\\\/\\\/inkuma.com.br\\\/produto\\\/barakuma-contos-urbanos-pdf\\\/\",\"url\":\"https:\\\/\\\/inkuma.com.br\\\/produto\\\/barakuma-contos-urbanos-pdf\\\/\",\"name\":\"Barakuma Contos Urbanos | Quadrinhos Bara Brasileiros \u2014 Inkuma PDF\",\"isPartOf\":{\"@id\":\"https:\\\/\\\/inkuma.com.br\\\/#website\"},\"primaryImageOfPage\":{\"@id\":\"https:\\\/\\\/inkuma.com.br\\\/produto\\\/barakuma-contos-urbanos-pdf\\\/#primaryimage\"},\"image\":{\"@id\":\"https:\\\/\\\/inkuma.com.br\\\/produto\\\/barakuma-contos-urbanos-pdf\\\/#primaryimage\"},\"thumbnailUrl\":\"https:\\\/\\\/inkuma.com.br\\\/wp-content\\\/uploads\\\/2026\\\/02\\\/capa_inkuma_barakuma_pdf_a18.webp\",\"datePublished\":\"2026-04-01T03:03:08+00:00\",\"dateModified\":\"2026-04-01T03:06:35+00:00\",\"description\":\"Quadrinhos bara brasileiros com hist\u00f3rias urbanas sobre desejo, ternura e afetos entre ursos. Conhe\u00e7a Barakuma Contos Urbanos. Vers\u00e3o Digital.\",\"breadcrumb\":{\"@id\":\"https:\\\/\\\/inkuma.com.br\\\/produto\\\/barakuma-contos-urbanos-pdf\\\/#breadcrumb\"},\"inLanguage\":\"es-AR\",\"potentialAction\":[{\"@type\":\"ReadAction\",\"target\":[\"https:\\\/\\\/inkuma.com.br\\\/produto\\\/barakuma-contos-urbanos-pdf\\\/\"]}]},{\"@type\":\"ImageObject\",\"inLanguage\":\"es-AR\",\"@id\":\"https:\\\/\\\/inkuma.com.br\\\/produto\\\/barakuma-contos-urbanos-pdf\\\/#primaryimage\",\"url\":\"https:\\\/\\\/inkuma.com.br\\\/wp-content\\\/uploads\\\/2026\\\/02\\\/capa_inkuma_barakuma_pdf_a18.webp\",\"contentUrl\":\"https:\\\/\\\/inkuma.com.br\\\/wp-content\\\/uploads\\\/2026\\\/02\\\/capa_inkuma_barakuma_pdf_a18.webp\",\"width\":1400,\"height\":1400},{\"@type\":\"BreadcrumbList\",\"@id\":\"https:\\\/\\\/inkuma.com.br\\\/produto\\\/barakuma-contos-urbanos-pdf\\\/#breadcrumb\",\"itemListElement\":[{\"@type\":\"ListItem\",\"position\":1,\"name\":\"In\u00edcio\",\"item\":\"https:\\\/\\\/inkuma.com.br\\\/\"},{\"@type\":\"ListItem\",\"position\":2,\"name\":\"Produtos\",\"item\":\"https:\\\/\\\/inkuma.com.br\\\/shop\\\/\"},{\"@type\":\"ListItem\",\"position\":3,\"name\":\"Barakuma &#8211; Contos Urbanos &#8211; PDF\"}]},{\"@type\":\"WebSite\",\"@id\":\"https:\\\/\\\/inkuma.com.br\\\/#website\",\"url\":\"https:\\\/\\\/inkuma.com.br\\\/\",\"name\":\"Studio Inkuma\",\"description\":\"Editora independente focada em literatura e quadrinhos LGBTQIA+ e jogos de RPG.\",\"publisher\":{\"@id\":\"https:\\\/\\\/inkuma.com.br\\\/#organization\"},\"potentialAction\":[{\"@type\":\"SearchAction\",\"target\":{\"@type\":\"EntryPoint\",\"urlTemplate\":\"https:\\\/\\\/inkuma.com.br\\\/?s={search_term_string}\"},\"query-input\":{\"@type\":\"PropertyValueSpecification\",\"valueRequired\":true,\"valueName\":\"search_term_string\"}}],\"inLanguage\":\"es-AR\"},{\"@type\":\"Organization\",\"@id\":\"https:\\\/\\\/inkuma.com.br\\\/#organization\",\"name\":\"Studio Inkuma\",\"alternateName\":\"Inkuma\",\"url\":\"https:\\\/\\\/inkuma.com.br\\\/\",\"logo\":{\"@type\":\"ImageObject\",\"inLanguage\":\"es-AR\",\"@id\":\"https:\\\/\\\/inkuma.com.br\\\/#\\\/schema\\\/logo\\\/image\\\/\",\"url\":\"https:\\\/\\\/inkuma.com.br\\\/wp-content\\\/uploads\\\/2025\\\/10\\\/logo_inkuma_circulo_branco.svg\",\"contentUrl\":\"https:\\\/\\\/inkuma.com.br\\\/wp-content\\\/uploads\\\/2025\\\/10\\\/logo_inkuma_circulo_branco.svg\",\"width\":129,\"height\":129,\"caption\":\"Studio Inkuma\"},\"image\":{\"@id\":\"https:\\\/\\\/inkuma.com.br\\\/#\\\/schema\\\/logo\\\/image\\\/\"},\"sameAs\":[\"https:\\\/\\\/www.facebook.com\\\/studioinkuma\",\"https:\\\/\\\/x.com\\\/InkumaStudio\",\"https:\\\/\\\/www.instagram.com\\\/studioinkuma\\\/\",\"https:\\\/\\\/bsky.app\\\/profile\\\/studioinkuma.bsky.social\",\"https:\\\/\\\/www.tiktok.com\\\/@INKUMASTUDIO\"]}]}<\/script>\r\n<!-- \/ Yoast SEO plugin. -->","yoast_head_json":{"title":"Barakuma Contos Urbanos | Quadrinhos Bara Brasileiros \u2014 Inkuma PDF","description":"Quadrinhos bara brasileiros com hist\u00f3rias urbanas sobre desejo, ternura e afetos entre ursos. Conhe\u00e7a Barakuma Contos Urbanos. Vers\u00e3o Digital.","robots":{"index":"index","follow":"follow","max-snippet":"max-snippet:-1","max-image-preview":"max-image-preview:large","max-video-preview":"max-video-preview:-1"},"canonical":"https:\/\/inkuma.com.br\/es\/producto\/barakuma-contos-urbanos-pdf\/","og_locale":"es_ES","og_type":"article","og_title":"Barakuma - Contos Urbanos - Vers\u00e3o Digital","og_description":"Barakuma Contos Urbanos \u00e9 uma s\u00e9rie de quadrinhos urbanos bara que celebra corpos diversos e os afetos entre ursos em hist\u00f3rias de desejo e ternura. Vers\u00e3o Digital","og_url":"https:\/\/inkuma.com.br\/es\/producto\/barakuma-contos-urbanos-pdf\/","og_site_name":"Studio Inkuma","article_publisher":"https:\/\/www.facebook.com\/studioinkuma","article_modified_time":"2026-04-01T03:06:35+00:00","og_image":[{"width":1400,"height":1400,"url":"https:\/\/inkuma.com.br\/wp-content\/uploads\/2026\/02\/capa_inkuma_barakuma_pdf_a18.webp","type":"image\/webp"}],"twitter_card":"summary_large_image","twitter_site":"@InkumaStudio","twitter_misc":{"Tiempo de lectura":"1 minuto"},"schema":{"@context":"https:\/\/schema.org","@graph":[{"@type":"WebPage","@id":"https:\/\/inkuma.com.br\/produto\/barakuma-contos-urbanos-pdf\/","url":"https:\/\/inkuma.com.br\/produto\/barakuma-contos-urbanos-pdf\/","name":"Barakuma Contos Urbanos | Quadrinhos Bara Brasileiros \u2014 Inkuma PDF","isPartOf":{"@id":"https:\/\/inkuma.com.br\/#website"},"primaryImageOfPage":{"@id":"https:\/\/inkuma.com.br\/produto\/barakuma-contos-urbanos-pdf\/#primaryimage"},"image":{"@id":"https:\/\/inkuma.com.br\/produto\/barakuma-contos-urbanos-pdf\/#primaryimage"},"thumbnailUrl":"https:\/\/inkuma.com.br\/wp-content\/uploads\/2026\/02\/capa_inkuma_barakuma_pdf_a18.webp","datePublished":"2026-04-01T03:03:08+00:00","dateModified":"2026-04-01T03:06:35+00:00","description":"Quadrinhos bara brasileiros com hist\u00f3rias urbanas sobre desejo, ternura e afetos entre ursos. Conhe\u00e7a Barakuma Contos Urbanos. Vers\u00e3o Digital.","breadcrumb":{"@id":"https:\/\/inkuma.com.br\/produto\/barakuma-contos-urbanos-pdf\/#breadcrumb"},"inLanguage":"es-AR","potentialAction":[{"@type":"ReadAction","target":["https:\/\/inkuma.com.br\/produto\/barakuma-contos-urbanos-pdf\/"]}]},{"@type":"ImageObject","inLanguage":"es-AR","@id":"https:\/\/inkuma.com.br\/produto\/barakuma-contos-urbanos-pdf\/#primaryimage","url":"https:\/\/inkuma.com.br\/wp-content\/uploads\/2026\/02\/capa_inkuma_barakuma_pdf_a18.webp","contentUrl":"https:\/\/inkuma.com.br\/wp-content\/uploads\/2026\/02\/capa_inkuma_barakuma_pdf_a18.webp","width":1400,"height":1400},{"@type":"BreadcrumbList","@id":"https:\/\/inkuma.com.br\/produto\/barakuma-contos-urbanos-pdf\/#breadcrumb","itemListElement":[{"@type":"ListItem","position":1,"name":"In\u00edcio","item":"https:\/\/inkuma.com.br\/"},{"@type":"ListItem","position":2,"name":"Produtos","item":"https:\/\/inkuma.com.br\/shop\/"},{"@type":"ListItem","position":3,"name":"Barakuma &#8211; Contos Urbanos &#8211; PDF"}]},{"@type":"WebSite","@id":"https:\/\/inkuma.com.br\/#website","url":"https:\/\/inkuma.com.br\/","name":"Studio Inkuma","description":"Editora independente focada em literatura e quadrinhos LGBTQIA+ e jogos de RPG.","publisher":{"@id":"https:\/\/inkuma.com.br\/#organization"},"potentialAction":[{"@type":"SearchAction","target":{"@type":"EntryPoint","urlTemplate":"https:\/\/inkuma.com.br\/?s={search_term_string}"},"query-input":{"@type":"PropertyValueSpecification","valueRequired":true,"valueName":"search_term_string"}}],"inLanguage":"es-AR"},{"@type":"Organization","@id":"https:\/\/inkuma.com.br\/#organization","name":"Studio Inkuma","alternateName":"Inkuma","url":"https:\/\/inkuma.com.br\/","logo":{"@type":"ImageObject","inLanguage":"es-AR","@id":"https:\/\/inkuma.com.br\/#\/schema\/logo\/image\/","url":"https:\/\/inkuma.com.br\/wp-content\/uploads\/2025\/10\/logo_inkuma_circulo_branco.svg","contentUrl":"https:\/\/inkuma.com.br\/wp-content\/uploads\/2025\/10\/logo_inkuma_circulo_branco.svg","width":129,"height":129,"caption":"Studio Inkuma"},"image":{"@id":"https:\/\/inkuma.com.br\/#\/schema\/logo\/image\/"},"sameAs":["https:\/\/www.facebook.com\/studioinkuma","https:\/\/x.com\/InkumaStudio","https:\/\/www.instagram.com\/studioinkuma\/","https:\/\/bsky.app\/profile\/studioinkuma.bsky.social","https:\/\/www.tiktok.com\/@INKUMASTUDIO"]}]}},"_links":{"self":[{"href":"https:\/\/inkuma.com.br\/es\/wp-json\/wp\/v2\/product\/1537","targetHints":{"allow":["GET"]}}],"collection":[{"href":"https:\/\/inkuma.com.br\/es\/wp-json\/wp\/v2\/product"}],"about":[{"href":"https:\/\/inkuma.com.br\/es\/wp-json\/wp\/v2\/types\/product"}],"replies":[{"embeddable":true,"href":"https:\/\/inkuma.com.br\/es\/wp-json\/wp\/v2\/comments?post=1537"}],"wp:featuredmedia":[{"embeddable":true,"href":"https:\/\/inkuma.com.br\/es\/wp-json\/wp\/v2\/media\/1792"}],"wp:attachment":[{"href":"https:\/\/inkuma.com.br\/es\/wp-json\/wp\/v2\/media?parent=1537"}],"wp:term":[{"taxonomy":"product_brand","embeddable":true,"href":"https:\/\/inkuma.com.br\/es\/wp-json\/wp\/v2\/product_brand?post=1537"},{"taxonomy":"product_cat","embeddable":true,"href":"https:\/\/inkuma.com.br\/es\/wp-json\/wp\/v2\/product_cat?post=1537"},{"taxonomy":"product_tag","embeddable":true,"href":"https:\/\/inkuma.com.br\/es\/wp-json\/wp\/v2\/product_tag?post=1537"}],"curies":[{"name":"wp","href":"https:\/\/api.w.org\/{rel}","templated":true}]}}