{"id":1799,"date":"2026-04-01T00:05:21","date_gmt":"2026-04-01T03:05:21","guid":{"rendered":"https:\/\/inkuma.com.br\/?post_type=product&#038;p=1799"},"modified":"2026-04-13T10:31:16","modified_gmt":"2026-04-13T13:31:16","slug":"pocket-porn-1","status":"publish","type":"product","link":"https:\/\/inkuma.com.br\/es\/producto\/pocket-porn-1\/","title":{"rendered":"Pocket Porn 1"},"content":{"rendered":"<p><strong data-start=\"90\" data-end=\"105\">Pocket Porn<\/strong> \u00e9 um fanzine inspirado nos catecismos de <span class=\"hover:entity-accent entity-underline inline cursor-pointer align-baseline\"><span class=\"whitespace-normal\">Carlos Z\u00e9firo<\/span><\/span>, quadrinhos clandestinos que marcaram o erotismo pulp entre as d\u00e9cadas de 1950 e 1970. A obra revisita essa est\u00e9tica para celebrar, de forma contempor\u00e2nea, a sensualidade ursina, unindo virilidade, fetiche e afeto em narrativas ousadas, nost\u00e1lgicas e cheias de personalidade.<\/p>","protected":false},"excerpt":{"rendered":"<p>Pocket Porn \u00e9 um fanzine inspirado nos catecismos de Carlos Z\u00e9firo, quadrinhos clandestinos que marcaram o erotismo pulp entre as d\u00e9cadas de 1950 e 1970. A obra revisita essa est\u00e9tica para celebrar, de forma contempor\u00e2nea, a sensualidade ursina, unindo virilidade, fetiche e afeto em narrativas ousadas, nost\u00e1lgicas e cheias de personalidade.<\/p>","protected":false},"featured_media":1797,"comment_status":"open","ping_status":"closed","template":"","meta":{"inline_featured_image":false},"product_brand":[],"product_cat":[27,34],"product_tag":[],"class_list":{"0":"post-1799","1":"product","2":"type-product","3":"status-publish","4":"has-post-thumbnail","6":"product_cat-destaque","7":"product_cat-quadrinhos18","9":"first","10":"instock","11":"shipping-taxable","12":"purchasable","13":"product-type-simple"},"yoast_head":"<!-- This site is optimized with the Yoast SEO plugin v27.4 - https:\/\/yoast.com\/product\/yoast-seo-wordpress\/ -->\r\n<title>Pocket Porn \u2014 quadrinho er\u00f3tico inspirado em Carlos Z\u00e9firo | Inkuma<\/title>\r\n<meta name=\"description\" content=\"Pocket Porn \u00e9 um quadrinho inspirado nos catecismos de Carlos Z\u00e9firo, revisitando o erotismo pulp com est\u00e9tica contempor\u00e2nea e narrativa ousada.\" \/>\r\n<meta name=\"robots\" content=\"index, follow, max-snippet:-1, max-image-preview:large, max-video-preview:-1\" \/>\r\n<link rel=\"canonical\" href=\"https:\/\/inkuma.com.br\/es\/producto\/pocket-porn-1\/\" \/>\r\n<meta property=\"og:locale\" content=\"es_ES\" \/>\r\n<meta property=\"og:type\" content=\"article\" \/>\r\n<meta property=\"og:title\" content=\"Pocket Porn \u2014 quadrinho inspirado em Carlos Z\u00e9firo\" \/>\r\n<meta property=\"og:description\" content=\"Um quadrinho que revisita o erotismo pulp brasileiro com est\u00e9tica contempor\u00e2nea, sensualidade e narrativa autoral cheia de personalidade.\" \/>\r\n<meta property=\"og:url\" content=\"https:\/\/inkuma.com.br\/es\/producto\/pocket-porn-1\/\" \/>\r\n<meta property=\"og:site_name\" content=\"Studio Inkuma\" \/>\r\n<meta property=\"article:publisher\" content=\"https:\/\/www.facebook.com\/studioinkuma\" \/>\r\n<meta property=\"article:modified_time\" content=\"2026-04-13T13:31:16+00:00\" \/>\r\n<meta property=\"og:image\" content=\"https:\/\/inkuma.com.br\/wp-content\/uploads\/2026\/02\/capa_inkuma_pocket_porn_01_a18.webp\" \/>\r\n\t<meta property=\"og:image:width\" content=\"1400\" \/>\r\n\t<meta property=\"og:image:height\" content=\"1400\" \/>\r\n\t<meta property=\"og:image:type\" content=\"image\/webp\" \/>\r\n<meta name=\"twitter:card\" content=\"summary_large_image\" \/>\r\n<meta name=\"twitter:site\" content=\"@InkumaStudio\" \/>\r\n<meta name=\"twitter:label1\" content=\"Tiempo de lectura\" \/>\n\t<meta name=\"twitter:data1\" content=\"1 minuto\" \/>\r\n<script type=\"application\/ld+json\" class=\"yoast-schema-graph\">{\"@context\":\"https:\\\/\\\/schema.org\",\"@graph\":[{\"@type\":\"WebPage\",\"@id\":\"https:\\\/\\\/inkuma.com.br\\\/produto\\\/pocket-porn-1\\\/\",\"url\":\"https:\\\/\\\/inkuma.com.br\\\/produto\\\/pocket-porn-1\\\/\",\"name\":\"Pocket Porn \u2014 quadrinho er\u00f3tico inspirado em Carlos Z\u00e9firo | Inkuma\",\"isPartOf\":{\"@id\":\"https:\\\/\\\/inkuma.com.br\\\/#website\"},\"primaryImageOfPage\":{\"@id\":\"https:\\\/\\\/inkuma.com.br\\\/produto\\\/pocket-porn-1\\\/#primaryimage\"},\"image\":{\"@id\":\"https:\\\/\\\/inkuma.com.br\\\/produto\\\/pocket-porn-1\\\/#primaryimage\"},\"thumbnailUrl\":\"https:\\\/\\\/inkuma.com.br\\\/wp-content\\\/uploads\\\/2026\\\/02\\\/capa_inkuma_pocket_porn_01_a18.webp\",\"datePublished\":\"2026-04-01T03:05:21+00:00\",\"dateModified\":\"2026-04-13T13:31:16+00:00\",\"description\":\"Pocket Porn \u00e9 um quadrinho inspirado nos catecismos de Carlos Z\u00e9firo, revisitando o erotismo pulp com est\u00e9tica contempor\u00e2nea e narrativa ousada.\",\"breadcrumb\":{\"@id\":\"https:\\\/\\\/inkuma.com.br\\\/produto\\\/pocket-porn-1\\\/#breadcrumb\"},\"inLanguage\":\"es-AR\",\"potentialAction\":[{\"@type\":\"ReadAction\",\"target\":[\"https:\\\/\\\/inkuma.com.br\\\/produto\\\/pocket-porn-1\\\/\"]}]},{\"@type\":\"ImageObject\",\"inLanguage\":\"es-AR\",\"@id\":\"https:\\\/\\\/inkuma.com.br\\\/produto\\\/pocket-porn-1\\\/#primaryimage\",\"url\":\"https:\\\/\\\/inkuma.com.br\\\/wp-content\\\/uploads\\\/2026\\\/02\\\/capa_inkuma_pocket_porn_01_a18.webp\",\"contentUrl\":\"https:\\\/\\\/inkuma.com.br\\\/wp-content\\\/uploads\\\/2026\\\/02\\\/capa_inkuma_pocket_porn_01_a18.webp\",\"width\":1400,\"height\":1400},{\"@type\":\"BreadcrumbList\",\"@id\":\"https:\\\/\\\/inkuma.com.br\\\/produto\\\/pocket-porn-1\\\/#breadcrumb\",\"itemListElement\":[{\"@type\":\"ListItem\",\"position\":1,\"name\":\"In\u00edcio\",\"item\":\"https:\\\/\\\/inkuma.com.br\\\/\"},{\"@type\":\"ListItem\",\"position\":2,\"name\":\"Produtos\",\"item\":\"https:\\\/\\\/inkuma.com.br\\\/shop\\\/\"},{\"@type\":\"ListItem\",\"position\":3,\"name\":\"Pocket Porn 1\"}]},{\"@type\":\"WebSite\",\"@id\":\"https:\\\/\\\/inkuma.com.br\\\/#website\",\"url\":\"https:\\\/\\\/inkuma.com.br\\\/\",\"name\":\"Studio Inkuma\",\"description\":\"Editora independente focada em literatura e quadrinhos LGBTQIA+ e jogos de RPG.\",\"publisher\":{\"@id\":\"https:\\\/\\\/inkuma.com.br\\\/#organization\"},\"potentialAction\":[{\"@type\":\"SearchAction\",\"target\":{\"@type\":\"EntryPoint\",\"urlTemplate\":\"https:\\\/\\\/inkuma.com.br\\\/?s={search_term_string}\"},\"query-input\":{\"@type\":\"PropertyValueSpecification\",\"valueRequired\":true,\"valueName\":\"search_term_string\"}}],\"inLanguage\":\"es-AR\"},{\"@type\":\"Organization\",\"@id\":\"https:\\\/\\\/inkuma.com.br\\\/#organization\",\"name\":\"Studio Inkuma\",\"alternateName\":\"Inkuma\",\"url\":\"https:\\\/\\\/inkuma.com.br\\\/\",\"logo\":{\"@type\":\"ImageObject\",\"inLanguage\":\"es-AR\",\"@id\":\"https:\\\/\\\/inkuma.com.br\\\/#\\\/schema\\\/logo\\\/image\\\/\",\"url\":\"https:\\\/\\\/inkuma.com.br\\\/wp-content\\\/uploads\\\/2025\\\/10\\\/logo_inkuma_circulo_branco.svg\",\"contentUrl\":\"https:\\\/\\\/inkuma.com.br\\\/wp-content\\\/uploads\\\/2025\\\/10\\\/logo_inkuma_circulo_branco.svg\",\"width\":129,\"height\":129,\"caption\":\"Studio Inkuma\"},\"image\":{\"@id\":\"https:\\\/\\\/inkuma.com.br\\\/#\\\/schema\\\/logo\\\/image\\\/\"},\"sameAs\":[\"https:\\\/\\\/www.facebook.com\\\/studioinkuma\",\"https:\\\/\\\/x.com\\\/InkumaStudio\",\"https:\\\/\\\/www.instagram.com\\\/studioinkuma\\\/\",\"https:\\\/\\\/bsky.app\\\/profile\\\/studioinkuma.bsky.social\",\"https:\\\/\\\/www.tiktok.com\\\/@INKUMASTUDIO\"]}]}<\/script>\r\n<!-- \/ Yoast SEO plugin. -->","yoast_head_json":{"title":"Pocket Porn \u2014 quadrinho er\u00f3tico inspirado em Carlos Z\u00e9firo | Inkuma","description":"Pocket Porn \u00e9 um quadrinho inspirado nos catecismos de Carlos Z\u00e9firo, revisitando o erotismo pulp com est\u00e9tica contempor\u00e2nea e narrativa ousada.","robots":{"index":"index","follow":"follow","max-snippet":"max-snippet:-1","max-image-preview":"max-image-preview:large","max-video-preview":"max-video-preview:-1"},"canonical":"https:\/\/inkuma.com.br\/es\/producto\/pocket-porn-1\/","og_locale":"es_ES","og_type":"article","og_title":"Pocket Porn \u2014 quadrinho inspirado em Carlos Z\u00e9firo","og_description":"Um quadrinho que revisita o erotismo pulp brasileiro com est\u00e9tica contempor\u00e2nea, sensualidade e narrativa autoral cheia de personalidade.","og_url":"https:\/\/inkuma.com.br\/es\/producto\/pocket-porn-1\/","og_site_name":"Studio Inkuma","article_publisher":"https:\/\/www.facebook.com\/studioinkuma","article_modified_time":"2026-04-13T13:31:16+00:00","og_image":[{"width":1400,"height":1400,"url":"https:\/\/inkuma.com.br\/wp-content\/uploads\/2026\/02\/capa_inkuma_pocket_porn_01_a18.webp","type":"image\/webp"}],"twitter_card":"summary_large_image","twitter_site":"@InkumaStudio","twitter_misc":{"Tiempo de lectura":"1 minuto"},"schema":{"@context":"https:\/\/schema.org","@graph":[{"@type":"WebPage","@id":"https:\/\/inkuma.com.br\/produto\/pocket-porn-1\/","url":"https:\/\/inkuma.com.br\/produto\/pocket-porn-1\/","name":"Pocket Porn \u2014 quadrinho er\u00f3tico inspirado em Carlos Z\u00e9firo | Inkuma","isPartOf":{"@id":"https:\/\/inkuma.com.br\/#website"},"primaryImageOfPage":{"@id":"https:\/\/inkuma.com.br\/produto\/pocket-porn-1\/#primaryimage"},"image":{"@id":"https:\/\/inkuma.com.br\/produto\/pocket-porn-1\/#primaryimage"},"thumbnailUrl":"https:\/\/inkuma.com.br\/wp-content\/uploads\/2026\/02\/capa_inkuma_pocket_porn_01_a18.webp","datePublished":"2026-04-01T03:05:21+00:00","dateModified":"2026-04-13T13:31:16+00:00","description":"Pocket Porn \u00e9 um quadrinho inspirado nos catecismos de Carlos Z\u00e9firo, revisitando o erotismo pulp com est\u00e9tica contempor\u00e2nea e narrativa ousada.","breadcrumb":{"@id":"https:\/\/inkuma.com.br\/produto\/pocket-porn-1\/#breadcrumb"},"inLanguage":"es-AR","potentialAction":[{"@type":"ReadAction","target":["https:\/\/inkuma.com.br\/produto\/pocket-porn-1\/"]}]},{"@type":"ImageObject","inLanguage":"es-AR","@id":"https:\/\/inkuma.com.br\/produto\/pocket-porn-1\/#primaryimage","url":"https:\/\/inkuma.com.br\/wp-content\/uploads\/2026\/02\/capa_inkuma_pocket_porn_01_a18.webp","contentUrl":"https:\/\/inkuma.com.br\/wp-content\/uploads\/2026\/02\/capa_inkuma_pocket_porn_01_a18.webp","width":1400,"height":1400},{"@type":"BreadcrumbList","@id":"https:\/\/inkuma.com.br\/produto\/pocket-porn-1\/#breadcrumb","itemListElement":[{"@type":"ListItem","position":1,"name":"In\u00edcio","item":"https:\/\/inkuma.com.br\/"},{"@type":"ListItem","position":2,"name":"Produtos","item":"https:\/\/inkuma.com.br\/shop\/"},{"@type":"ListItem","position":3,"name":"Pocket Porn 1"}]},{"@type":"WebSite","@id":"https:\/\/inkuma.com.br\/#website","url":"https:\/\/inkuma.com.br\/","name":"Studio Inkuma","description":"Editora independente focada em literatura e quadrinhos LGBTQIA+ e jogos de RPG.","publisher":{"@id":"https:\/\/inkuma.com.br\/#organization"},"potentialAction":[{"@type":"SearchAction","target":{"@type":"EntryPoint","urlTemplate":"https:\/\/inkuma.com.br\/?s={search_term_string}"},"query-input":{"@type":"PropertyValueSpecification","valueRequired":true,"valueName":"search_term_string"}}],"inLanguage":"es-AR"},{"@type":"Organization","@id":"https:\/\/inkuma.com.br\/#organization","name":"Studio Inkuma","alternateName":"Inkuma","url":"https:\/\/inkuma.com.br\/","logo":{"@type":"ImageObject","inLanguage":"es-AR","@id":"https:\/\/inkuma.com.br\/#\/schema\/logo\/image\/","url":"https:\/\/inkuma.com.br\/wp-content\/uploads\/2025\/10\/logo_inkuma_circulo_branco.svg","contentUrl":"https:\/\/inkuma.com.br\/wp-content\/uploads\/2025\/10\/logo_inkuma_circulo_branco.svg","width":129,"height":129,"caption":"Studio Inkuma"},"image":{"@id":"https:\/\/inkuma.com.br\/#\/schema\/logo\/image\/"},"sameAs":["https:\/\/www.facebook.com\/studioinkuma","https:\/\/x.com\/InkumaStudio","https:\/\/www.instagram.com\/studioinkuma\/","https:\/\/bsky.app\/profile\/studioinkuma.bsky.social","https:\/\/www.tiktok.com\/@INKUMASTUDIO"]}]}},"_links":{"self":[{"href":"https:\/\/inkuma.com.br\/es\/wp-json\/wp\/v2\/product\/1799","targetHints":{"allow":["GET"]}}],"collection":[{"href":"https:\/\/inkuma.com.br\/es\/wp-json\/wp\/v2\/product"}],"about":[{"href":"https:\/\/inkuma.com.br\/es\/wp-json\/wp\/v2\/types\/product"}],"replies":[{"embeddable":true,"href":"https:\/\/inkuma.com.br\/es\/wp-json\/wp\/v2\/comments?post=1799"}],"wp:featuredmedia":[{"embeddable":true,"href":"https:\/\/inkuma.com.br\/es\/wp-json\/wp\/v2\/media\/1797"}],"wp:attachment":[{"href":"https:\/\/inkuma.com.br\/es\/wp-json\/wp\/v2\/media?parent=1799"}],"wp:term":[{"taxonomy":"product_brand","embeddable":true,"href":"https:\/\/inkuma.com.br\/es\/wp-json\/wp\/v2\/product_brand?post=1799"},{"taxonomy":"product_cat","embeddable":true,"href":"https:\/\/inkuma.com.br\/es\/wp-json\/wp\/v2\/product_cat?post=1799"},{"taxonomy":"product_tag","embeddable":true,"href":"https:\/\/inkuma.com.br\/es\/wp-json\/wp\/v2\/product_tag?post=1799"}],"curies":[{"name":"wp","href":"https:\/\/api.w.org\/{rel}","templated":true}]}}