{"id":1806,"date":"2026-02-10T21:00:00","date_gmt":"2026-02-11T00:00:00","guid":{"rendered":"https:\/\/inkuma.com.br\/?post_type=product&#038;p=1806"},"modified":"2026-03-08T07:18:52","modified_gmt":"2026-03-08T10:18:52","slug":"barrigas-pelos-rpg-edicao-xxl","status":"publish","type":"product","link":"https:\/\/inkuma.com.br\/es\/producto\/barrigas-pelos-rpg-edicao-xxl\/","title":{"rendered":"Barrigas &#038; Pelos RPG &#8211; Edi\u00e7\u00e3o XXL"},"content":{"rendered":"<p><strong>Barrigas &amp; Pelos XXL<\/strong> \u00e9 um RPG de Fantasia Medieval <em>queer<\/em> escrito por <strong>Marco ByM<\/strong>, autor de <em>Almanaque Contos de Berds<\/em>, <em>Bear Fantasy<\/em> e <em>Contos do Velho Continente \u2013 As Li\u00e7\u00f5es do Rei<\/em>.<\/p>\n<p>Nesta edi\u00e7\u00e3o expandida, explore o rico cen\u00e1rio do <strong>Arquip\u00e9lago de Berakuma<\/strong> em detalhes, com cinco novas ra\u00e7as jog\u00e1veis, informa\u00e7\u00f5es sobre os reinos, suas fac\u00e7\u00f5es e novos inimigos desafiadores.<\/p>\n<p>Neste jogo, voc\u00ea far\u00e1 parte de um grupo de corajosos aventureiros, desbravando a mais perigosa e misteriosa de todas as masmorras: a terr\u00edvel <strong>Grande Alcova do Urso Mestre<\/strong>.<\/p>\n<p>Enfrente criaturas poderosas, pilhe tesouros \u00e9picos e descubra romances inesperados em meio ao caos.<br \/>\nNo fim, torne-se uma lenda!<\/p>\n<p><em><strong>Voc\u00ea est\u00e1 pronto para essa aventura?<\/strong><\/em><\/p>","protected":false},"excerpt":{"rendered":"<p>Barrigas &amp; Pelos XXL \u00e9 um RPG de Fantasia Medieval queer escrito por Marco ByM, autor de Almanaque Contos de Berds, Bear Fantasy e Contos do Velho Continente \u2013 As Li\u00e7\u00f5es do Rei. Nesta edi\u00e7\u00e3o expandida, explore o rico cen\u00e1rio do Arquip\u00e9lago de Berakuma em detalhes, com cinco novas ra\u00e7as jog\u00e1veis, informa\u00e7\u00f5es sobre os reinos, [&hellip;]<\/p>\n","protected":false},"featured_media":1768,"comment_status":"open","ping_status":"closed","template":"","meta":{"inline_featured_image":false},"product_brand":[],"product_cat":[27,35],"product_tag":[59,58],"class_list":{"0":"post-1806","1":"product","2":"type-product","3":"status-publish","4":"has-post-thumbnail","6":"product_cat-destaque","7":"product_cat-rpg","8":"product_tag-lgbtqiapn","9":"product_tag-rpg","11":"first","12":"instock","13":"shipping-taxable","14":"purchasable","15":"product-type-simple"},"yoast_head":"<!-- This site is optimized with the Yoast SEO plugin v27.4 - https:\/\/yoast.com\/product\/yoast-seo-wordpress\/ -->\r\n<title>Barrigas &amp; Pelos RPG XXL \u2014 RPG autoral brasileiro | Inkuma<\/title>\r\n<meta name=\"description\" content=\"Barrigas &amp; Pelos RPG XXL \u00e9 um RPG autoral brasileiro da Bravura Jogos e Inkuma com humor, estilo irreverente e mundo pr\u00f3prio. Jogue aventuras \u00fanicas agora!\" \/>\r\n<meta name=\"robots\" content=\"index, follow, max-snippet:-1, max-image-preview:large, max-video-preview:-1\" \/>\r\n<link rel=\"canonical\" href=\"https:\/\/inkuma.com.br\/es\/producto\/barrigas-pelos-rpg-edicao-xxl\/\" \/>\r\n<meta property=\"og:locale\" content=\"es_ES\" \/>\r\n<meta property=\"og:type\" content=\"article\" \/>\r\n<meta property=\"og:title\" content=\"Barrigas &amp; Pelos RPG XXL \u2014 RPG autoral brasileiro | Inkuma\" \/>\r\n<meta property=\"og:description\" content=\"Descubra Barrigas &amp; Pelos RPG XXL \u2014 um RPG autoral brasileiro da Inkuma com humor, mundo pr\u00f3prio e aventuras \u00fanicas.\" \/>\r\n<meta property=\"og:url\" content=\"https:\/\/inkuma.com.br\/es\/producto\/barrigas-pelos-rpg-edicao-xxl\/\" \/>\r\n<meta property=\"og:site_name\" content=\"Studio Inkuma\" \/>\r\n<meta property=\"article:publisher\" content=\"https:\/\/www.facebook.com\/studioinkuma\" \/>\r\n<meta property=\"article:modified_time\" content=\"2026-03-08T10:18:52+00:00\" \/>\r\n<meta property=\"og:image\" content=\"https:\/\/inkuma.com.br\/wp-content\/uploads\/2026\/02\/banner_horizontal_bepxxl_14.webp\" \/>\r\n\t<meta property=\"og:image:width\" content=\"1024\" \/>\r\n\t<meta property=\"og:image:height\" content=\"400\" \/>\r\n\t<meta property=\"og:image:type\" content=\"image\/webp\" \/>\r\n<meta name=\"twitter:card\" content=\"summary_large_image\" \/>\r\n<meta name=\"twitter:site\" content=\"@InkumaStudio\" \/>\r\n<meta name=\"twitter:label1\" content=\"Tiempo de lectura\" \/>\n\t<meta name=\"twitter:data1\" content=\"1 minuto\" \/>\r\n<script type=\"application\/ld+json\" class=\"yoast-schema-graph\">{\"@context\":\"https:\\\/\\\/schema.org\",\"@graph\":[{\"@type\":\"WebPage\",\"@id\":\"https:\\\/\\\/inkuma.com.br\\\/produto\\\/barrigas-pelos-rpg-edicao-xxl\\\/\",\"url\":\"https:\\\/\\\/inkuma.com.br\\\/produto\\\/barrigas-pelos-rpg-edicao-xxl\\\/\",\"name\":\"Barrigas & Pelos RPG XXL \u2014 RPG autoral brasileiro | Inkuma\",\"isPartOf\":{\"@id\":\"https:\\\/\\\/inkuma.com.br\\\/#website\"},\"primaryImageOfPage\":{\"@id\":\"https:\\\/\\\/inkuma.com.br\\\/produto\\\/barrigas-pelos-rpg-edicao-xxl\\\/#primaryimage\"},\"image\":{\"@id\":\"https:\\\/\\\/inkuma.com.br\\\/produto\\\/barrigas-pelos-rpg-edicao-xxl\\\/#primaryimage\"},\"thumbnailUrl\":\"https:\\\/\\\/inkuma.com.br\\\/wp-content\\\/uploads\\\/2026\\\/02\\\/capa_bep_bravura_jogos_00_14.webp\",\"datePublished\":\"2026-02-11T00:00:00+00:00\",\"dateModified\":\"2026-03-08T10:18:52+00:00\",\"description\":\"Barrigas & Pelos RPG XXL \u00e9 um RPG autoral brasileiro da Bravura Jogos e Inkuma com humor, estilo irreverente e mundo pr\u00f3prio. Jogue aventuras \u00fanicas agora!\",\"breadcrumb\":{\"@id\":\"https:\\\/\\\/inkuma.com.br\\\/produto\\\/barrigas-pelos-rpg-edicao-xxl\\\/#breadcrumb\"},\"inLanguage\":\"es-AR\",\"potentialAction\":[{\"@type\":\"ReadAction\",\"target\":[\"https:\\\/\\\/inkuma.com.br\\\/produto\\\/barrigas-pelos-rpg-edicao-xxl\\\/\"]}]},{\"@type\":\"ImageObject\",\"inLanguage\":\"es-AR\",\"@id\":\"https:\\\/\\\/inkuma.com.br\\\/produto\\\/barrigas-pelos-rpg-edicao-xxl\\\/#primaryimage\",\"url\":\"https:\\\/\\\/inkuma.com.br\\\/wp-content\\\/uploads\\\/2026\\\/02\\\/capa_bep_bravura_jogos_00_14.webp\",\"contentUrl\":\"https:\\\/\\\/inkuma.com.br\\\/wp-content\\\/uploads\\\/2026\\\/02\\\/capa_bep_bravura_jogos_00_14.webp\",\"width\":1400,\"height\":1400},{\"@type\":\"BreadcrumbList\",\"@id\":\"https:\\\/\\\/inkuma.com.br\\\/produto\\\/barrigas-pelos-rpg-edicao-xxl\\\/#breadcrumb\",\"itemListElement\":[{\"@type\":\"ListItem\",\"position\":1,\"name\":\"In\u00edcio\",\"item\":\"https:\\\/\\\/inkuma.com.br\\\/\"},{\"@type\":\"ListItem\",\"position\":2,\"name\":\"Produtos\",\"item\":\"https:\\\/\\\/inkuma.com.br\\\/shop\\\/\"},{\"@type\":\"ListItem\",\"position\":3,\"name\":\"Barrigas &#038; Pelos RPG &#8211; Edi\u00e7\u00e3o XXL\"}]},{\"@type\":\"WebSite\",\"@id\":\"https:\\\/\\\/inkuma.com.br\\\/#website\",\"url\":\"https:\\\/\\\/inkuma.com.br\\\/\",\"name\":\"Studio Inkuma\",\"description\":\"Editora independente focada em literatura e quadrinhos LGBTQIA+ e jogos de RPG.\",\"publisher\":{\"@id\":\"https:\\\/\\\/inkuma.com.br\\\/#organization\"},\"potentialAction\":[{\"@type\":\"SearchAction\",\"target\":{\"@type\":\"EntryPoint\",\"urlTemplate\":\"https:\\\/\\\/inkuma.com.br\\\/?s={search_term_string}\"},\"query-input\":{\"@type\":\"PropertyValueSpecification\",\"valueRequired\":true,\"valueName\":\"search_term_string\"}}],\"inLanguage\":\"es-AR\"},{\"@type\":\"Organization\",\"@id\":\"https:\\\/\\\/inkuma.com.br\\\/#organization\",\"name\":\"Studio Inkuma\",\"alternateName\":\"Inkuma\",\"url\":\"https:\\\/\\\/inkuma.com.br\\\/\",\"logo\":{\"@type\":\"ImageObject\",\"inLanguage\":\"es-AR\",\"@id\":\"https:\\\/\\\/inkuma.com.br\\\/#\\\/schema\\\/logo\\\/image\\\/\",\"url\":\"https:\\\/\\\/inkuma.com.br\\\/wp-content\\\/uploads\\\/2025\\\/10\\\/logo_inkuma_circulo_branco.svg\",\"contentUrl\":\"https:\\\/\\\/inkuma.com.br\\\/wp-content\\\/uploads\\\/2025\\\/10\\\/logo_inkuma_circulo_branco.svg\",\"width\":129,\"height\":129,\"caption\":\"Studio Inkuma\"},\"image\":{\"@id\":\"https:\\\/\\\/inkuma.com.br\\\/#\\\/schema\\\/logo\\\/image\\\/\"},\"sameAs\":[\"https:\\\/\\\/www.facebook.com\\\/studioinkuma\",\"https:\\\/\\\/x.com\\\/InkumaStudio\",\"https:\\\/\\\/www.instagram.com\\\/studioinkuma\\\/\",\"https:\\\/\\\/bsky.app\\\/profile\\\/studioinkuma.bsky.social\",\"https:\\\/\\\/www.tiktok.com\\\/@INKUMASTUDIO\"]}]}<\/script>\r\n<!-- \/ Yoast SEO plugin. -->","yoast_head_json":{"title":"Barrigas & Pelos RPG XXL \u2014 RPG autoral brasileiro | Inkuma","description":"Barrigas & Pelos RPG XXL \u00e9 um RPG autoral brasileiro da Bravura Jogos e Inkuma com humor, estilo irreverente e mundo pr\u00f3prio. Jogue aventuras \u00fanicas agora!","robots":{"index":"index","follow":"follow","max-snippet":"max-snippet:-1","max-image-preview":"max-image-preview:large","max-video-preview":"max-video-preview:-1"},"canonical":"https:\/\/inkuma.com.br\/es\/producto\/barrigas-pelos-rpg-edicao-xxl\/","og_locale":"es_ES","og_type":"article","og_title":"Barrigas & Pelos RPG XXL \u2014 RPG autoral brasileiro | Inkuma","og_description":"Descubra Barrigas & Pelos RPG XXL \u2014 um RPG autoral brasileiro da Inkuma com humor, mundo pr\u00f3prio e aventuras \u00fanicas.","og_url":"https:\/\/inkuma.com.br\/es\/producto\/barrigas-pelos-rpg-edicao-xxl\/","og_site_name":"Studio Inkuma","article_publisher":"https:\/\/www.facebook.com\/studioinkuma","article_modified_time":"2026-03-08T10:18:52+00:00","og_image":[{"width":1024,"height":400,"url":"https:\/\/inkuma.com.br\/wp-content\/uploads\/2026\/02\/banner_horizontal_bepxxl_14.webp","type":"image\/webp"}],"twitter_card":"summary_large_image","twitter_site":"@InkumaStudio","twitter_misc":{"Tiempo de lectura":"1 minuto"},"schema":{"@context":"https:\/\/schema.org","@graph":[{"@type":"WebPage","@id":"https:\/\/inkuma.com.br\/produto\/barrigas-pelos-rpg-edicao-xxl\/","url":"https:\/\/inkuma.com.br\/produto\/barrigas-pelos-rpg-edicao-xxl\/","name":"Barrigas & Pelos RPG XXL \u2014 RPG autoral brasileiro | Inkuma","isPartOf":{"@id":"https:\/\/inkuma.com.br\/#website"},"primaryImageOfPage":{"@id":"https:\/\/inkuma.com.br\/produto\/barrigas-pelos-rpg-edicao-xxl\/#primaryimage"},"image":{"@id":"https:\/\/inkuma.com.br\/produto\/barrigas-pelos-rpg-edicao-xxl\/#primaryimage"},"thumbnailUrl":"https:\/\/inkuma.com.br\/wp-content\/uploads\/2026\/02\/capa_bep_bravura_jogos_00_14.webp","datePublished":"2026-02-11T00:00:00+00:00","dateModified":"2026-03-08T10:18:52+00:00","description":"Barrigas & Pelos RPG XXL \u00e9 um RPG autoral brasileiro da Bravura Jogos e Inkuma com humor, estilo irreverente e mundo pr\u00f3prio. Jogue aventuras \u00fanicas agora!","breadcrumb":{"@id":"https:\/\/inkuma.com.br\/produto\/barrigas-pelos-rpg-edicao-xxl\/#breadcrumb"},"inLanguage":"es-AR","potentialAction":[{"@type":"ReadAction","target":["https:\/\/inkuma.com.br\/produto\/barrigas-pelos-rpg-edicao-xxl\/"]}]},{"@type":"ImageObject","inLanguage":"es-AR","@id":"https:\/\/inkuma.com.br\/produto\/barrigas-pelos-rpg-edicao-xxl\/#primaryimage","url":"https:\/\/inkuma.com.br\/wp-content\/uploads\/2026\/02\/capa_bep_bravura_jogos_00_14.webp","contentUrl":"https:\/\/inkuma.com.br\/wp-content\/uploads\/2026\/02\/capa_bep_bravura_jogos_00_14.webp","width":1400,"height":1400},{"@type":"BreadcrumbList","@id":"https:\/\/inkuma.com.br\/produto\/barrigas-pelos-rpg-edicao-xxl\/#breadcrumb","itemListElement":[{"@type":"ListItem","position":1,"name":"In\u00edcio","item":"https:\/\/inkuma.com.br\/"},{"@type":"ListItem","position":2,"name":"Produtos","item":"https:\/\/inkuma.com.br\/shop\/"},{"@type":"ListItem","position":3,"name":"Barrigas &#038; Pelos RPG &#8211; Edi\u00e7\u00e3o XXL"}]},{"@type":"WebSite","@id":"https:\/\/inkuma.com.br\/#website","url":"https:\/\/inkuma.com.br\/","name":"Studio Inkuma","description":"Editora independente focada em literatura e quadrinhos LGBTQIA+ e jogos de RPG.","publisher":{"@id":"https:\/\/inkuma.com.br\/#organization"},"potentialAction":[{"@type":"SearchAction","target":{"@type":"EntryPoint","urlTemplate":"https:\/\/inkuma.com.br\/?s={search_term_string}"},"query-input":{"@type":"PropertyValueSpecification","valueRequired":true,"valueName":"search_term_string"}}],"inLanguage":"es-AR"},{"@type":"Organization","@id":"https:\/\/inkuma.com.br\/#organization","name":"Studio Inkuma","alternateName":"Inkuma","url":"https:\/\/inkuma.com.br\/","logo":{"@type":"ImageObject","inLanguage":"es-AR","@id":"https:\/\/inkuma.com.br\/#\/schema\/logo\/image\/","url":"https:\/\/inkuma.com.br\/wp-content\/uploads\/2025\/10\/logo_inkuma_circulo_branco.svg","contentUrl":"https:\/\/inkuma.com.br\/wp-content\/uploads\/2025\/10\/logo_inkuma_circulo_branco.svg","width":129,"height":129,"caption":"Studio Inkuma"},"image":{"@id":"https:\/\/inkuma.com.br\/#\/schema\/logo\/image\/"},"sameAs":["https:\/\/www.facebook.com\/studioinkuma","https:\/\/x.com\/InkumaStudio","https:\/\/www.instagram.com\/studioinkuma\/","https:\/\/bsky.app\/profile\/studioinkuma.bsky.social","https:\/\/www.tiktok.com\/@INKUMASTUDIO"]}]}},"_links":{"self":[{"href":"https:\/\/inkuma.com.br\/es\/wp-json\/wp\/v2\/product\/1806","targetHints":{"allow":["GET"]}}],"collection":[{"href":"https:\/\/inkuma.com.br\/es\/wp-json\/wp\/v2\/product"}],"about":[{"href":"https:\/\/inkuma.com.br\/es\/wp-json\/wp\/v2\/types\/product"}],"replies":[{"embeddable":true,"href":"https:\/\/inkuma.com.br\/es\/wp-json\/wp\/v2\/comments?post=1806"}],"wp:featuredmedia":[{"embeddable":true,"href":"https:\/\/inkuma.com.br\/es\/wp-json\/wp\/v2\/media\/1768"}],"wp:attachment":[{"href":"https:\/\/inkuma.com.br\/es\/wp-json\/wp\/v2\/media?parent=1806"}],"wp:term":[{"taxonomy":"product_brand","embeddable":true,"href":"https:\/\/inkuma.com.br\/es\/wp-json\/wp\/v2\/product_brand?post=1806"},{"taxonomy":"product_cat","embeddable":true,"href":"https:\/\/inkuma.com.br\/es\/wp-json\/wp\/v2\/product_cat?post=1806"},{"taxonomy":"product_tag","embeddable":true,"href":"https:\/\/inkuma.com.br\/es\/wp-json\/wp\/v2\/product_tag?post=1806"}],"curies":[{"name":"wp","href":"https:\/\/api.w.org\/{rel}","templated":true}]}}