{"id":1827,"date":"2026-02-10T22:28:41","date_gmt":"2026-02-11T01:28:41","guid":{"rendered":"https:\/\/inkuma.com.br\/?post_type=product&#038;p=1827"},"modified":"2026-04-04T00:23:49","modified_gmt":"2026-04-04T03:23:49","slug":"sistema-bravura","status":"publish","type":"product","link":"https:\/\/inkuma.com.br\/es\/producto\/sistema-bravura\/","title":{"rendered":"Sistema Bravura"},"content":{"rendered":"<p>O <strong>Sistema Bravura<\/strong> \u00e9 um sistema de RPG simples e gen\u00e9rico, ideal para adaptar e jogar qualquer tipo de cen\u00e1rio, seja em grupo ou em modo solo.<\/p>\n<p>Para jogar, voc\u00ea vai precisar de um d12 e um d6 (dados de doze e seis faces, respectivamente) ou de um aplicativo que simule esses dados.<\/p>","protected":false},"excerpt":{"rendered":"<p>O Sistema Bravura \u00e9 um sistema de RPG simples e gen\u00e9rico, ideal para adaptar e jogar qualquer tipo de cen\u00e1rio, seja em grupo ou em modo solo. Para jogar, voc\u00ea vai precisar de um d12 e um d6 (dados de doze e seis faces, respectivamente) ou de um aplicativo que simule esses dados.<\/p>","protected":false},"featured_media":1747,"comment_status":"open","ping_status":"closed","template":"","meta":{"inline_featured_image":false},"product_brand":[],"product_cat":[27,35],"product_tag":[],"class_list":{"0":"post-1827","1":"product","2":"type-product","3":"status-publish","4":"has-post-thumbnail","6":"product_cat-destaque","7":"product_cat-rpg","9":"first","10":"instock","11":"shipping-taxable","12":"purchasable","13":"product-type-simple"},"yoast_head":"<!-- This site is optimized with the Yoast SEO plugin v27.4 - https:\/\/yoast.com\/product\/yoast-seo-wordpress\/ -->\r\n<title>Sistema Bravura \u2014 RPG autoral brasileiro | Inkuma<\/title>\r\n<meta name=\"description\" content=\"Sistema Bravura \u00e9 um RPG autoral brasileiro da Bravura Jogos e Inkuma com regras acess\u00edveis, mec\u00e2nicas inovadoras e narrativa envolvente. Conhe\u00e7a e jogue!\" \/>\r\n<meta name=\"robots\" content=\"index, follow, max-snippet:-1, max-image-preview:large, max-video-preview:-1\" \/>\r\n<link rel=\"canonical\" href=\"https:\/\/inkuma.com.br\/es\/producto\/sistema-bravura\/\" \/>\r\n<meta property=\"og:locale\" content=\"es_ES\" \/>\r\n<meta property=\"og:type\" content=\"article\" \/>\r\n<meta property=\"og:title\" content=\"Sistema Bravura \u2014 RPG autoral brasileiro | Inkuma\" \/>\r\n<meta property=\"og:description\" content=\"Descubra o Sistema Bravura \u2014 um RPG autoral brasileiro da Inkuma com mec\u00e2nicas acess\u00edveis e narrativa envolvente. Perfeito para suas campanhas!\" \/>\r\n<meta property=\"og:url\" content=\"https:\/\/inkuma.com.br\/es\/producto\/sistema-bravura\/\" \/>\r\n<meta property=\"og:site_name\" content=\"Studio Inkuma\" \/>\r\n<meta property=\"article:publisher\" content=\"https:\/\/www.facebook.com\/studioinkuma\" \/>\r\n<meta property=\"article:modified_time\" content=\"2026-04-04T03:23:49+00:00\" \/>\r\n<meta property=\"og:image\" content=\"https:\/\/inkuma.com.br\/wp-content\/uploads\/2026\/02\/banner_horizontal_sistema_bravura_a12.webp\" \/>\r\n\t<meta property=\"og:image:width\" content=\"1024\" \/>\r\n\t<meta property=\"og:image:height\" content=\"400\" \/>\r\n\t<meta property=\"og:image:type\" content=\"image\/webp\" \/>\r\n<meta name=\"twitter:card\" content=\"summary_large_image\" \/>\r\n<meta name=\"twitter:site\" content=\"@InkumaStudio\" \/>\r\n<meta name=\"twitter:label1\" content=\"Tiempo de lectura\" \/>\n\t<meta name=\"twitter:data1\" content=\"1 minuto\" \/>\r\n<script type=\"application\/ld+json\" class=\"yoast-schema-graph\">{\"@context\":\"https:\\\/\\\/schema.org\",\"@graph\":[{\"@type\":\"WebPage\",\"@id\":\"https:\\\/\\\/inkuma.com.br\\\/produto\\\/sistema-bravura\\\/\",\"url\":\"https:\\\/\\\/inkuma.com.br\\\/produto\\\/sistema-bravura\\\/\",\"name\":\"Sistema Bravura \u2014 RPG autoral brasileiro | Inkuma\",\"isPartOf\":{\"@id\":\"https:\\\/\\\/inkuma.com.br\\\/#website\"},\"primaryImageOfPage\":{\"@id\":\"https:\\\/\\\/inkuma.com.br\\\/produto\\\/sistema-bravura\\\/#primaryimage\"},\"image\":{\"@id\":\"https:\\\/\\\/inkuma.com.br\\\/produto\\\/sistema-bravura\\\/#primaryimage\"},\"thumbnailUrl\":\"https:\\\/\\\/inkuma.com.br\\\/wp-content\\\/uploads\\\/2026\\\/02\\\/capa_sistema_bravura_bravura_jogos_00_a12.webp\",\"datePublished\":\"2026-02-11T01:28:41+00:00\",\"dateModified\":\"2026-04-04T03:23:49+00:00\",\"description\":\"Sistema Bravura \u00e9 um RPG autoral brasileiro da Bravura Jogos e Inkuma com regras acess\u00edveis, mec\u00e2nicas inovadoras e narrativa envolvente. Conhe\u00e7a e jogue!\",\"breadcrumb\":{\"@id\":\"https:\\\/\\\/inkuma.com.br\\\/produto\\\/sistema-bravura\\\/#breadcrumb\"},\"inLanguage\":\"es-AR\",\"potentialAction\":[{\"@type\":\"ReadAction\",\"target\":[\"https:\\\/\\\/inkuma.com.br\\\/produto\\\/sistema-bravura\\\/\"]}]},{\"@type\":\"ImageObject\",\"inLanguage\":\"es-AR\",\"@id\":\"https:\\\/\\\/inkuma.com.br\\\/produto\\\/sistema-bravura\\\/#primaryimage\",\"url\":\"https:\\\/\\\/inkuma.com.br\\\/wp-content\\\/uploads\\\/2026\\\/02\\\/capa_sistema_bravura_bravura_jogos_00_a12.webp\",\"contentUrl\":\"https:\\\/\\\/inkuma.com.br\\\/wp-content\\\/uploads\\\/2026\\\/02\\\/capa_sistema_bravura_bravura_jogos_00_a12.webp\",\"width\":1400,\"height\":1400},{\"@type\":\"BreadcrumbList\",\"@id\":\"https:\\\/\\\/inkuma.com.br\\\/produto\\\/sistema-bravura\\\/#breadcrumb\",\"itemListElement\":[{\"@type\":\"ListItem\",\"position\":1,\"name\":\"In\u00edcio\",\"item\":\"https:\\\/\\\/inkuma.com.br\\\/\"},{\"@type\":\"ListItem\",\"position\":2,\"name\":\"Produtos\",\"item\":\"https:\\\/\\\/inkuma.com.br\\\/shop\\\/\"},{\"@type\":\"ListItem\",\"position\":3,\"name\":\"Sistema Bravura\"}]},{\"@type\":\"WebSite\",\"@id\":\"https:\\\/\\\/inkuma.com.br\\\/#website\",\"url\":\"https:\\\/\\\/inkuma.com.br\\\/\",\"name\":\"Studio Inkuma\",\"description\":\"Editora independente focada em literatura e quadrinhos LGBTQIA+ e jogos de RPG.\",\"publisher\":{\"@id\":\"https:\\\/\\\/inkuma.com.br\\\/#organization\"},\"potentialAction\":[{\"@type\":\"SearchAction\",\"target\":{\"@type\":\"EntryPoint\",\"urlTemplate\":\"https:\\\/\\\/inkuma.com.br\\\/?s={search_term_string}\"},\"query-input\":{\"@type\":\"PropertyValueSpecification\",\"valueRequired\":true,\"valueName\":\"search_term_string\"}}],\"inLanguage\":\"es-AR\"},{\"@type\":\"Organization\",\"@id\":\"https:\\\/\\\/inkuma.com.br\\\/#organization\",\"name\":\"Studio Inkuma\",\"alternateName\":\"Inkuma\",\"url\":\"https:\\\/\\\/inkuma.com.br\\\/\",\"logo\":{\"@type\":\"ImageObject\",\"inLanguage\":\"es-AR\",\"@id\":\"https:\\\/\\\/inkuma.com.br\\\/#\\\/schema\\\/logo\\\/image\\\/\",\"url\":\"https:\\\/\\\/inkuma.com.br\\\/wp-content\\\/uploads\\\/2025\\\/10\\\/logo_inkuma_circulo_branco.svg\",\"contentUrl\":\"https:\\\/\\\/inkuma.com.br\\\/wp-content\\\/uploads\\\/2025\\\/10\\\/logo_inkuma_circulo_branco.svg\",\"width\":129,\"height\":129,\"caption\":\"Studio Inkuma\"},\"image\":{\"@id\":\"https:\\\/\\\/inkuma.com.br\\\/#\\\/schema\\\/logo\\\/image\\\/\"},\"sameAs\":[\"https:\\\/\\\/www.facebook.com\\\/studioinkuma\",\"https:\\\/\\\/x.com\\\/InkumaStudio\",\"https:\\\/\\\/www.instagram.com\\\/studioinkuma\\\/\",\"https:\\\/\\\/bsky.app\\\/profile\\\/studioinkuma.bsky.social\",\"https:\\\/\\\/www.tiktok.com\\\/@INKUMASTUDIO\"]}]}<\/script>\r\n<!-- \/ Yoast SEO plugin. -->","yoast_head_json":{"title":"Sistema Bravura \u2014 RPG autoral brasileiro | Inkuma","description":"Sistema Bravura \u00e9 um RPG autoral brasileiro da Bravura Jogos e Inkuma com regras acess\u00edveis, mec\u00e2nicas inovadoras e narrativa envolvente. Conhe\u00e7a e jogue!","robots":{"index":"index","follow":"follow","max-snippet":"max-snippet:-1","max-image-preview":"max-image-preview:large","max-video-preview":"max-video-preview:-1"},"canonical":"https:\/\/inkuma.com.br\/es\/producto\/sistema-bravura\/","og_locale":"es_ES","og_type":"article","og_title":"Sistema Bravura \u2014 RPG autoral brasileiro | Inkuma","og_description":"Descubra o Sistema Bravura \u2014 um RPG autoral brasileiro da Inkuma com mec\u00e2nicas acess\u00edveis e narrativa envolvente. Perfeito para suas campanhas!","og_url":"https:\/\/inkuma.com.br\/es\/producto\/sistema-bravura\/","og_site_name":"Studio Inkuma","article_publisher":"https:\/\/www.facebook.com\/studioinkuma","article_modified_time":"2026-04-04T03:23:49+00:00","og_image":[{"width":1024,"height":400,"url":"https:\/\/inkuma.com.br\/wp-content\/uploads\/2026\/02\/banner_horizontal_sistema_bravura_a12.webp","type":"image\/webp"}],"twitter_card":"summary_large_image","twitter_site":"@InkumaStudio","twitter_misc":{"Tiempo de lectura":"1 minuto"},"schema":{"@context":"https:\/\/schema.org","@graph":[{"@type":"WebPage","@id":"https:\/\/inkuma.com.br\/produto\/sistema-bravura\/","url":"https:\/\/inkuma.com.br\/produto\/sistema-bravura\/","name":"Sistema Bravura \u2014 RPG autoral brasileiro | Inkuma","isPartOf":{"@id":"https:\/\/inkuma.com.br\/#website"},"primaryImageOfPage":{"@id":"https:\/\/inkuma.com.br\/produto\/sistema-bravura\/#primaryimage"},"image":{"@id":"https:\/\/inkuma.com.br\/produto\/sistema-bravura\/#primaryimage"},"thumbnailUrl":"https:\/\/inkuma.com.br\/wp-content\/uploads\/2026\/02\/capa_sistema_bravura_bravura_jogos_00_a12.webp","datePublished":"2026-02-11T01:28:41+00:00","dateModified":"2026-04-04T03:23:49+00:00","description":"Sistema Bravura \u00e9 um RPG autoral brasileiro da Bravura Jogos e Inkuma com regras acess\u00edveis, mec\u00e2nicas inovadoras e narrativa envolvente. Conhe\u00e7a e jogue!","breadcrumb":{"@id":"https:\/\/inkuma.com.br\/produto\/sistema-bravura\/#breadcrumb"},"inLanguage":"es-AR","potentialAction":[{"@type":"ReadAction","target":["https:\/\/inkuma.com.br\/produto\/sistema-bravura\/"]}]},{"@type":"ImageObject","inLanguage":"es-AR","@id":"https:\/\/inkuma.com.br\/produto\/sistema-bravura\/#primaryimage","url":"https:\/\/inkuma.com.br\/wp-content\/uploads\/2026\/02\/capa_sistema_bravura_bravura_jogos_00_a12.webp","contentUrl":"https:\/\/inkuma.com.br\/wp-content\/uploads\/2026\/02\/capa_sistema_bravura_bravura_jogos_00_a12.webp","width":1400,"height":1400},{"@type":"BreadcrumbList","@id":"https:\/\/inkuma.com.br\/produto\/sistema-bravura\/#breadcrumb","itemListElement":[{"@type":"ListItem","position":1,"name":"In\u00edcio","item":"https:\/\/inkuma.com.br\/"},{"@type":"ListItem","position":2,"name":"Produtos","item":"https:\/\/inkuma.com.br\/shop\/"},{"@type":"ListItem","position":3,"name":"Sistema Bravura"}]},{"@type":"WebSite","@id":"https:\/\/inkuma.com.br\/#website","url":"https:\/\/inkuma.com.br\/","name":"Studio Inkuma","description":"Editora independente focada em literatura e quadrinhos LGBTQIA+ e jogos de RPG.","publisher":{"@id":"https:\/\/inkuma.com.br\/#organization"},"potentialAction":[{"@type":"SearchAction","target":{"@type":"EntryPoint","urlTemplate":"https:\/\/inkuma.com.br\/?s={search_term_string}"},"query-input":{"@type":"PropertyValueSpecification","valueRequired":true,"valueName":"search_term_string"}}],"inLanguage":"es-AR"},{"@type":"Organization","@id":"https:\/\/inkuma.com.br\/#organization","name":"Studio Inkuma","alternateName":"Inkuma","url":"https:\/\/inkuma.com.br\/","logo":{"@type":"ImageObject","inLanguage":"es-AR","@id":"https:\/\/inkuma.com.br\/#\/schema\/logo\/image\/","url":"https:\/\/inkuma.com.br\/wp-content\/uploads\/2025\/10\/logo_inkuma_circulo_branco.svg","contentUrl":"https:\/\/inkuma.com.br\/wp-content\/uploads\/2025\/10\/logo_inkuma_circulo_branco.svg","width":129,"height":129,"caption":"Studio Inkuma"},"image":{"@id":"https:\/\/inkuma.com.br\/#\/schema\/logo\/image\/"},"sameAs":["https:\/\/www.facebook.com\/studioinkuma","https:\/\/x.com\/InkumaStudio","https:\/\/www.instagram.com\/studioinkuma\/","https:\/\/bsky.app\/profile\/studioinkuma.bsky.social","https:\/\/www.tiktok.com\/@INKUMASTUDIO"]}]}},"_links":{"self":[{"href":"https:\/\/inkuma.com.br\/es\/wp-json\/wp\/v2\/product\/1827","targetHints":{"allow":["GET"]}}],"collection":[{"href":"https:\/\/inkuma.com.br\/es\/wp-json\/wp\/v2\/product"}],"about":[{"href":"https:\/\/inkuma.com.br\/es\/wp-json\/wp\/v2\/types\/product"}],"replies":[{"embeddable":true,"href":"https:\/\/inkuma.com.br\/es\/wp-json\/wp\/v2\/comments?post=1827"}],"wp:featuredmedia":[{"embeddable":true,"href":"https:\/\/inkuma.com.br\/es\/wp-json\/wp\/v2\/media\/1747"}],"wp:attachment":[{"href":"https:\/\/inkuma.com.br\/es\/wp-json\/wp\/v2\/media?parent=1827"}],"wp:term":[{"taxonomy":"product_brand","embeddable":true,"href":"https:\/\/inkuma.com.br\/es\/wp-json\/wp\/v2\/product_brand?post=1827"},{"taxonomy":"product_cat","embeddable":true,"href":"https:\/\/inkuma.com.br\/es\/wp-json\/wp\/v2\/product_cat?post=1827"},{"taxonomy":"product_tag","embeddable":true,"href":"https:\/\/inkuma.com.br\/es\/wp-json\/wp\/v2\/product_tag?post=1827"}],"curies":[{"name":"wp","href":"https:\/\/api.w.org\/{rel}","templated":true}]}}