{"id":2297,"date":"2026-05-01T00:01:26","date_gmt":"2026-05-01T03:01:26","guid":{"rendered":"https:\/\/inkuma.com.br\/?post_type=product&#038;p=2297"},"modified":"2026-05-06T19:15:18","modified_gmt":"2026-05-06T22:15:18","slug":"ursal-temporada-de-caca","status":"publish","type":"product","link":"https:\/\/inkuma.com.br\/es\/producto\/ursal-temporada-de-caca\/","title":{"rendered":"URSAL \u2013 Temporada de Caza 01"},"content":{"rendered":"<p class=\"font-claude-response-body break-words whitespace-normal leading-[1.7]\"><em>Todo predador tem o seu algoz.<\/em><\/p>\n<p class=\"font-claude-response-body break-words whitespace-normal leading-[1.7]\">No universo vibrante e K7punk de <em>Ursal RPG<\/em>, a saga dos Ursoldados ganha uma nova dimens\u00e3o. Esta primeira edi\u00e7\u00e3o chega com quadrinhos in\u00e9ditos, fichas exclusivas de personagem e novos inimigos prontos para desafiar qualquer mesa.<\/p>\n<p class=\"font-claude-response-body break-words whitespace-normal leading-[1.7]\">Novas amea\u00e7as tomam forma: um ca\u00e7ador aposentado que retorna \u00e0 ativa com velhas contas a acertar e os tem\u00edveis H.U.N.T.E.R.S \u2014 soldados de elite estadunidenses equipados com \u00e1guias geneticamente modificadas e implantes neurais, forjados sob o pretexto do combate ao terrorismo.<\/p>\n<p class=\"font-claude-response-body break-words whitespace-normal leading-[1.7]\">Em meio ao caos, Mack, l\u00edder dos Ursoldados, tenta se adaptar ao seu novo Mishabot \u2014 e descobrir o que ainda n\u00e3o sabe sobre esse mundo que nunca parou de mudar.<\/p>\n<p class=\"font-claude-response-body break-words whitespace-normal leading-[1.7]\"><strong>O que voc\u00ea encontra nesta edi\u00e7\u00e3o:<\/strong><\/p>\n<ul class=\"[li_&amp;]:mb-0 [li_&amp;]:mt-1 [li_&amp;]:gap-1 [&amp;:not(:last-child)_ul]:pb-1 [&amp;:not(:last-child)_ol]:pb-1 list-disc flex flex-col gap-1 pl-8 mb-3\">\n<li class=\"whitespace-normal break-words pl-2\">Quadrinhos in\u00e9ditos ambientados no universo de <em>Ursal RPG.<\/em><\/li>\n<li class=\"whitespace-normal break-words pl-2\">Arquivos Ursal: ficha completa de Mack, com hist\u00f3rico e personalidade.<\/li>\n<li class=\"whitespace-normal break-words pl-2\">H.U.N.T.E.R.S: novo tipo de inimigo pronto para usar nas suas campanhas.<\/li>\n<li class=\"whitespace-normal break-words pl-2\">Correio Camarada: a se\u00e7\u00e3o de cartas dos leitores.<\/li>\n<\/ul>\n<p class=\"font-claude-response-body break-words whitespace-normal leading-[1.7]\">36 p\u00e1ginas. Classifica\u00e7\u00e3o: 18 anos.<\/p>\n","protected":false},"excerpt":{"rendered":"<p class=\"font-claude-response-body break-words whitespace-normal leading-[1.7]\"><em>Todo predador tem o seu algoz.<\/em><\/p>\n<p class=\"font-claude-response-body break-words whitespace-normal leading-[1.7]\">A primeira edi\u00e7\u00e3o dos quadrinhos de <strong>Ursal RPG<\/strong> chega com hist\u00f3ria in\u00e9dita, ficha exclusiva de Mack e os novos inimigos H.U.N.T.E.R.S prontos para a sua mesa. 36 p\u00e1ginas. Classifica\u00e7\u00e3o 18 anos.<\/p>\n","protected":false},"featured_media":2291,"comment_status":"open","ping_status":"closed","template":"","meta":{"inline_featured_image":false},"product_brand":[],"product_cat":[27,34,35],"product_tag":[],"class_list":{"0":"post-2297","1":"product","2":"type-product","3":"status-publish","4":"has-post-thumbnail","6":"product_cat-destaque","7":"product_cat-quadrinhos18","8":"product_cat-rpg","10":"first","11":"instock","12":"shipping-taxable","13":"purchasable","14":"product-type-simple"},"yoast_head":"<!-- This site is optimized with the Yoast SEO plugin v27.5 - https:\/\/yoast.com\/product\/yoast-seo-wordpress\/ -->\r\n<title>Ursal - Temporada de Ca\u00e7a 01 - Studio Inkuma<\/title>\r\n<meta name=\"description\" content=\"Ursal Temporada de Ca\u00e7a traz quadrinhos in\u00e9ditos, fichas exclusivas e novos inimigos para o universo do Ursal RPG. 36 p\u00e1ginas de a\u00e7\u00e3o K7punk.\" \/>\r\n<meta name=\"robots\" content=\"index, follow, max-snippet:-1, max-image-preview:large, max-video-preview:-1\" \/>\r\n<link rel=\"canonical\" href=\"https:\/\/inkuma.com.br\/es\/producto\/ursal-temporada-de-caca\/\" \/>\r\n<meta property=\"og:locale\" content=\"es_ES\" \/>\r\n<meta property=\"og:type\" content=\"article\" \/>\r\n<meta property=\"og:title\" content=\"Ursal Temporada de Ca\u00e7a \u2014 Os quadrinhos do RPG brasileiro chegaram\" \/>\r\n<meta property=\"og:description\" content=\"Todo predador tem o seu algoz. A primeira edi\u00e7\u00e3o dos quadrinhos de Ursal RPG chega com hist\u00f3ria in\u00e9dita, ficha exclusiva de Mack e os novos inimigos H.U.N.T.E.R.S prontos para a sua mesa. 36 p\u00e1ginas. Classifica\u00e7\u00e3o 18 anos.\" \/>\r\n<meta property=\"og:url\" content=\"https:\/\/inkuma.com.br\/es\/producto\/ursal-temporada-de-caca\/\" \/>\r\n<meta property=\"og:site_name\" content=\"Studio Inkuma\" \/>\r\n<meta property=\"article:publisher\" content=\"https:\/\/www.facebook.com\/studioinkuma\" \/>\r\n<meta property=\"article:modified_time\" content=\"2026-05-06T22:15:18+00:00\" \/>\r\n<meta property=\"og:image\" content=\"https:\/\/inkuma.com.br\/wp-content\/uploads\/2026\/04\/capa_ursal_temporada_de_caca_01.webp\" \/>\r\n\t<meta property=\"og:image:width\" content=\"1400\" \/>\r\n\t<meta property=\"og:image:height\" content=\"1400\" \/>\r\n\t<meta property=\"og:image:type\" content=\"image\/webp\" \/>\r\n<meta name=\"twitter:card\" content=\"summary_large_image\" \/>\r\n<meta name=\"twitter:site\" content=\"@InkumaStudio\" \/>\r\n<meta name=\"twitter:label1\" content=\"Tiempo de lectura\" \/>\n\t<meta name=\"twitter:data1\" content=\"2 minutos\" \/>\r\n<script type=\"application\/ld+json\" class=\"yoast-schema-graph\">{\"@context\":\"https:\\\/\\\/schema.org\",\"@graph\":[{\"@type\":\"WebPage\",\"@id\":\"https:\\\/\\\/inkuma.com.br\\\/produto\\\/ursal-temporada-de-caca\\\/\",\"url\":\"https:\\\/\\\/inkuma.com.br\\\/produto\\\/ursal-temporada-de-caca\\\/\",\"name\":\"Ursal - Temporada de Ca\u00e7a 01 - Studio Inkuma\",\"isPartOf\":{\"@id\":\"https:\\\/\\\/inkuma.com.br\\\/#website\"},\"primaryImageOfPage\":{\"@id\":\"https:\\\/\\\/inkuma.com.br\\\/produto\\\/ursal-temporada-de-caca\\\/#primaryimage\"},\"image\":{\"@id\":\"https:\\\/\\\/inkuma.com.br\\\/produto\\\/ursal-temporada-de-caca\\\/#primaryimage\"},\"thumbnailUrl\":\"https:\\\/\\\/inkuma.com.br\\\/wp-content\\\/uploads\\\/2026\\\/04\\\/capa_ursal_temporada_de_caca_01.webp\",\"datePublished\":\"2026-05-01T03:01:26+00:00\",\"dateModified\":\"2026-05-06T22:15:18+00:00\",\"description\":\"Ursal Temporada de Ca\u00e7a traz quadrinhos in\u00e9ditos, fichas exclusivas e novos inimigos para o universo do Ursal RPG. 36 p\u00e1ginas de a\u00e7\u00e3o K7punk.\",\"breadcrumb\":{\"@id\":\"https:\\\/\\\/inkuma.com.br\\\/produto\\\/ursal-temporada-de-caca\\\/#breadcrumb\"},\"inLanguage\":\"es-AR\",\"potentialAction\":[{\"@type\":\"ReadAction\",\"target\":[\"https:\\\/\\\/inkuma.com.br\\\/produto\\\/ursal-temporada-de-caca\\\/\"]}]},{\"@type\":\"ImageObject\",\"inLanguage\":\"es-AR\",\"@id\":\"https:\\\/\\\/inkuma.com.br\\\/produto\\\/ursal-temporada-de-caca\\\/#primaryimage\",\"url\":\"https:\\\/\\\/inkuma.com.br\\\/wp-content\\\/uploads\\\/2026\\\/04\\\/capa_ursal_temporada_de_caca_01.webp\",\"contentUrl\":\"https:\\\/\\\/inkuma.com.br\\\/wp-content\\\/uploads\\\/2026\\\/04\\\/capa_ursal_temporada_de_caca_01.webp\",\"width\":1400,\"height\":1400},{\"@type\":\"BreadcrumbList\",\"@id\":\"https:\\\/\\\/inkuma.com.br\\\/produto\\\/ursal-temporada-de-caca\\\/#breadcrumb\",\"itemListElement\":[{\"@type\":\"ListItem\",\"position\":1,\"name\":\"In\u00edcio\",\"item\":\"https:\\\/\\\/inkuma.com.br\\\/\"},{\"@type\":\"ListItem\",\"position\":2,\"name\":\"Produtos\",\"item\":\"https:\\\/\\\/inkuma.com.br\\\/shop\\\/\"},{\"@type\":\"ListItem\",\"position\":3,\"name\":\"Ursal &#8211; Temporada de Ca\u00e7a 01\"}]},{\"@type\":\"WebSite\",\"@id\":\"https:\\\/\\\/inkuma.com.br\\\/#website\",\"url\":\"https:\\\/\\\/inkuma.com.br\\\/\",\"name\":\"Studio Inkuma\",\"description\":\"Editora independente focada em literatura e quadrinhos LGBTQIA+ e jogos de RPG.\",\"publisher\":{\"@id\":\"https:\\\/\\\/inkuma.com.br\\\/#organization\"},\"potentialAction\":[{\"@type\":\"SearchAction\",\"target\":{\"@type\":\"EntryPoint\",\"urlTemplate\":\"https:\\\/\\\/inkuma.com.br\\\/?s={search_term_string}\"},\"query-input\":{\"@type\":\"PropertyValueSpecification\",\"valueRequired\":true,\"valueName\":\"search_term_string\"}}],\"inLanguage\":\"es-AR\"},{\"@type\":\"Organization\",\"@id\":\"https:\\\/\\\/inkuma.com.br\\\/#organization\",\"name\":\"Studio Inkuma\",\"alternateName\":\"Inkuma\",\"url\":\"https:\\\/\\\/inkuma.com.br\\\/\",\"logo\":{\"@type\":\"ImageObject\",\"inLanguage\":\"es-AR\",\"@id\":\"https:\\\/\\\/inkuma.com.br\\\/#\\\/schema\\\/logo\\\/image\\\/\",\"url\":\"https:\\\/\\\/inkuma.com.br\\\/wp-content\\\/uploads\\\/2025\\\/10\\\/logo_inkuma_circulo_branco.svg\",\"contentUrl\":\"https:\\\/\\\/inkuma.com.br\\\/wp-content\\\/uploads\\\/2025\\\/10\\\/logo_inkuma_circulo_branco.svg\",\"width\":129,\"height\":129,\"caption\":\"Studio Inkuma\"},\"image\":{\"@id\":\"https:\\\/\\\/inkuma.com.br\\\/#\\\/schema\\\/logo\\\/image\\\/\"},\"sameAs\":[\"https:\\\/\\\/www.facebook.com\\\/studioinkuma\",\"https:\\\/\\\/x.com\\\/InkumaStudio\",\"https:\\\/\\\/www.instagram.com\\\/studioinkuma\\\/\",\"https:\\\/\\\/bsky.app\\\/profile\\\/studioinkuma.bsky.social\",\"https:\\\/\\\/www.tiktok.com\\\/@INKUMASTUDIO\"]}]}<\/script>\r\n<!-- \/ Yoast SEO plugin. -->","yoast_head_json":{"title":"Ursal - Temporada de Ca\u00e7a 01 - Studio Inkuma","description":"Ursal Temporada de Ca\u00e7a traz quadrinhos in\u00e9ditos, fichas exclusivas e novos inimigos para o universo do Ursal RPG. 36 p\u00e1ginas de a\u00e7\u00e3o K7punk.","robots":{"index":"index","follow":"follow","max-snippet":"max-snippet:-1","max-image-preview":"max-image-preview:large","max-video-preview":"max-video-preview:-1"},"canonical":"https:\/\/inkuma.com.br\/es\/producto\/ursal-temporada-de-caca\/","og_locale":"es_ES","og_type":"article","og_title":"Ursal Temporada de Ca\u00e7a \u2014 Os quadrinhos do RPG brasileiro chegaram","og_description":"Todo predador tem o seu algoz. A primeira edi\u00e7\u00e3o dos quadrinhos de Ursal RPG chega com hist\u00f3ria in\u00e9dita, ficha exclusiva de Mack e os novos inimigos H.U.N.T.E.R.S prontos para a sua mesa. 36 p\u00e1ginas. Classifica\u00e7\u00e3o 18 anos.","og_url":"https:\/\/inkuma.com.br\/es\/producto\/ursal-temporada-de-caca\/","og_site_name":"Studio Inkuma","article_publisher":"https:\/\/www.facebook.com\/studioinkuma","article_modified_time":"2026-05-06T22:15:18+00:00","og_image":[{"width":1400,"height":1400,"url":"https:\/\/inkuma.com.br\/wp-content\/uploads\/2026\/04\/capa_ursal_temporada_de_caca_01.webp","type":"image\/webp"}],"twitter_card":"summary_large_image","twitter_site":"@InkumaStudio","twitter_misc":{"Tiempo de lectura":"2 minutos"},"schema":{"@context":"https:\/\/schema.org","@graph":[{"@type":"WebPage","@id":"https:\/\/inkuma.com.br\/produto\/ursal-temporada-de-caca\/","url":"https:\/\/inkuma.com.br\/produto\/ursal-temporada-de-caca\/","name":"Ursal - Temporada de Ca\u00e7a 01 - Studio Inkuma","isPartOf":{"@id":"https:\/\/inkuma.com.br\/#website"},"primaryImageOfPage":{"@id":"https:\/\/inkuma.com.br\/produto\/ursal-temporada-de-caca\/#primaryimage"},"image":{"@id":"https:\/\/inkuma.com.br\/produto\/ursal-temporada-de-caca\/#primaryimage"},"thumbnailUrl":"https:\/\/inkuma.com.br\/wp-content\/uploads\/2026\/04\/capa_ursal_temporada_de_caca_01.webp","datePublished":"2026-05-01T03:01:26+00:00","dateModified":"2026-05-06T22:15:18+00:00","description":"Ursal Temporada de Ca\u00e7a traz quadrinhos in\u00e9ditos, fichas exclusivas e novos inimigos para o universo do Ursal RPG. 36 p\u00e1ginas de a\u00e7\u00e3o K7punk.","breadcrumb":{"@id":"https:\/\/inkuma.com.br\/produto\/ursal-temporada-de-caca\/#breadcrumb"},"inLanguage":"es-AR","potentialAction":[{"@type":"ReadAction","target":["https:\/\/inkuma.com.br\/produto\/ursal-temporada-de-caca\/"]}]},{"@type":"ImageObject","inLanguage":"es-AR","@id":"https:\/\/inkuma.com.br\/produto\/ursal-temporada-de-caca\/#primaryimage","url":"https:\/\/inkuma.com.br\/wp-content\/uploads\/2026\/04\/capa_ursal_temporada_de_caca_01.webp","contentUrl":"https:\/\/inkuma.com.br\/wp-content\/uploads\/2026\/04\/capa_ursal_temporada_de_caca_01.webp","width":1400,"height":1400},{"@type":"BreadcrumbList","@id":"https:\/\/inkuma.com.br\/produto\/ursal-temporada-de-caca\/#breadcrumb","itemListElement":[{"@type":"ListItem","position":1,"name":"In\u00edcio","item":"https:\/\/inkuma.com.br\/"},{"@type":"ListItem","position":2,"name":"Produtos","item":"https:\/\/inkuma.com.br\/shop\/"},{"@type":"ListItem","position":3,"name":"Ursal &#8211; Temporada de Ca\u00e7a 01"}]},{"@type":"WebSite","@id":"https:\/\/inkuma.com.br\/#website","url":"https:\/\/inkuma.com.br\/","name":"Studio Inkuma","description":"Editora independente focada em literatura e quadrinhos LGBTQIA+ e jogos de RPG.","publisher":{"@id":"https:\/\/inkuma.com.br\/#organization"},"potentialAction":[{"@type":"SearchAction","target":{"@type":"EntryPoint","urlTemplate":"https:\/\/inkuma.com.br\/?s={search_term_string}"},"query-input":{"@type":"PropertyValueSpecification","valueRequired":true,"valueName":"search_term_string"}}],"inLanguage":"es-AR"},{"@type":"Organization","@id":"https:\/\/inkuma.com.br\/#organization","name":"Studio Inkuma","alternateName":"Inkuma","url":"https:\/\/inkuma.com.br\/","logo":{"@type":"ImageObject","inLanguage":"es-AR","@id":"https:\/\/inkuma.com.br\/#\/schema\/logo\/image\/","url":"https:\/\/inkuma.com.br\/wp-content\/uploads\/2025\/10\/logo_inkuma_circulo_branco.svg","contentUrl":"https:\/\/inkuma.com.br\/wp-content\/uploads\/2025\/10\/logo_inkuma_circulo_branco.svg","width":129,"height":129,"caption":"Studio Inkuma"},"image":{"@id":"https:\/\/inkuma.com.br\/#\/schema\/logo\/image\/"},"sameAs":["https:\/\/www.facebook.com\/studioinkuma","https:\/\/x.com\/InkumaStudio","https:\/\/www.instagram.com\/studioinkuma\/","https:\/\/bsky.app\/profile\/studioinkuma.bsky.social","https:\/\/www.tiktok.com\/@INKUMASTUDIO"]}]}},"_links":{"self":[{"href":"https:\/\/inkuma.com.br\/es\/wp-json\/wp\/v2\/product\/2297","targetHints":{"allow":["GET"]}}],"collection":[{"href":"https:\/\/inkuma.com.br\/es\/wp-json\/wp\/v2\/product"}],"about":[{"href":"https:\/\/inkuma.com.br\/es\/wp-json\/wp\/v2\/types\/product"}],"replies":[{"embeddable":true,"href":"https:\/\/inkuma.com.br\/es\/wp-json\/wp\/v2\/comments?post=2297"}],"wp:featuredmedia":[{"embeddable":true,"href":"https:\/\/inkuma.com.br\/es\/wp-json\/wp\/v2\/media\/2291"}],"wp:attachment":[{"href":"https:\/\/inkuma.com.br\/es\/wp-json\/wp\/v2\/media?parent=2297"}],"wp:term":[{"taxonomy":"product_brand","embeddable":true,"href":"https:\/\/inkuma.com.br\/es\/wp-json\/wp\/v2\/product_brand?post=2297"},{"taxonomy":"product_cat","embeddable":true,"href":"https:\/\/inkuma.com.br\/es\/wp-json\/wp\/v2\/product_cat?post=2297"},{"taxonomy":"product_tag","embeddable":true,"href":"https:\/\/inkuma.com.br\/es\/wp-json\/wp\/v2\/product_tag?post=2297"}],"curies":[{"name":"wp","href":"https:\/\/api.w.org\/{rel}","templated":true}]}}